{"id":3042,"date":"2016-03-10T12:03:25","date_gmt":"2016-03-10T10:03:25","guid":{"rendered":"https:\/\/newlook.ee\/kayttoehdot\/"},"modified":"2023-05-03T16:32:32","modified_gmt":"2023-05-03T13:32:32","slug":"kayttoehdot","status":"publish","type":"page","link":"https:\/\/newlook.ee\/fi\/kayttoehdot\/","title":{"rendered":"K\u00e4ytt\u00f6ehdot"},"content":{"rendered":"<p>N\u00e4m\u00e4 k\u00e4ytt\u00f6ehdot on hyv\u00e4ksytty 18.04.2016<\/p>\n<p>1. YLEISET M\u00c4\u00c4R\u00c4YKSET<br \/>\n1.1. N\u00e4m\u00e4 k\u00e4ytt\u00f6ehdot s\u00e4\u00e4telev\u00e4t Newlook O\u00dc:n (rekisteritunnus: 12098955, osoite: V\u00e4ike-Patarei 15-1, Tallinna) (Yhti\u00f6) ja ostoksen tehneen henkil\u00f6n (Asiakas) v\u00e4lisi\u00e4 oikeussuhteita ostaessaan ja myydess\u00e4\u00e4n yhti\u00f6n tarjoamia tuotteita. Yritys myyntiymp\u00e4rist\u00f6ss\u00e4 (verkkokauppa) www.newlook.ee .<br \/>\n1.2. N\u00e4iden ehtojen lis\u00e4ksi Viron tasavallan lait s\u00e4\u00e4telev\u00e4t verkkokaupan kautta tapahtuvassa tuotteiden jakelussa syntyvi\u00e4 oikeussuhteita.<br \/>\n1.3. Yritt\u00e4j\u00e4 voi muuttaa verkkokaupan k\u00e4ytt\u00f6ehtoja sek\u00e4 tuotteiden ja palveluiden hintoja, vastaavista muutoksista ilmoitetaan verkkokauppaymp\u00e4rist\u00f6ss\u00e4. Kauppaan sovelletaan kaupantekohetkell\u00e4 voimassa olevia ehtoja ja hintoja.<br \/>\n1.4. Tuotevalikoima, hinnat ja alennukset voivat poiketa Yritt\u00e4j\u00e4n myyntipisteen tuotevalikoimasta, hinnoista ja alennuksista.<\/p>\n<p>2. TILAUKSET<br \/>\n2.1. Valittuaan tuotteen tuotesivulta, asiakas lis\u00e4\u00e4 tuotteen ostoskoriin &#8221;Lis\u00e4\u00e4 ostoskoriin&#8221; -painikkeella.<br \/>\n2.2. Ostoskorissa olevia m\u00e4\u00e4ri\u00e4 on mahdollista muuttaa ja tuotteita poistaa ostoskorista, kunnes tuote on maksettu.<br \/>\n2.3. Suorittaaksesi tilauksen sinun tulee sy\u00f6tt\u00e4\u00e4 tarvittavat tiedot ostoskoriin, valita maksutapa ja painaa &#8221;Maksa&#8221;-painiketta.<br \/>\n2.4. Tilaus katsotaan tehdyksi &#8221;Maksa&#8221;-painikkeen painamisen j\u00e4lkeen.<br \/>\n2.5. Yritys l\u00e4hett\u00e4\u00e4 tilausvahvistusilmoituksen Asiakkaan s\u00e4hk\u00f6postiosoitteeseen.<br \/>\n2.6. Mik\u00e4li asiakkaan tilaama Tuote ei ole saatavilla, Yritys peruuttaa tilauksen. Tilauksen voi peruuttaa sek\u00e4 osittain ett\u00e4 kokonaan. Asiakkaalle ilmoitetaan v\u00e4litt\u00f6m\u00e4sti peruutetusta tilauksesta. Osittaisen peruutuksen tapauksessa Yritys voi kysy\u00e4 Asiakkaan toiveita muun tilauksen k\u00e4sittelyst\u00e4 &#8211; l\u00e4hetet\u00e4\u00e4nk\u00f6 se vai peruutetaanko se my\u00f6s.<\/p>\n<p>3. HINNAT<br \/>\n3.1. Tuotteiden hinnat on lueteltu tuotesivulla ja sis\u00e4lt\u00e4v\u00e4t Viron tasavallassa voimassa olevan arvonlis\u00e4veron 20 %.<br \/>\n3.2. Tuotteiden hintaan lis\u00e4t\u00e4\u00e4n asiakkaan tilausprosessin aikana valitsemaa toimitustapaa vastaava toimitusmaksu. Toimitustapa valitaan ja toimitusmaksu lasketaan ostoskorissa.<br \/>\n3.3. Jos alennuskoodi on olemassa, tuotealennus lasketaan alennuskoodin sy\u00f6tt\u00e4misen j\u00e4lkeen ostoskoriin.<\/p>\n<p>4. TILAUKSEEN MAKSU<br \/>\n4.1. Asiakas maksaa 100 % ennakkoon verkkoymp\u00e4rist\u00f6ss\u00e4 (verkkokaupassa) tehdyist\u00e4 ostoksista.<br \/>\n4.2. Tilaukset voidaan maksaa luottokortilla (Visa, MasterCard), Viron pankkilinkeill\u00e4 (Swedbank, SEB, Nordea, Danske, Krediidipank, LHV Pank).<br \/>\n4.3. Maksaminen tapahtuu verkkokaupan ulkopuolella suojatussa ymp\u00e4rist\u00f6ss\u00e4 &#8211; pankkilinkill\u00e4 maksettaessa kyseisen pankin suojatussa ymp\u00e4rist\u00f6ss\u00e4, luottokortilla maksettaessa Maksekeskus AS:n suojatussa ymp\u00e4rist\u00f6ss\u00e4 (http:\/\/maksekeskus.ee\/ ). Yritt\u00e4j\u00e4ll\u00e4 ei ole p\u00e4\u00e4sy\u00e4 asiakkaan pankki- ja luottokorttitietoihin.<br \/>\n4.4. Tilauksenteon ja tavaran maksamisen j\u00e4lkeen asiakas saa tilausvahvistuksen s\u00e4hk\u00f6postitse. Kun tavarat toimitetaan, l\u00e4hetykseen lis\u00e4t\u00e4\u00e4n lasku.<\/p>\n<p>5. TUOTTEIDEN TOIMITUS<br \/>\n5.1. Verkkokauppa toimittaa tuotteet Viroon.<br \/>\n5.2. Tuotteet toimitetaan asiakkaalle Omnivan (AS Eesti Post), Tahitud Maksikiri \u00c4rikirin, Omniva Pakin pakettiautomaatin ja Omniva Pakin tarjoamina palveluina kuriirin v\u00e4lityksell\u00e4.<br \/>\n5.3. Asiakas maksaa Tuotteiden toimitukseen liittyv\u00e4t kulut Ominvan vahvistaman hinnaston mukaisesti.<br \/>\n5.4. Yritt\u00e4j\u00e4 toteuttaa tilaukset eli luovuttaa tilauksen postiin l\u00e4hetett\u00e4v\u00e4ksi viimeist\u00e4\u00e4n kolmen arkip\u00e4iv\u00e4n kuluessa tilauksen vahvistamisesta. Tuotteen toimitus Asiakkaalle riippuu postipalveluista. Arvioidut toimitusajat ovat 1-3 ty\u00f6p\u00e4iv\u00e4\u00e4.<\/p>\n<p>6. TUOTTEIDEN PERUUTUS- JA PALAUTUSOIKEUS<br \/>\n6.1. Asiakkaalla on oikeus peruuttaa kauppa 14 kalenterip\u00e4iv\u00e4n kuluessa syyt\u00e4 ilmoittamatta j\u00e4tt\u00e4m\u00e4ll\u00e4 Yritt\u00e4j\u00e4lle kirjallinen peruuttamisilmoitus (postitse tai digitaalisella allekirjoituksella) tai kirjallisen j\u00e4ljent\u00e4mist\u00e4 mahdollistavassa muodossa (esim. -posti).<br \/>\n6.2. Yritys vahvistaa peruuttamisilmoituksen vastaanottamisen Asiakkaalle l\u00e4hetetyll\u00e4 ilmoituksella.<br \/>\n6.3. Asiakas on velvollinen palauttamaan tuotteen 14 kalenterip\u00e4iv\u00e4n kuluessa peruuttamisilmoituksen j\u00e4tt\u00e4misest\u00e4. Peruutusaika lasketaan p\u00e4iv\u00e4st\u00e4, jona Asiakas tai h\u00e4nen nime\u00e4m\u00e4 kolmas osapuoli, joka ei ole tavaran kuljettaja, on saanut tuotteen haltuunsa. Jos tilaus koostuu useammasta kuin yhdest\u00e4 l\u00e4hetyksest\u00e4, peruuttamisaika lasketaan siit\u00e4 p\u00e4iv\u00e4st\u00e4, jona viimeinen paketti saapuu Asiakkaalle.<br \/>\n6.4. Kaupan peruuttamisen yhteydess\u00e4 Yritys palauttaa Asiakkaalle t\u00e4m\u00e4n maksamat rahasummat, mukaan lukien maksun tuotteen toimittamisesta Asiakkaalle, siirt\u00e4m\u00e4ll\u00e4 palautetun summan Asiakkaan pankkitilille viimeist\u00e4\u00e4n 14 p\u00e4iv\u00e4n kuluessa peruuttamisesta. tuote on saapunut yritykseen tai saatuaan Asiakkaan toimittaman todistuksen tuotteen palautuksesta. Yritt\u00e4j\u00e4ll\u00e4 on oikeus lyk\u00e4t\u00e4 maksettujen summien palauttamista, kunnes Asiakas on palauttanut tuotteen tai toimittanut todistuksen tuotteen luovuttamisesta postiviranomaiselle palautusta varten. Peruuttamisoikeutta k\u00e4ytt\u00e4ess\u00e4\u00e4n Asiakas vastaa kaikista tuotteen palauttamiseen liittyvist\u00e4 v\u00e4litt\u00f6mist\u00e4 kustannuksista.<br \/>\n6.6. Mik\u00e4li Asiakas haluaa vaihtaa tai vaihtaa Tuotteen, Asiakkaan tulee t\u00e4ytt\u00e4\u00e4 Tuotteen ja laskun mukana toimitettu palautuslomake. Tuotteen vaihdon tai vaihdon yhteydess\u00e4 asiakas vastaa kaikista tuotteen palauttamiseen liittyvist\u00e4 v\u00e4litt\u00f6mist\u00e4 kustannuksista, ellei palautettava tuote vastaa tilattua.<br \/>\n6.7. Tuotteen palautuksen ja vaihdon edellytyksen\u00e4 on t\u00e4ysin k\u00e4ytt\u00e4m\u00e4t\u00f6n tuote, jossa on viel\u00e4 kaikki l\u00e4hetyksen mukana tulleet tarrat ja muut asiakirjat, mukaan lukien Asiakkaalle l\u00e4hetetty lasku.<\/p>\n<p>7. VAATIMUSTEN ESITT\u00c4MINEN<br \/>\n7.1. Yritys vastaa tuotteiden vaatimustenvastaisuudesta ja virheist\u00e4 2 vuoden kuluessa siit\u00e4, kun asiakas on vastaanottanut tuotteet.<br \/>\n7.2. Havaittuaan tuotteen vaatimustenvastaisuuden tai virheen asiakas sitoutuu ilmoittamaan siit\u00e4 Yhti\u00f6lle v\u00e4litt\u00f6m\u00e4sti, mutta viimeist\u00e4\u00e4n 2 viikon kuluessa virheest\u00e4 tiedoksisaannista, l\u00e4hett\u00e4m\u00e4ll\u00e4 asiaankuuluvat tiedot s\u00e4hk\u00f6postiosoitteeseen info@newlook .ee tai kirjallisesti Newlook O\u00dc:n kaupparekisteriin merkittyyn osoitteeseen.<br \/>\n7.3. Sopimattomasta tai viallisesta tuotteesta Asiakkaalla on oikeus vaatia Yritt\u00e4j\u00e4lt\u00e4 velvoitteensa t\u00e4ytt\u00e4mist\u00e4, peruuttaa sopimus tai purkaa sopimus ja vaatia vahingonkorvausta, hinnanalennusta, ja jos taloudellisen velvoitteen t\u00e4ytt\u00e4minen viiv\u00e4styy, vaatia viiv\u00e4styst\u00e4.<br \/>\n7.4. Tuotteen vaatimustenvastaisuuden tai virheen sattuessa Asiakkaalla on oikeus vaatia ensin tuotteen vaihtamista vaatimukset t\u00e4ytt\u00e4v\u00e4\u00e4n ja virheett\u00f6m\u00e4\u00e4n tuotteeseen tai palauttaa tuote Yhti\u00f6n kustannuksella. Asiakkaalla on oikeus vaatia tuotteen kauppahinnan alentamista tai sopimuksen purkamista ja tuotteesta maksettujen summien takaisinperint\u00e4\u00e4, jos:<br \/>\n\u2022 Yritys ei voi vaihtaa tuotetta tai<br \/>\n\u2022tuotteen vaihto ep\u00e4onnistuu tai<br \/>\n\u2022 Yritys ei ole poistanut tuotteen virhett\u00e4 kohtuullisessa ajassa.<br \/>\n7.5. Mik\u00e4li palautetaan tuote, joka ei t\u00e4yt\u00e4 vaatimuksia, asiakkaalle palautetaan tuotteesta maksettu summa toimituskuluineen Asiakkaan ilmoittamalle pankkitilille viimeist\u00e4\u00e4n 14 p\u00e4iv\u00e4n kuluessa. Yritt\u00e4j\u00e4ll\u00e4 on oikeus lyk\u00e4t\u00e4 maksettujen summien palauttamista, kunnes Asiakas on palauttanut k\u00e4siss\u00e4\u00e4n olevan tuotteen tai toimittanut todistuksen tuotteen luovuttamisesta postilaitokselle palautusta varten.<br \/>\n7.6. Yritys ei korvaa Asiakkaalle aiheutuneita kustannuksia tuotteen vaatimustenvastaisuudesta tai virheist\u00e4 eik\u00e4 vastaa niist\u00e4, jos:<br \/>\n7.6.1. Tuotteen arvo on laskenut\/tuote on vaurioitunut Asiakkaan tuottamuksesta;<br \/>\n7.6.2. Viat ovat syntyneet tuotteen ei-tarkoituksenmukaisesta k\u00e4yt\u00f6st\u00e4;<br \/>\n7.6.3. Ostotodistusta ei ole.<br \/>\n7.7. Mik\u00e4li asiakkaan ja yrityksen v\u00e4lill\u00e4 on syntynyt erimielisyyksi\u00e4 tuotteen virheist\u00e4, asiakkaalla on oikeus hakea muutosta yritykseen ja ilmoittaa nimens\u00e4 ja yhteystietonsa, valituksen p\u00e4iv\u00e4m\u00e4\u00e4r\u00e4, virhe. tuotteessa ja oma haluttu ratkaisu. Yritt\u00e4j\u00e4 vastaa Asiakkaan valitukseen kirjallisesti tai kirjallisen j\u00e4ljent\u00e4misen mahdollistavassa muodossa (s\u00e4hk\u00f6posti) 15 p\u00e4iv\u00e4n kuluessa.<br \/>\n7.8. Mik\u00e4li Asiakas ja Yritys eiv\u00e4t p\u00e4\u00e4se sopimukseen erimielisyydest\u00e4 ja riidanalaisen tuotteen arvo on v\u00e4hint\u00e4\u00e4n 30 euroa, Asiakkaalla on oikeus k\u00e4\u00e4nty\u00e4 kuluttajansuojalautakunnan yhteydess\u00e4 toimivan kuluttajariitalautakunnan puoleen. Viroa riidan ratkaisemiseksi tuomioistuimen ulkopuolelta. Valituksen k\u00e4sittely Kuluttajariitalautakunnassa on osapuolille maksutonta. Viron tasavallan lakeja k\u00e4ytet\u00e4\u00e4n Viron riitojen ratkaisemiseen kuluttajansuojalautakunnassa.<br \/>\n7.9. Jos osapuolet ovat eri mielt\u00e4 komission p\u00e4\u00e4t\u00f6ksest\u00e4, niill\u00e4 on oikeus hakea muutosta siihen l\u00e4\u00e4ninoikeuteen, jossa Yritt\u00e4j\u00e4 sijaitsee.<\/p>\n<p>8. HENKIL\u00d6TIETOJEN K\u00c4SITTELY<br \/>\n8.1. Verkkokaupan tilausymp\u00e4rist\u00f6\u00f6n tallennettuja tietoja Asiakkaasta ja h\u00e4nen tilauksistaan \u200b\u200bk\u00e4sitell\u00e4\u00e4n luottamuksellisina tietoina. Yhti\u00f6 ei luovuta saamiaan tietoja kolmansille osapuolille.<br \/>\n8.2. Asiakkaan ja pankkien ja korttimaksukeskuksen v\u00e4linen tietoliikenne on salattua, mik\u00e4 varmistaa Asiakkaan henkil\u00f6tietojen ja pankkitietojen turvallisuuden. Yritt\u00e4j\u00e4ll\u00e4 ei ole p\u00e4\u00e4sy\u00e4 Asiakkaan luottamuksellisiin pankki- ja maksukorttitietoihin.<br \/>\n8.3. Asiakkaan Yritykselle oston yhteydess\u00e4 antamat henkil\u00f6tiedot on suojattu ja niit\u00e4 k\u00e4sitell\u00e4\u00e4n henkil\u00f6tietolain vaatimusten mukaisesti. Henkil\u00f6tietoja ker\u00e4t\u00e4\u00e4n ja k\u00e4sitell\u00e4\u00e4n seuraaviin tarkoituksiin: ostoanalyysien ja yhteenvetojen tekemiseen, tarjousten tekemiseen Asiakkaalle sek\u00e4 asiakastyytyv\u00e4isyyskyselyjen j\u00e4rjest\u00e4miseen.<br \/>\n8.4. Asiakkaan henkil\u00f6tietoja k\u00e4sittelee Newlook O\u00dc (rekisterikoodi: 12098955, osoite: V\u00e4ike-Patarei 15-1, 10415 Tallinna).<br \/>\n8.5. Newlook O\u00dc voi valtuuttaa muita oikeushenkil\u00f6it\u00e4 (valtuutettu k\u00e4sittelij\u00e4) k\u00e4sittelem\u00e4\u00e4n henkil\u00f6tietoja edellytt\u00e4en, ett\u00e4 t\u00e4llaisen k\u00e4sittelij\u00e4n kanssa on tehty sopimus, jonka mukaan valtuutettu k\u00e4sittelij\u00e4 on velvollinen pit\u00e4m\u00e4\u00e4n k\u00e4sitelt\u00e4v\u00e4t henkil\u00f6tiedot luottamuksellisina ja varmistamaan henkil\u00f6tietojen suojan. tiedot laissa s\u00e4\u00e4dettyjen vaatimusten mukaisesti.<br \/>\n8.6. Newlook O\u00dc toimittaa Asiakkaan k\u00e4ytt\u00f6\u00f6n asianomaisen luettelon juridisista henkil\u00f6ist\u00e4 Asiakkaan pyynn\u00f6st\u00e4, joka toimitetaan digitaalisesti allekirjoitettuna osoitteeseen info@newlook.ee.<\/p>\n","protected":false},"excerpt":{"rendered":"<p>N\u00e4m\u00e4 k\u00e4ytt\u00f6ehdot on hyv\u00e4ksytty 18.04.2016 1. YLEISET M\u00c4\u00c4R\u00c4YKSET 1.1. N\u00e4m\u00e4 k\u00e4ytt\u00f6ehdot s\u00e4\u00e4telev\u00e4t Newlook O\u00dc:n (rekisteritunnus: 12098955, osoite: V\u00e4ike-Patarei 15-1, Tallinna) (Yhti\u00f6) ja ostoksen tehneen henkil\u00f6n (Asiakas) v\u00e4lisi\u00e4 oikeussuhteita ostaessaan ja myydess\u00e4\u00e4n yhti\u00f6n tarjoamia tuotteita. Yritys myyntiymp\u00e4rist\u00f6ss\u00e4 (verkkokauppa) www.newlook.ee . 1.2. N\u00e4iden ehtojen lis\u00e4ksi Viron tasavallan lait s\u00e4\u00e4telev\u00e4t verkkokaupan kautta tapahtuvassa tuotteiden jakelussa syntyvi\u00e4 oikeussuhteita. 1.3. [&hellip;]<\/p>\n","protected":false},"author":1,"featured_media":0,"parent":0,"menu_order":22,"comment_status":"closed","ping_status":"closed","template":"","meta":{"_acf_changed":false,"inline_featured_image":false,"footnotes":""},"acf":[],"yoast_head":"<!-- This site is optimized with the Yoast SEO plugin v22.0 - https:\/\/yoast.com\/wordpress\/plugins\/seo\/ -->\n<title>K\u00e4ytt\u00f6ehdot - New Look<\/title>\n<meta name=\"robots\" content=\"index, follow, max-snippet:-1, max-image-preview:large, max-video-preview:-1\" \/>\n<link rel=\"canonical\" href=\"https:\/\/newlook.ee\/fi\/kayttoehdot\/\" \/>\n<meta property=\"og:locale\" content=\"fi_FI\" \/>\n<meta property=\"og:type\" content=\"article\" \/>\n<meta property=\"og:title\" content=\"K\u00e4ytt\u00f6ehdot - New Look\" \/>\n<meta property=\"og:description\" content=\"N\u00e4m\u00e4 k\u00e4ytt\u00f6ehdot on hyv\u00e4ksytty 18.04.2016 1. YLEISET M\u00c4\u00c4R\u00c4YKSET 1.1. N\u00e4m\u00e4 k\u00e4ytt\u00f6ehdot s\u00e4\u00e4telev\u00e4t Newlook O\u00dc:n (rekisteritunnus: 12098955, osoite: V\u00e4ike-Patarei 15-1, Tallinna) (Yhti\u00f6) ja ostoksen tehneen henkil\u00f6n (Asiakas) v\u00e4lisi\u00e4 oikeussuhteita ostaessaan ja myydess\u00e4\u00e4n yhti\u00f6n tarjoamia tuotteita. Yritys myyntiymp\u00e4rist\u00f6ss\u00e4 (verkkokauppa) www.newlook.ee . 1.2. N\u00e4iden ehtojen lis\u00e4ksi Viron tasavallan lait s\u00e4\u00e4telev\u00e4t verkkokaupan kautta tapahtuvassa tuotteiden jakelussa syntyvi\u00e4 oikeussuhteita. 1.3. [&hellip;]\" \/>\n<meta property=\"og:url\" content=\"https:\/\/newlook.ee\/fi\/kayttoehdot\/\" \/>\n<meta property=\"og:site_name\" content=\"New Look\" \/>\n<meta property=\"article:modified_time\" content=\"2023-05-03T13:32:32+00:00\" \/>\n<meta property=\"og:image\" content=\"https:\/\/newlook.ee\/wp-content\/uploads\/2023\/04\/cropped-Favicon-1.png\" \/>\n\t<meta property=\"og:image:width\" content=\"512\" \/>\n\t<meta property=\"og:image:height\" content=\"512\" \/>\n\t<meta property=\"og:image:type\" content=\"image\/png\" \/>\n<meta name=\"twitter:card\" content=\"summary_large_image\" \/>\n<meta name=\"twitter:label1\" content=\"Arvioitu lukuaika\" \/>\n\t<meta name=\"twitter:data1\" content=\"6 minuuttia\" \/>\n<script type=\"application\/ld+json\" class=\"yoast-schema-graph\">{\"@context\":\"https:\/\/schema.org\",\"@graph\":[{\"@type\":\"WebPage\",\"@id\":\"https:\/\/newlook.ee\/fi\/kayttoehdot\/\",\"url\":\"https:\/\/newlook.ee\/fi\/kayttoehdot\/\",\"name\":\"K\u00e4ytt\u00f6ehdot - New Look\",\"isPartOf\":{\"@id\":\"https:\/\/newlook.ee\/fi\/#website\"},\"datePublished\":\"2016-03-10T10:03:25+00:00\",\"dateModified\":\"2023-05-03T13:32:32+00:00\",\"breadcrumb\":{\"@id\":\"https:\/\/newlook.ee\/fi\/kayttoehdot\/#breadcrumb\"},\"inLanguage\":\"fi\",\"potentialAction\":[{\"@type\":\"ReadAction\",\"target\":[\"https:\/\/newlook.ee\/fi\/kayttoehdot\/\"]}]},{\"@type\":\"BreadcrumbList\",\"@id\":\"https:\/\/newlook.ee\/fi\/kayttoehdot\/#breadcrumb\",\"itemListElement\":[{\"@type\":\"ListItem\",\"position\":1,\"name\":\"Home\",\"item\":\"https:\/\/newlook.ee\/fi\/\"},{\"@type\":\"ListItem\",\"position\":2,\"name\":\"K\u00e4ytt\u00f6ehdot\"}]},{\"@type\":\"WebSite\",\"@id\":\"https:\/\/newlook.ee\/fi\/#website\",\"url\":\"https:\/\/newlook.ee\/fi\/\",\"name\":\"New Look\",\"description\":\"\",\"publisher\":{\"@id\":\"https:\/\/newlook.ee\/fi\/#organization\"},\"potentialAction\":[{\"@type\":\"SearchAction\",\"target\":{\"@type\":\"EntryPoint\",\"urlTemplate\":\"https:\/\/newlook.ee\/fi\/?s={search_term_string}\"},\"query-input\":\"required name=search_term_string\"}],\"inLanguage\":\"fi\"},{\"@type\":\"Organization\",\"@id\":\"https:\/\/newlook.ee\/fi\/#organization\",\"name\":\"New Look\",\"url\":\"https:\/\/newlook.ee\/fi\/\",\"logo\":{\"@type\":\"ImageObject\",\"inLanguage\":\"fi\",\"@id\":\"https:\/\/newlook.ee\/fi\/#\/schema\/logo\/image\/\",\"url\":\"https:\/\/newlook.ee\/wp-content\/uploads\/2023\/04\/cropped-Favicon-1.png\",\"contentUrl\":\"https:\/\/newlook.ee\/wp-content\/uploads\/2023\/04\/cropped-Favicon-1.png\",\"width\":512,\"height\":512,\"caption\":\"New Look\"},\"image\":{\"@id\":\"https:\/\/newlook.ee\/fi\/#\/schema\/logo\/image\/\"}}]}<\/script>\n<!-- \/ Yoast SEO plugin. -->","yoast_head_json":{"title":"K\u00e4ytt\u00f6ehdot - New Look","robots":{"index":"index","follow":"follow","max-snippet":"max-snippet:-1","max-image-preview":"max-image-preview:large","max-video-preview":"max-video-preview:-1"},"canonical":"https:\/\/newlook.ee\/fi\/kayttoehdot\/","og_locale":"fi_FI","og_type":"article","og_title":"K\u00e4ytt\u00f6ehdot - New Look","og_description":"N\u00e4m\u00e4 k\u00e4ytt\u00f6ehdot on hyv\u00e4ksytty 18.04.2016 1. YLEISET M\u00c4\u00c4R\u00c4YKSET 1.1. N\u00e4m\u00e4 k\u00e4ytt\u00f6ehdot s\u00e4\u00e4telev\u00e4t Newlook O\u00dc:n (rekisteritunnus: 12098955, osoite: V\u00e4ike-Patarei 15-1, Tallinna) (Yhti\u00f6) ja ostoksen tehneen henkil\u00f6n (Asiakas) v\u00e4lisi\u00e4 oikeussuhteita ostaessaan ja myydess\u00e4\u00e4n yhti\u00f6n tarjoamia tuotteita. Yritys myyntiymp\u00e4rist\u00f6ss\u00e4 (verkkokauppa) www.newlook.ee . 1.2. N\u00e4iden ehtojen lis\u00e4ksi Viron tasavallan lait s\u00e4\u00e4telev\u00e4t verkkokaupan kautta tapahtuvassa tuotteiden jakelussa syntyvi\u00e4 oikeussuhteita. 1.3. [&hellip;]","og_url":"https:\/\/newlook.ee\/fi\/kayttoehdot\/","og_site_name":"New Look","article_modified_time":"2023-05-03T13:32:32+00:00","og_image":[{"width":512,"height":512,"url":"https:\/\/newlook.ee\/wp-content\/uploads\/2023\/04\/cropped-Favicon-1.png","type":"image\/png"}],"twitter_card":"summary_large_image","twitter_misc":{"Arvioitu lukuaika":"6 minuuttia"},"schema":{"@context":"https:\/\/schema.org","@graph":[{"@type":"WebPage","@id":"https:\/\/newlook.ee\/fi\/kayttoehdot\/","url":"https:\/\/newlook.ee\/fi\/kayttoehdot\/","name":"K\u00e4ytt\u00f6ehdot - New Look","isPartOf":{"@id":"https:\/\/newlook.ee\/fi\/#website"},"datePublished":"2016-03-10T10:03:25+00:00","dateModified":"2023-05-03T13:32:32+00:00","breadcrumb":{"@id":"https:\/\/newlook.ee\/fi\/kayttoehdot\/#breadcrumb"},"inLanguage":"fi","potentialAction":[{"@type":"ReadAction","target":["https:\/\/newlook.ee\/fi\/kayttoehdot\/"]}]},{"@type":"BreadcrumbList","@id":"https:\/\/newlook.ee\/fi\/kayttoehdot\/#breadcrumb","itemListElement":[{"@type":"ListItem","position":1,"name":"Home","item":"https:\/\/newlook.ee\/fi\/"},{"@type":"ListItem","position":2,"name":"K\u00e4ytt\u00f6ehdot"}]},{"@type":"WebSite","@id":"https:\/\/newlook.ee\/fi\/#website","url":"https:\/\/newlook.ee\/fi\/","name":"New Look","description":"","publisher":{"@id":"https:\/\/newlook.ee\/fi\/#organization"},"potentialAction":[{"@type":"SearchAction","target":{"@type":"EntryPoint","urlTemplate":"https:\/\/newlook.ee\/fi\/?s={search_term_string}"},"query-input":"required name=search_term_string"}],"inLanguage":"fi"},{"@type":"Organization","@id":"https:\/\/newlook.ee\/fi\/#organization","name":"New Look","url":"https:\/\/newlook.ee\/fi\/","logo":{"@type":"ImageObject","inLanguage":"fi","@id":"https:\/\/newlook.ee\/fi\/#\/schema\/logo\/image\/","url":"https:\/\/newlook.ee\/wp-content\/uploads\/2023\/04\/cropped-Favicon-1.png","contentUrl":"https:\/\/newlook.ee\/wp-content\/uploads\/2023\/04\/cropped-Favicon-1.png","width":512,"height":512,"caption":"New Look"},"image":{"@id":"https:\/\/newlook.ee\/fi\/#\/schema\/logo\/image\/"}}]}},"_links":{"self":[{"href":"https:\/\/newlook.ee\/fi\/wp-json\/wp\/v2\/pages\/3042"}],"collection":[{"href":"https:\/\/newlook.ee\/fi\/wp-json\/wp\/v2\/pages"}],"about":[{"href":"https:\/\/newlook.ee\/fi\/wp-json\/wp\/v2\/types\/page"}],"author":[{"embeddable":true,"href":"https:\/\/newlook.ee\/fi\/wp-json\/wp\/v2\/users\/1"}],"replies":[{"embeddable":true,"href":"https:\/\/newlook.ee\/fi\/wp-json\/wp\/v2\/comments?post=3042"}],"version-history":[{"count":1,"href":"https:\/\/newlook.ee\/fi\/wp-json\/wp\/v2\/pages\/3042\/revisions"}],"predecessor-version":[{"id":3043,"href":"https:\/\/newlook.ee\/fi\/wp-json\/wp\/v2\/pages\/3042\/revisions\/3043"}],"wp:attachment":[{"href":"https:\/\/newlook.ee\/fi\/wp-json\/wp\/v2\/media?parent=3042"}],"curies":[{"name":"wp","href":"https:\/\/api.w.org\/{rel}","templated":true}]}}