{"id":2925,"date":"2021-01-25T16:39:07","date_gmt":"2021-01-25T14:39:07","guid":{"rendered":"https:\/\/newlook.ee\/toode\/renophase-renewpeel-mousse-nettoyante\/"},"modified":"2025-12-01T00:07:57","modified_gmt":"2025-11-30T22:07:57","slug":"renewpeel-mousse-nettoyante","status":"publish","type":"product","link":"https:\/\/newlook.ee\/fi\/toode\/renewpeel-mousse-nettoyante\/","title":{"rendered":"Renophase Renewpeel Mousse Nettoyante"},"content":{"rendered":"<p>Tehokas puhdistava ja kuoriva vaahto, poistaa iholta ylim\u00e4\u00e4r\u00e4isen rasvan, s\u00e4\u00e4t\u00e4\u00e4 ihon sarveistumista ja talirauhasten toimintaa, puhdistaa meikin ja lian. Vaahto voi aiheuttaa liev\u00e4\u00e4 ihon kirvely\u00e4. <\/p>\n<p>\u00c4l\u00e4 k\u00e4yt\u00e4 \u00e4rtyneelle iholle ja silm\u00e4meikin puhdistamiseen.<br \/>\nVaahdolla puhdistuksen j\u00e4lkeen iho tuntuu huomattavan puhtaammalta, pehme\u00e4mm\u00e4lt\u00e4 ja mattapintaisemmalta.<\/p>\n<p><strong>Sopii:<\/strong> Normaalille, rasvaiselle ja akneiholle. Sopii akneiholle, pseudofollikuliitin, hyperkeratoosin ja seborrooisen keratoosin hoitoon. <\/p>\n<p><strong>M\u00e4\u00e4r\u00e4:<\/strong> 150 ml<\/p>\n","protected":false},"excerpt":{"rendered":"<p>NUORTEN SUOSIKKI! Antibakteerinen ja kuoriva puhdistusvaahto rasvaiselle ja ongelmalliselle iholle. <\/p>\n","protected":false},"featured_media":2828,"comment_status":"closed","ping_status":"closed","template":"","meta":{"_acf_changed":false,"inline_featured_image":false},"product_cat":[58,59],"product_tag":[],"acf":[],"yoast_head":"<!-- This site is optimized with the Yoast SEO plugin v22.0 - https:\/\/yoast.com\/wordpress\/plugins\/seo\/ -->\n<title>Renophase Renewpeel Mousse Nettoyante - New Look<\/title>\n<meta name=\"robots\" content=\"index, follow, max-snippet:-1, max-image-preview:large, max-video-preview:-1\" \/>\n<link rel=\"canonical\" href=\"https:\/\/newlook.ee\/fi\/toode\/renewpeel-mousse-nettoyante\/\" \/>\n<meta property=\"og:locale\" content=\"fi_FI\" \/>\n<meta property=\"og:type\" content=\"article\" \/>\n<meta property=\"og:title\" content=\"Renophase Renewpeel Mousse Nettoyante - New Look\" \/>\n<meta property=\"og:description\" content=\"NUORTEN SUOSIKKI! Antibakteerinen ja kuoriva puhdistusvaahto rasvaiselle ja ongelmalliselle iholle.\" \/>\n<meta property=\"og:url\" content=\"https:\/\/newlook.ee\/fi\/toode\/renewpeel-mousse-nettoyante\/\" \/>\n<meta property=\"og:site_name\" content=\"New Look\" \/>\n<meta property=\"article:modified_time\" content=\"2025-11-30T22:07:57+00:00\" \/>\n<meta property=\"og:image\" content=\"https:\/\/newlook.ee\/wp-content\/uploads\/2021\/01\/Gel-nettoyant-v2-fond-blanc.png\" \/>\n\t<meta property=\"og:image:width\" content=\"4134\" \/>\n\t<meta property=\"og:image:height\" content=\"3100\" \/>\n\t<meta property=\"og:image:type\" content=\"image\/png\" \/>\n<meta name=\"twitter:card\" content=\"summary_large_image\" \/>\n<script type=\"application\/ld+json\" class=\"yoast-schema-graph\">{\"@context\":\"https:\/\/schema.org\",\"@graph\":[{\"@type\":\"WebPage\",\"@id\":\"https:\/\/newlook.ee\/fi\/toode\/renewpeel-mousse-nettoyante\/\",\"url\":\"https:\/\/newlook.ee\/fi\/toode\/renewpeel-mousse-nettoyante\/\",\"name\":\"Renophase Renewpeel Mousse Nettoyante - New Look\",\"isPartOf\":{\"@id\":\"https:\/\/newlook.ee\/fi\/#website\"},\"datePublished\":\"2021-01-25T14:39:07+00:00\",\"dateModified\":\"2025-11-30T22:07:57+00:00\",\"breadcrumb\":{\"@id\":\"https:\/\/newlook.ee\/fi\/toode\/renewpeel-mousse-nettoyante\/#breadcrumb\"},\"inLanguage\":\"fi\",\"potentialAction\":[{\"@type\":\"ReadAction\",\"target\":[\"https:\/\/newlook.ee\/fi\/toode\/renewpeel-mousse-nettoyante\/\"]}]},{\"@type\":\"BreadcrumbList\",\"@id\":\"https:\/\/newlook.ee\/fi\/toode\/renewpeel-mousse-nettoyante\/#breadcrumb\",\"itemListElement\":[{\"@type\":\"ListItem\",\"position\":1,\"name\":\"Home\",\"item\":\"https:\/\/newlook.ee\/fi\/\"},{\"@type\":\"ListItem\",\"position\":2,\"name\":\"Verkkokauppa\",\"item\":\"https:\/\/newlook.ee\/fi\/verkkokauppa\/\"},{\"@type\":\"ListItem\",\"position\":3,\"name\":\"Renophase Renewpeel Mousse Nettoyante\"}]},{\"@type\":\"WebSite\",\"@id\":\"https:\/\/newlook.ee\/fi\/#website\",\"url\":\"https:\/\/newlook.ee\/fi\/\",\"name\":\"New Look\",\"description\":\"\",\"publisher\":{\"@id\":\"https:\/\/newlook.ee\/fi\/#organization\"},\"potentialAction\":[{\"@type\":\"SearchAction\",\"target\":{\"@type\":\"EntryPoint\",\"urlTemplate\":\"https:\/\/newlook.ee\/fi\/?s={search_term_string}\"},\"query-input\":\"required name=search_term_string\"}],\"inLanguage\":\"fi\"},{\"@type\":\"Organization\",\"@id\":\"https:\/\/newlook.ee\/fi\/#organization\",\"name\":\"New Look\",\"url\":\"https:\/\/newlook.ee\/fi\/\",\"logo\":{\"@type\":\"ImageObject\",\"inLanguage\":\"fi\",\"@id\":\"https:\/\/newlook.ee\/fi\/#\/schema\/logo\/image\/\",\"url\":\"https:\/\/newlook.ee\/wp-content\/uploads\/2023\/04\/cropped-Favicon-1.png\",\"contentUrl\":\"https:\/\/newlook.ee\/wp-content\/uploads\/2023\/04\/cropped-Favicon-1.png\",\"width\":512,\"height\":512,\"caption\":\"New Look\"},\"image\":{\"@id\":\"https:\/\/newlook.ee\/fi\/#\/schema\/logo\/image\/\"}}]}<\/script>\n<!-- \/ Yoast SEO plugin. -->","yoast_head_json":{"title":"Renophase Renewpeel Mousse Nettoyante - New Look","robots":{"index":"index","follow":"follow","max-snippet":"max-snippet:-1","max-image-preview":"max-image-preview:large","max-video-preview":"max-video-preview:-1"},"canonical":"https:\/\/newlook.ee\/fi\/toode\/renewpeel-mousse-nettoyante\/","og_locale":"fi_FI","og_type":"article","og_title":"Renophase Renewpeel Mousse Nettoyante - New Look","og_description":"NUORTEN SUOSIKKI! Antibakteerinen ja kuoriva puhdistusvaahto rasvaiselle ja ongelmalliselle iholle.","og_url":"https:\/\/newlook.ee\/fi\/toode\/renewpeel-mousse-nettoyante\/","og_site_name":"New Look","article_modified_time":"2025-11-30T22:07:57+00:00","og_image":[{"width":4134,"height":3100,"url":"https:\/\/newlook.ee\/wp-content\/uploads\/2021\/01\/Gel-nettoyant-v2-fond-blanc.png","type":"image\/png"}],"twitter_card":"summary_large_image","schema":{"@context":"https:\/\/schema.org","@graph":[{"@type":"WebPage","@id":"https:\/\/newlook.ee\/fi\/toode\/renewpeel-mousse-nettoyante\/","url":"https:\/\/newlook.ee\/fi\/toode\/renewpeel-mousse-nettoyante\/","name":"Renophase Renewpeel Mousse Nettoyante - New Look","isPartOf":{"@id":"https:\/\/newlook.ee\/fi\/#website"},"datePublished":"2021-01-25T14:39:07+00:00","dateModified":"2025-11-30T22:07:57+00:00","breadcrumb":{"@id":"https:\/\/newlook.ee\/fi\/toode\/renewpeel-mousse-nettoyante\/#breadcrumb"},"inLanguage":"fi","potentialAction":[{"@type":"ReadAction","target":["https:\/\/newlook.ee\/fi\/toode\/renewpeel-mousse-nettoyante\/"]}]},{"@type":"BreadcrumbList","@id":"https:\/\/newlook.ee\/fi\/toode\/renewpeel-mousse-nettoyante\/#breadcrumb","itemListElement":[{"@type":"ListItem","position":1,"name":"Home","item":"https:\/\/newlook.ee\/fi\/"},{"@type":"ListItem","position":2,"name":"Verkkokauppa","item":"https:\/\/newlook.ee\/fi\/verkkokauppa\/"},{"@type":"ListItem","position":3,"name":"Renophase Renewpeel Mousse Nettoyante"}]},{"@type":"WebSite","@id":"https:\/\/newlook.ee\/fi\/#website","url":"https:\/\/newlook.ee\/fi\/","name":"New Look","description":"","publisher":{"@id":"https:\/\/newlook.ee\/fi\/#organization"},"potentialAction":[{"@type":"SearchAction","target":{"@type":"EntryPoint","urlTemplate":"https:\/\/newlook.ee\/fi\/?s={search_term_string}"},"query-input":"required name=search_term_string"}],"inLanguage":"fi"},{"@type":"Organization","@id":"https:\/\/newlook.ee\/fi\/#organization","name":"New Look","url":"https:\/\/newlook.ee\/fi\/","logo":{"@type":"ImageObject","inLanguage":"fi","@id":"https:\/\/newlook.ee\/fi\/#\/schema\/logo\/image\/","url":"https:\/\/newlook.ee\/wp-content\/uploads\/2023\/04\/cropped-Favicon-1.png","contentUrl":"https:\/\/newlook.ee\/wp-content\/uploads\/2023\/04\/cropped-Favicon-1.png","width":512,"height":512,"caption":"New Look"},"image":{"@id":"https:\/\/newlook.ee\/fi\/#\/schema\/logo\/image\/"}}]}},"_links":{"self":[{"href":"https:\/\/newlook.ee\/fi\/wp-json\/wp\/v2\/product\/2925"}],"collection":[{"href":"https:\/\/newlook.ee\/fi\/wp-json\/wp\/v2\/product"}],"about":[{"href":"https:\/\/newlook.ee\/fi\/wp-json\/wp\/v2\/types\/product"}],"replies":[{"embeddable":true,"href":"https:\/\/newlook.ee\/fi\/wp-json\/wp\/v2\/comments?post=2925"}],"wp:featuredmedia":[{"embeddable":true,"href":"https:\/\/newlook.ee\/fi\/wp-json\/wp\/v2\/media\/2828"}],"wp:attachment":[{"href":"https:\/\/newlook.ee\/fi\/wp-json\/wp\/v2\/media?parent=2925"}],"wp:term":[{"taxonomy":"product_cat","embeddable":true,"href":"https:\/\/newlook.ee\/fi\/wp-json\/wp\/v2\/product_cat?post=2925"},{"taxonomy":"product_tag","embeddable":true,"href":"https:\/\/newlook.ee\/fi\/wp-json\/wp\/v2\/product_tag?post=2925"}],"curies":[{"name":"wp","href":"https:\/\/api.w.org\/{rel}","templated":true}]}}