{"id":2926,"date":"2016-03-23T21:07:38","date_gmt":"2016-03-23T19:07:38","guid":{"rendered":"https:\/\/newlook.ee\/toode\/renophase-gel-nettoyant-equilibrant-vuosien-2019-ja-2017-viron-paras-puhdistustuote\/"},"modified":"2016-03-23T21:07:38","modified_gmt":"2016-03-23T19:07:38","slug":"gel-nettoyant-equilibrant","status":"publish","type":"product","link":"https:\/\/newlook.ee\/fi\/toode\/gel-nettoyant-equilibrant\/","title":{"rendered":"Renophase Gel Nettoyant Equilibrant ( VUOSIEN 2019 ja 2017 VIRON PARAS PUHDISTUSTUOTE)"},"content":{"rendered":"<p><span style=\"font-size: 1.6rem;\">Rasvainen iho tuottaa runsaasti rasvaa, joka saattaa ker\u00e4\u00e4nty\u00e4 ja aiheuttaa erilaisia iho-ongelmia. Iho on perusteellisesti puhdistettava s\u00e4ilytt\u00e4\u00e4ksesi sen terveen\u00e4 ja kirkkaana. Puhdistusgeeli kuorii ja suojaa ylim\u00e4\u00e4r\u00e4isen rasvan muodostumiselta, s\u00e4\u00e4t\u00e4\u00e4 sarveistumista ja talirauhasten toimintaa. Puhdistaa meikin ja lian. Geelin k\u00e4yt\u00f6n yhteydess\u00e4 voi esiinty\u00e4 liev\u00e4\u00e4 ihon kirvely\u00e4.   <\/span><\/p>\n<p><strong>Sopii:<\/strong> Normaalille, rasvaiselle ja akneiholle. Sopii akneiholle, pseudofollikuliitin, hyperkeratoosin ja seborrooisen keratoosin hoitoon. <\/p>\n<p><strong>M\u00e4\u00e4r\u00e4:<\/strong> 200 ml<\/p>\n","protected":false},"excerpt":{"rendered":"<p>Antibakteerinen ja kuoriva puhdistus rasvaiselle ja akneiholle. <strong> <\/strong><strong>ASIAKKAIDEN SUOSIKKI<\/strong><\/p>\n","protected":false},"featured_media":2762,"comment_status":"open","ping_status":"closed","template":"","meta":{"_acf_changed":false,"inline_featured_image":false},"product_cat":[58,59],"product_tag":[],"acf":[],"yoast_head":"<!-- This site is optimized with the Yoast SEO plugin v22.0 - https:\/\/yoast.com\/wordpress\/plugins\/seo\/ -->\n<title>Renophase Gel Nettoyant Equilibrant ( VUOSIEN 2019 ja 2017 VIRON PARAS PUHDISTUSTUOTE) - New Look<\/title>\n<meta name=\"robots\" content=\"index, follow, max-snippet:-1, max-image-preview:large, max-video-preview:-1\" \/>\n<link rel=\"canonical\" href=\"https:\/\/newlook.ee\/fi\/toode\/gel-nettoyant-equilibrant\/\" \/>\n<meta property=\"og:locale\" content=\"fi_FI\" \/>\n<meta property=\"og:type\" content=\"article\" \/>\n<meta property=\"og:title\" content=\"Renophase Gel Nettoyant Equilibrant ( VUOSIEN 2019 ja 2017 VIRON PARAS PUHDISTUSTUOTE) - New Look\" \/>\n<meta property=\"og:description\" content=\"Antibakteerinen ja kuoriva puhdistus rasvaiselle ja akneiholle. ASIAKKAIDEN SUOSIKKI\" \/>\n<meta property=\"og:url\" content=\"https:\/\/newlook.ee\/fi\/toode\/gel-nettoyant-equilibrant\/\" \/>\n<meta property=\"og:site_name\" content=\"New Look\" \/>\n<meta property=\"og:image\" content=\"https:\/\/newlook.ee\/wp-content\/uploads\/2016\/03\/01.Geste-Essentiel_NEWSKIN_Gel-Nettoyant.jpg\" \/>\n\t<meta property=\"og:image:width\" content=\"1200\" \/>\n\t<meta property=\"og:image:height\" content=\"1200\" \/>\n\t<meta property=\"og:image:type\" content=\"image\/jpeg\" \/>\n<meta name=\"twitter:card\" content=\"summary_large_image\" \/>\n<script type=\"application\/ld+json\" class=\"yoast-schema-graph\">{\"@context\":\"https:\/\/schema.org\",\"@graph\":[{\"@type\":\"WebPage\",\"@id\":\"https:\/\/newlook.ee\/fi\/toode\/gel-nettoyant-equilibrant\/\",\"url\":\"https:\/\/newlook.ee\/fi\/toode\/gel-nettoyant-equilibrant\/\",\"name\":\"Renophase Gel Nettoyant Equilibrant ( VUOSIEN 2019 ja 2017 VIRON PARAS PUHDISTUSTUOTE) - New Look\",\"isPartOf\":{\"@id\":\"https:\/\/newlook.ee\/fi\/#website\"},\"datePublished\":\"2016-03-23T19:07:38+00:00\",\"dateModified\":\"2016-03-23T19:07:38+00:00\",\"breadcrumb\":{\"@id\":\"https:\/\/newlook.ee\/fi\/toode\/gel-nettoyant-equilibrant\/#breadcrumb\"},\"inLanguage\":\"fi\",\"potentialAction\":[{\"@type\":\"ReadAction\",\"target\":[\"https:\/\/newlook.ee\/fi\/toode\/gel-nettoyant-equilibrant\/\"]}]},{\"@type\":\"BreadcrumbList\",\"@id\":\"https:\/\/newlook.ee\/fi\/toode\/gel-nettoyant-equilibrant\/#breadcrumb\",\"itemListElement\":[{\"@type\":\"ListItem\",\"position\":1,\"name\":\"Home\",\"item\":\"https:\/\/newlook.ee\/fi\/\"},{\"@type\":\"ListItem\",\"position\":2,\"name\":\"Verkkokauppa\",\"item\":\"https:\/\/newlook.ee\/fi\/verkkokauppa\/\"},{\"@type\":\"ListItem\",\"position\":3,\"name\":\"Renophase Gel Nettoyant Equilibrant ( VUOSIEN 2019 ja 2017 VIRON PARAS PUHDISTUSTUOTE)\"}]},{\"@type\":\"WebSite\",\"@id\":\"https:\/\/newlook.ee\/fi\/#website\",\"url\":\"https:\/\/newlook.ee\/fi\/\",\"name\":\"New Look\",\"description\":\"\",\"publisher\":{\"@id\":\"https:\/\/newlook.ee\/fi\/#organization\"},\"potentialAction\":[{\"@type\":\"SearchAction\",\"target\":{\"@type\":\"EntryPoint\",\"urlTemplate\":\"https:\/\/newlook.ee\/fi\/?s={search_term_string}\"},\"query-input\":\"required name=search_term_string\"}],\"inLanguage\":\"fi\"},{\"@type\":\"Organization\",\"@id\":\"https:\/\/newlook.ee\/fi\/#organization\",\"name\":\"New Look\",\"url\":\"https:\/\/newlook.ee\/fi\/\",\"logo\":{\"@type\":\"ImageObject\",\"inLanguage\":\"fi\",\"@id\":\"https:\/\/newlook.ee\/fi\/#\/schema\/logo\/image\/\",\"url\":\"https:\/\/newlook.ee\/wp-content\/uploads\/2023\/04\/cropped-Favicon-1.png\",\"contentUrl\":\"https:\/\/newlook.ee\/wp-content\/uploads\/2023\/04\/cropped-Favicon-1.png\",\"width\":512,\"height\":512,\"caption\":\"New Look\"},\"image\":{\"@id\":\"https:\/\/newlook.ee\/fi\/#\/schema\/logo\/image\/\"}}]}<\/script>\n<!-- \/ Yoast SEO plugin. -->","yoast_head_json":{"title":"Renophase Gel Nettoyant Equilibrant ( VUOSIEN 2019 ja 2017 VIRON PARAS PUHDISTUSTUOTE) - New Look","robots":{"index":"index","follow":"follow","max-snippet":"max-snippet:-1","max-image-preview":"max-image-preview:large","max-video-preview":"max-video-preview:-1"},"canonical":"https:\/\/newlook.ee\/fi\/toode\/gel-nettoyant-equilibrant\/","og_locale":"fi_FI","og_type":"article","og_title":"Renophase Gel Nettoyant Equilibrant ( VUOSIEN 2019 ja 2017 VIRON PARAS PUHDISTUSTUOTE) - New Look","og_description":"Antibakteerinen ja kuoriva puhdistus rasvaiselle ja akneiholle. ASIAKKAIDEN SUOSIKKI","og_url":"https:\/\/newlook.ee\/fi\/toode\/gel-nettoyant-equilibrant\/","og_site_name":"New Look","og_image":[{"width":1200,"height":1200,"url":"https:\/\/newlook.ee\/wp-content\/uploads\/2016\/03\/01.Geste-Essentiel_NEWSKIN_Gel-Nettoyant.jpg","type":"image\/jpeg"}],"twitter_card":"summary_large_image","schema":{"@context":"https:\/\/schema.org","@graph":[{"@type":"WebPage","@id":"https:\/\/newlook.ee\/fi\/toode\/gel-nettoyant-equilibrant\/","url":"https:\/\/newlook.ee\/fi\/toode\/gel-nettoyant-equilibrant\/","name":"Renophase Gel Nettoyant Equilibrant ( VUOSIEN 2019 ja 2017 VIRON PARAS PUHDISTUSTUOTE) - New Look","isPartOf":{"@id":"https:\/\/newlook.ee\/fi\/#website"},"datePublished":"2016-03-23T19:07:38+00:00","dateModified":"2016-03-23T19:07:38+00:00","breadcrumb":{"@id":"https:\/\/newlook.ee\/fi\/toode\/gel-nettoyant-equilibrant\/#breadcrumb"},"inLanguage":"fi","potentialAction":[{"@type":"ReadAction","target":["https:\/\/newlook.ee\/fi\/toode\/gel-nettoyant-equilibrant\/"]}]},{"@type":"BreadcrumbList","@id":"https:\/\/newlook.ee\/fi\/toode\/gel-nettoyant-equilibrant\/#breadcrumb","itemListElement":[{"@type":"ListItem","position":1,"name":"Home","item":"https:\/\/newlook.ee\/fi\/"},{"@type":"ListItem","position":2,"name":"Verkkokauppa","item":"https:\/\/newlook.ee\/fi\/verkkokauppa\/"},{"@type":"ListItem","position":3,"name":"Renophase Gel Nettoyant Equilibrant ( VUOSIEN 2019 ja 2017 VIRON PARAS PUHDISTUSTUOTE)"}]},{"@type":"WebSite","@id":"https:\/\/newlook.ee\/fi\/#website","url":"https:\/\/newlook.ee\/fi\/","name":"New Look","description":"","publisher":{"@id":"https:\/\/newlook.ee\/fi\/#organization"},"potentialAction":[{"@type":"SearchAction","target":{"@type":"EntryPoint","urlTemplate":"https:\/\/newlook.ee\/fi\/?s={search_term_string}"},"query-input":"required name=search_term_string"}],"inLanguage":"fi"},{"@type":"Organization","@id":"https:\/\/newlook.ee\/fi\/#organization","name":"New Look","url":"https:\/\/newlook.ee\/fi\/","logo":{"@type":"ImageObject","inLanguage":"fi","@id":"https:\/\/newlook.ee\/fi\/#\/schema\/logo\/image\/","url":"https:\/\/newlook.ee\/wp-content\/uploads\/2023\/04\/cropped-Favicon-1.png","contentUrl":"https:\/\/newlook.ee\/wp-content\/uploads\/2023\/04\/cropped-Favicon-1.png","width":512,"height":512,"caption":"New Look"},"image":{"@id":"https:\/\/newlook.ee\/fi\/#\/schema\/logo\/image\/"}}]}},"_links":{"self":[{"href":"https:\/\/newlook.ee\/fi\/wp-json\/wp\/v2\/product\/2926"}],"collection":[{"href":"https:\/\/newlook.ee\/fi\/wp-json\/wp\/v2\/product"}],"about":[{"href":"https:\/\/newlook.ee\/fi\/wp-json\/wp\/v2\/types\/product"}],"replies":[{"embeddable":true,"href":"https:\/\/newlook.ee\/fi\/wp-json\/wp\/v2\/comments?post=2926"}],"wp:featuredmedia":[{"embeddable":true,"href":"https:\/\/newlook.ee\/fi\/wp-json\/wp\/v2\/media\/2762"}],"wp:attachment":[{"href":"https:\/\/newlook.ee\/fi\/wp-json\/wp\/v2\/media?parent=2926"}],"wp:term":[{"taxonomy":"product_cat","embeddable":true,"href":"https:\/\/newlook.ee\/fi\/wp-json\/wp\/v2\/product_cat?post=2926"},{"taxonomy":"product_tag","embeddable":true,"href":"https:\/\/newlook.ee\/fi\/wp-json\/wp\/v2\/product_tag?post=2926"}],"curies":[{"name":"wp","href":"https:\/\/api.w.org\/{rel}","templated":true}]}}