{"id":2927,"date":"2016-03-23T21:04:04","date_gmt":"2016-03-23T19:04:04","guid":{"rendered":"https:\/\/newlook.ee\/toode\/renophase-emulsion-nettoyante\/"},"modified":"2023-04-11T16:58:40","modified_gmt":"2023-04-11T13:58:40","slug":"emulsion-nettoyante","status":"publish","type":"product","link":"https:\/\/newlook.ee\/fi\/toode\/emulsion-nettoyante\/","title":{"rendered":"Renophase Emulsion Nettoyante"},"content":{"rendered":"<p>Kuivalta iholta puuttuu kirkkaus ja sill\u00e4 on heikko hydrolipidikerrossuoja. Laboratoires Renophase on kehitt\u00e4nyt tehokkaan puhdistustuotteen, joka puhdistaa meikin ja lian, kosteuttaa ihoa ja hienosti kuorien kirkastaa ihoa ja lis\u00e4\u00e4 sille vastustuskyky\u00e4. Ihon jokap\u00e4iv\u00e4isen puhdistuksen yhteydess\u00e4 tuotteen tehoaineet taistelevat oksidatiivista stressi\u00e4 vastaan. Emulsion k\u00e4yt\u00f6n yhteydess\u00e4 voi esiinty\u00e4 liev\u00e4\u00e4 ihon kirvely\u00e4.   <\/p>\n<p><strong>Sopii:<\/strong> Normaali ja kuiva iho.<\/p>\n<p><strong>M\u00e4\u00e4r\u00e4:<\/strong> 200 ml<\/p>\n<p>&nbsp;<\/p>\n","protected":false},"excerpt":{"rendered":"<p>Tehokas puhdistus glykoolihapolla kuivalle ja normaalille iholle.<\/p>\n","protected":false},"featured_media":2763,"comment_status":"open","ping_status":"closed","template":"","meta":{"_acf_changed":false,"inline_featured_image":false},"product_cat":[61,58],"product_tag":[],"acf":[],"yoast_head":"<!-- This site is optimized with the Yoast SEO plugin v22.0 - https:\/\/yoast.com\/wordpress\/plugins\/seo\/ -->\n<title>Renophase Emulsion Nettoyante - New Look<\/title>\n<meta name=\"robots\" content=\"index, follow, max-snippet:-1, max-image-preview:large, max-video-preview:-1\" \/>\n<link rel=\"canonical\" href=\"https:\/\/newlook.ee\/fi\/toode\/emulsion-nettoyante\/\" \/>\n<meta property=\"og:locale\" content=\"fi_FI\" \/>\n<meta property=\"og:type\" content=\"article\" \/>\n<meta property=\"og:title\" content=\"Renophase Emulsion Nettoyante - New Look\" \/>\n<meta property=\"og:description\" content=\"Tehokas puhdistus glykoolihapolla kuivalle ja normaalille iholle.\" \/>\n<meta property=\"og:url\" content=\"https:\/\/newlook.ee\/fi\/toode\/emulsion-nettoyante\/\" \/>\n<meta property=\"og:site_name\" content=\"New Look\" \/>\n<meta property=\"article:modified_time\" content=\"2023-04-11T13:58:40+00:00\" \/>\n<meta property=\"og:image\" content=\"https:\/\/newlook.ee\/wp-content\/uploads\/2016\/03\/01.Geste-Essentiel_RENEWPEEL-Emulsion-Nettoyante.jpg\" \/>\n\t<meta property=\"og:image:width\" content=\"1200\" \/>\n\t<meta property=\"og:image:height\" content=\"1200\" \/>\n\t<meta property=\"og:image:type\" content=\"image\/jpeg\" \/>\n<meta name=\"twitter:card\" content=\"summary_large_image\" \/>\n<script type=\"application\/ld+json\" class=\"yoast-schema-graph\">{\"@context\":\"https:\/\/schema.org\",\"@graph\":[{\"@type\":\"WebPage\",\"@id\":\"https:\/\/newlook.ee\/fi\/toode\/emulsion-nettoyante\/\",\"url\":\"https:\/\/newlook.ee\/fi\/toode\/emulsion-nettoyante\/\",\"name\":\"Renophase Emulsion Nettoyante - New Look\",\"isPartOf\":{\"@id\":\"https:\/\/newlook.ee\/fi\/#website\"},\"datePublished\":\"2016-03-23T19:04:04+00:00\",\"dateModified\":\"2023-04-11T13:58:40+00:00\",\"breadcrumb\":{\"@id\":\"https:\/\/newlook.ee\/fi\/toode\/emulsion-nettoyante\/#breadcrumb\"},\"inLanguage\":\"fi\",\"potentialAction\":[{\"@type\":\"ReadAction\",\"target\":[\"https:\/\/newlook.ee\/fi\/toode\/emulsion-nettoyante\/\"]}]},{\"@type\":\"BreadcrumbList\",\"@id\":\"https:\/\/newlook.ee\/fi\/toode\/emulsion-nettoyante\/#breadcrumb\",\"itemListElement\":[{\"@type\":\"ListItem\",\"position\":1,\"name\":\"Home\",\"item\":\"https:\/\/newlook.ee\/fi\/\"},{\"@type\":\"ListItem\",\"position\":2,\"name\":\"Verkkokauppa\",\"item\":\"https:\/\/newlook.ee\/fi\/verkkokauppa\/\"},{\"@type\":\"ListItem\",\"position\":3,\"name\":\"Renophase Emulsion Nettoyante\"}]},{\"@type\":\"WebSite\",\"@id\":\"https:\/\/newlook.ee\/fi\/#website\",\"url\":\"https:\/\/newlook.ee\/fi\/\",\"name\":\"New Look\",\"description\":\"\",\"publisher\":{\"@id\":\"https:\/\/newlook.ee\/fi\/#organization\"},\"potentialAction\":[{\"@type\":\"SearchAction\",\"target\":{\"@type\":\"EntryPoint\",\"urlTemplate\":\"https:\/\/newlook.ee\/fi\/?s={search_term_string}\"},\"query-input\":\"required name=search_term_string\"}],\"inLanguage\":\"fi\"},{\"@type\":\"Organization\",\"@id\":\"https:\/\/newlook.ee\/fi\/#organization\",\"name\":\"New Look\",\"url\":\"https:\/\/newlook.ee\/fi\/\",\"logo\":{\"@type\":\"ImageObject\",\"inLanguage\":\"fi\",\"@id\":\"https:\/\/newlook.ee\/fi\/#\/schema\/logo\/image\/\",\"url\":\"https:\/\/newlook.ee\/wp-content\/uploads\/2023\/04\/cropped-Favicon-1.png\",\"contentUrl\":\"https:\/\/newlook.ee\/wp-content\/uploads\/2023\/04\/cropped-Favicon-1.png\",\"width\":512,\"height\":512,\"caption\":\"New Look\"},\"image\":{\"@id\":\"https:\/\/newlook.ee\/fi\/#\/schema\/logo\/image\/\"}}]}<\/script>\n<!-- \/ Yoast SEO plugin. -->","yoast_head_json":{"title":"Renophase Emulsion Nettoyante - New Look","robots":{"index":"index","follow":"follow","max-snippet":"max-snippet:-1","max-image-preview":"max-image-preview:large","max-video-preview":"max-video-preview:-1"},"canonical":"https:\/\/newlook.ee\/fi\/toode\/emulsion-nettoyante\/","og_locale":"fi_FI","og_type":"article","og_title":"Renophase Emulsion Nettoyante - New Look","og_description":"Tehokas puhdistus glykoolihapolla kuivalle ja normaalille iholle.","og_url":"https:\/\/newlook.ee\/fi\/toode\/emulsion-nettoyante\/","og_site_name":"New Look","article_modified_time":"2023-04-11T13:58:40+00:00","og_image":[{"width":1200,"height":1200,"url":"https:\/\/newlook.ee\/wp-content\/uploads\/2016\/03\/01.Geste-Essentiel_RENEWPEEL-Emulsion-Nettoyante.jpg","type":"image\/jpeg"}],"twitter_card":"summary_large_image","schema":{"@context":"https:\/\/schema.org","@graph":[{"@type":"WebPage","@id":"https:\/\/newlook.ee\/fi\/toode\/emulsion-nettoyante\/","url":"https:\/\/newlook.ee\/fi\/toode\/emulsion-nettoyante\/","name":"Renophase Emulsion Nettoyante - New Look","isPartOf":{"@id":"https:\/\/newlook.ee\/fi\/#website"},"datePublished":"2016-03-23T19:04:04+00:00","dateModified":"2023-04-11T13:58:40+00:00","breadcrumb":{"@id":"https:\/\/newlook.ee\/fi\/toode\/emulsion-nettoyante\/#breadcrumb"},"inLanguage":"fi","potentialAction":[{"@type":"ReadAction","target":["https:\/\/newlook.ee\/fi\/toode\/emulsion-nettoyante\/"]}]},{"@type":"BreadcrumbList","@id":"https:\/\/newlook.ee\/fi\/toode\/emulsion-nettoyante\/#breadcrumb","itemListElement":[{"@type":"ListItem","position":1,"name":"Home","item":"https:\/\/newlook.ee\/fi\/"},{"@type":"ListItem","position":2,"name":"Verkkokauppa","item":"https:\/\/newlook.ee\/fi\/verkkokauppa\/"},{"@type":"ListItem","position":3,"name":"Renophase Emulsion Nettoyante"}]},{"@type":"WebSite","@id":"https:\/\/newlook.ee\/fi\/#website","url":"https:\/\/newlook.ee\/fi\/","name":"New Look","description":"","publisher":{"@id":"https:\/\/newlook.ee\/fi\/#organization"},"potentialAction":[{"@type":"SearchAction","target":{"@type":"EntryPoint","urlTemplate":"https:\/\/newlook.ee\/fi\/?s={search_term_string}"},"query-input":"required name=search_term_string"}],"inLanguage":"fi"},{"@type":"Organization","@id":"https:\/\/newlook.ee\/fi\/#organization","name":"New Look","url":"https:\/\/newlook.ee\/fi\/","logo":{"@type":"ImageObject","inLanguage":"fi","@id":"https:\/\/newlook.ee\/fi\/#\/schema\/logo\/image\/","url":"https:\/\/newlook.ee\/wp-content\/uploads\/2023\/04\/cropped-Favicon-1.png","contentUrl":"https:\/\/newlook.ee\/wp-content\/uploads\/2023\/04\/cropped-Favicon-1.png","width":512,"height":512,"caption":"New Look"},"image":{"@id":"https:\/\/newlook.ee\/fi\/#\/schema\/logo\/image\/"}}]}},"_links":{"self":[{"href":"https:\/\/newlook.ee\/fi\/wp-json\/wp\/v2\/product\/2927"}],"collection":[{"href":"https:\/\/newlook.ee\/fi\/wp-json\/wp\/v2\/product"}],"about":[{"href":"https:\/\/newlook.ee\/fi\/wp-json\/wp\/v2\/types\/product"}],"replies":[{"embeddable":true,"href":"https:\/\/newlook.ee\/fi\/wp-json\/wp\/v2\/comments?post=2927"}],"wp:featuredmedia":[{"embeddable":true,"href":"https:\/\/newlook.ee\/fi\/wp-json\/wp\/v2\/media\/2763"}],"wp:attachment":[{"href":"https:\/\/newlook.ee\/fi\/wp-json\/wp\/v2\/media?parent=2927"}],"wp:term":[{"taxonomy":"product_cat","embeddable":true,"href":"https:\/\/newlook.ee\/fi\/wp-json\/wp\/v2\/product_cat?post=2927"},{"taxonomy":"product_tag","embeddable":true,"href":"https:\/\/newlook.ee\/fi\/wp-json\/wp\/v2\/product_tag?post=2927"}],"curies":[{"name":"wp","href":"https:\/\/api.w.org\/{rel}","templated":true}]}}