{"id":2928,"date":"2016-03-23T15:37:14","date_gmt":"2016-03-23T13:37:14","guid":{"rendered":"https:\/\/newlook.ee\/toode\/renophase-lait-nettoyant-v-2021-paras-puhdistustuote\/"},"modified":"2025-12-01T00:07:58","modified_gmt":"2025-11-30T22:07:58","slug":"lait-nettoyant","status":"publish","type":"product","link":"https:\/\/newlook.ee\/fi\/toode\/lait-nettoyant\/","title":{"rendered":"Renophase Lait Nettoyant ( V. 2021 PARAS PUHDISTUSTUOTE)"},"content":{"rendered":"<p>Herkk\u00e4 iho tarvitsee hoitoa, sill\u00e4 sen luonnollinen suojaustaso on heikko. Laboratoires Renophase on kehitt\u00e4nyt herk\u00e4lle iholle sopivan sokeriruokohappoa sis\u00e4lt\u00e4v\u00e4n kasvojen puhdistustuotteen. Puhdistusmaito ei sis\u00e4ll\u00e4 saippuaa eik\u00e4 alkoholia. Poistaa hell\u00e4varaisesti meikin, puhdistaa ihoa ja tekee siit\u00e4 todella pehme\u00e4n.   <\/p>\n<p>Tuotteen k\u00e4yt\u00f6n yhteydess\u00e4 ihon herkkyys lievittyy v\u00e4hitellen.<\/p>\n<p><strong>Sopii:<\/strong> Normaali, kuiva ja herkk\u00e4 iho.<\/p>\n<p><strong>M\u00e4\u00e4r\u00e4:<\/strong> 200 ml <strong>    <\/strong><\/p>\n","protected":false},"excerpt":{"rendered":"<p>Ihoa puhdistava ja kosteuttava sokeriruokohappoa sis\u00e4lt\u00e4v\u00e4 puhdistusmaito.<\/p>\n","protected":false},"featured_media":2752,"comment_status":"open","ping_status":"closed","template":"","meta":{"_acf_changed":false,"inline_featured_image":false},"product_cat":[64,58],"product_tag":[],"acf":[],"yoast_head":"<!-- This site is optimized with the Yoast SEO plugin v22.0 - https:\/\/yoast.com\/wordpress\/plugins\/seo\/ -->\n<title>Renophase Lait Nettoyant ( V. 2021 PARAS PUHDISTUSTUOTE) - New Look<\/title>\n<meta name=\"robots\" content=\"index, follow, max-snippet:-1, max-image-preview:large, max-video-preview:-1\" \/>\n<link rel=\"canonical\" href=\"https:\/\/newlook.ee\/fi\/toode\/lait-nettoyant\/\" \/>\n<meta property=\"og:locale\" content=\"fi_FI\" \/>\n<meta property=\"og:type\" content=\"article\" \/>\n<meta property=\"og:title\" content=\"Renophase Lait Nettoyant ( V. 2021 PARAS PUHDISTUSTUOTE) - New Look\" \/>\n<meta property=\"og:description\" content=\"Ihoa puhdistava ja kosteuttava sokeriruokohappoa sis\u00e4lt\u00e4v\u00e4 puhdistusmaito.\" \/>\n<meta property=\"og:url\" content=\"https:\/\/newlook.ee\/fi\/toode\/lait-nettoyant\/\" \/>\n<meta property=\"og:site_name\" content=\"New Look\" \/>\n<meta property=\"article:modified_time\" content=\"2025-11-30T22:07:58+00:00\" \/>\n<meta property=\"og:image\" content=\"https:\/\/newlook.ee\/wp-content\/uploads\/2016\/03\/Geste-Essentiel_NEWSKIN_Lait-Nettoyant.jpg\" \/>\n\t<meta property=\"og:image:width\" content=\"1000\" \/>\n\t<meta property=\"og:image:height\" content=\"1000\" \/>\n\t<meta property=\"og:image:type\" content=\"image\/jpeg\" \/>\n<meta name=\"twitter:card\" content=\"summary_large_image\" \/>\n<script type=\"application\/ld+json\" class=\"yoast-schema-graph\">{\"@context\":\"https:\/\/schema.org\",\"@graph\":[{\"@type\":\"WebPage\",\"@id\":\"https:\/\/newlook.ee\/fi\/toode\/lait-nettoyant\/\",\"url\":\"https:\/\/newlook.ee\/fi\/toode\/lait-nettoyant\/\",\"name\":\"Renophase Lait Nettoyant ( V. 2021 PARAS PUHDISTUSTUOTE) - New Look\",\"isPartOf\":{\"@id\":\"https:\/\/newlook.ee\/fi\/#website\"},\"datePublished\":\"2016-03-23T13:37:14+00:00\",\"dateModified\":\"2025-11-30T22:07:58+00:00\",\"breadcrumb\":{\"@id\":\"https:\/\/newlook.ee\/fi\/toode\/lait-nettoyant\/#breadcrumb\"},\"inLanguage\":\"fi\",\"potentialAction\":[{\"@type\":\"ReadAction\",\"target\":[\"https:\/\/newlook.ee\/fi\/toode\/lait-nettoyant\/\"]}]},{\"@type\":\"BreadcrumbList\",\"@id\":\"https:\/\/newlook.ee\/fi\/toode\/lait-nettoyant\/#breadcrumb\",\"itemListElement\":[{\"@type\":\"ListItem\",\"position\":1,\"name\":\"Home\",\"item\":\"https:\/\/newlook.ee\/fi\/\"},{\"@type\":\"ListItem\",\"position\":2,\"name\":\"Verkkokauppa\",\"item\":\"https:\/\/newlook.ee\/fi\/verkkokauppa\/\"},{\"@type\":\"ListItem\",\"position\":3,\"name\":\"Renophase Lait Nettoyant ( V. 2021 PARAS PUHDISTUSTUOTE)\"}]},{\"@type\":\"WebSite\",\"@id\":\"https:\/\/newlook.ee\/fi\/#website\",\"url\":\"https:\/\/newlook.ee\/fi\/\",\"name\":\"New Look\",\"description\":\"\",\"publisher\":{\"@id\":\"https:\/\/newlook.ee\/fi\/#organization\"},\"potentialAction\":[{\"@type\":\"SearchAction\",\"target\":{\"@type\":\"EntryPoint\",\"urlTemplate\":\"https:\/\/newlook.ee\/fi\/?s={search_term_string}\"},\"query-input\":\"required name=search_term_string\"}],\"inLanguage\":\"fi\"},{\"@type\":\"Organization\",\"@id\":\"https:\/\/newlook.ee\/fi\/#organization\",\"name\":\"New Look\",\"url\":\"https:\/\/newlook.ee\/fi\/\",\"logo\":{\"@type\":\"ImageObject\",\"inLanguage\":\"fi\",\"@id\":\"https:\/\/newlook.ee\/fi\/#\/schema\/logo\/image\/\",\"url\":\"https:\/\/newlook.ee\/wp-content\/uploads\/2023\/04\/cropped-Favicon-1.png\",\"contentUrl\":\"https:\/\/newlook.ee\/wp-content\/uploads\/2023\/04\/cropped-Favicon-1.png\",\"width\":512,\"height\":512,\"caption\":\"New Look\"},\"image\":{\"@id\":\"https:\/\/newlook.ee\/fi\/#\/schema\/logo\/image\/\"}}]}<\/script>\n<!-- \/ Yoast SEO plugin. -->","yoast_head_json":{"title":"Renophase Lait Nettoyant ( V. 2021 PARAS PUHDISTUSTUOTE) - New Look","robots":{"index":"index","follow":"follow","max-snippet":"max-snippet:-1","max-image-preview":"max-image-preview:large","max-video-preview":"max-video-preview:-1"},"canonical":"https:\/\/newlook.ee\/fi\/toode\/lait-nettoyant\/","og_locale":"fi_FI","og_type":"article","og_title":"Renophase Lait Nettoyant ( V. 2021 PARAS PUHDISTUSTUOTE) - New Look","og_description":"Ihoa puhdistava ja kosteuttava sokeriruokohappoa sis\u00e4lt\u00e4v\u00e4 puhdistusmaito.","og_url":"https:\/\/newlook.ee\/fi\/toode\/lait-nettoyant\/","og_site_name":"New Look","article_modified_time":"2025-11-30T22:07:58+00:00","og_image":[{"width":1000,"height":1000,"url":"https:\/\/newlook.ee\/wp-content\/uploads\/2016\/03\/Geste-Essentiel_NEWSKIN_Lait-Nettoyant.jpg","type":"image\/jpeg"}],"twitter_card":"summary_large_image","schema":{"@context":"https:\/\/schema.org","@graph":[{"@type":"WebPage","@id":"https:\/\/newlook.ee\/fi\/toode\/lait-nettoyant\/","url":"https:\/\/newlook.ee\/fi\/toode\/lait-nettoyant\/","name":"Renophase Lait Nettoyant ( V. 2021 PARAS PUHDISTUSTUOTE) - New Look","isPartOf":{"@id":"https:\/\/newlook.ee\/fi\/#website"},"datePublished":"2016-03-23T13:37:14+00:00","dateModified":"2025-11-30T22:07:58+00:00","breadcrumb":{"@id":"https:\/\/newlook.ee\/fi\/toode\/lait-nettoyant\/#breadcrumb"},"inLanguage":"fi","potentialAction":[{"@type":"ReadAction","target":["https:\/\/newlook.ee\/fi\/toode\/lait-nettoyant\/"]}]},{"@type":"BreadcrumbList","@id":"https:\/\/newlook.ee\/fi\/toode\/lait-nettoyant\/#breadcrumb","itemListElement":[{"@type":"ListItem","position":1,"name":"Home","item":"https:\/\/newlook.ee\/fi\/"},{"@type":"ListItem","position":2,"name":"Verkkokauppa","item":"https:\/\/newlook.ee\/fi\/verkkokauppa\/"},{"@type":"ListItem","position":3,"name":"Renophase Lait Nettoyant ( V. 2021 PARAS PUHDISTUSTUOTE)"}]},{"@type":"WebSite","@id":"https:\/\/newlook.ee\/fi\/#website","url":"https:\/\/newlook.ee\/fi\/","name":"New Look","description":"","publisher":{"@id":"https:\/\/newlook.ee\/fi\/#organization"},"potentialAction":[{"@type":"SearchAction","target":{"@type":"EntryPoint","urlTemplate":"https:\/\/newlook.ee\/fi\/?s={search_term_string}"},"query-input":"required name=search_term_string"}],"inLanguage":"fi"},{"@type":"Organization","@id":"https:\/\/newlook.ee\/fi\/#organization","name":"New Look","url":"https:\/\/newlook.ee\/fi\/","logo":{"@type":"ImageObject","inLanguage":"fi","@id":"https:\/\/newlook.ee\/fi\/#\/schema\/logo\/image\/","url":"https:\/\/newlook.ee\/wp-content\/uploads\/2023\/04\/cropped-Favicon-1.png","contentUrl":"https:\/\/newlook.ee\/wp-content\/uploads\/2023\/04\/cropped-Favicon-1.png","width":512,"height":512,"caption":"New Look"},"image":{"@id":"https:\/\/newlook.ee\/fi\/#\/schema\/logo\/image\/"}}]}},"_links":{"self":[{"href":"https:\/\/newlook.ee\/fi\/wp-json\/wp\/v2\/product\/2928"}],"collection":[{"href":"https:\/\/newlook.ee\/fi\/wp-json\/wp\/v2\/product"}],"about":[{"href":"https:\/\/newlook.ee\/fi\/wp-json\/wp\/v2\/types\/product"}],"replies":[{"embeddable":true,"href":"https:\/\/newlook.ee\/fi\/wp-json\/wp\/v2\/comments?post=2928"}],"wp:featuredmedia":[{"embeddable":true,"href":"https:\/\/newlook.ee\/fi\/wp-json\/wp\/v2\/media\/2752"}],"wp:attachment":[{"href":"https:\/\/newlook.ee\/fi\/wp-json\/wp\/v2\/media?parent=2928"}],"wp:term":[{"taxonomy":"product_cat","embeddable":true,"href":"https:\/\/newlook.ee\/fi\/wp-json\/wp\/v2\/product_cat?post=2928"},{"taxonomy":"product_tag","embeddable":true,"href":"https:\/\/newlook.ee\/fi\/wp-json\/wp\/v2\/product_tag?post=2928"}],"curies":[{"name":"wp","href":"https:\/\/api.w.org\/{rel}","templated":true}]}}