{"id":2929,"date":"2016-03-23T21:23:41","date_gmt":"2016-03-23T19:23:41","guid":{"rendered":"https:\/\/newlook.ee\/toode\/renophase-newskin-lotion\/"},"modified":"2025-12-01T00:07:58","modified_gmt":"2025-11-30T22:07:58","slug":"newskin-lotion","status":"publish","type":"product","link":"https:\/\/newlook.ee\/fi\/toode\/newskin-lotion\/","title":{"rendered":"Renophase NewSkin Lotion"},"content":{"rendered":"<p>NewSkin Lotion rauhoittaa ja kosteuttaa kaikkia ihon tyyppej\u00e4, tuote sopii my\u00f6s eritt\u00e4in herk\u00e4lle ja \u00e4rtyneelle iholle. Kasvovesi on valmistettu maailman puhtaimmista Eska luonnollisesta l\u00e4hdevedest\u00e4 ja kamomillan ja keh\u00e4kukan uutteista. NewSkin Lotion kosteuttaa ihoa ja iho tuntuu pehme\u00e4lt\u00e4, sile\u00e4lt\u00e4 ja miellytt\u00e4v\u00e4n raikkaalta.  <\/p>\n<p>Kasvoveden k\u00e4ytt\u00f6 puhdistustuotteella kasvojen puhdistuksen j\u00e4lkeen on eritt\u00e4in t\u00e4rke\u00e4\u00e4 tai jopa pakollista ihon pH-arvon tasapainottamiseen ja ihon kosteuttamiseen. Kasvoveden k\u00e4ytt\u00f6 on eritt\u00e4in t\u00e4rke\u00e4\u00e4 akneiholle tarkoitetulla puhdistusgeelill\u00e4 pesun j\u00e4lkeen. <\/p>\n<p><strong>Sopii:<\/strong> Kaikille ihon tyypeille, my\u00f6s eritt\u00e4in herk\u00e4lle iholle<\/p>\n<p><strong>M\u00e4\u00e4r\u00e4:<\/strong> 200 ml<\/p>\n","protected":false},"excerpt":{"rendered":"<p>Kosteuttava ja rauhoittava kasvovesi. Todella hell\u00e4varainen kasvohoito. <\/p>\n","protected":false},"featured_media":2753,"comment_status":"closed","ping_status":"closed","template":"","meta":{"_acf_changed":false,"inline_featured_image":false},"product_cat":[67,68,58],"product_tag":[],"acf":[],"yoast_head":"<!-- This site is optimized with the Yoast SEO plugin v22.0 - https:\/\/yoast.com\/wordpress\/plugins\/seo\/ -->\n<title>Renophase NewSkin Lotion - New Look<\/title>\n<meta name=\"robots\" content=\"index, follow, max-snippet:-1, max-image-preview:large, max-video-preview:-1\" \/>\n<link rel=\"canonical\" href=\"https:\/\/newlook.ee\/fi\/toode\/newskin-lotion\/\" \/>\n<meta property=\"og:locale\" content=\"fi_FI\" \/>\n<meta property=\"og:type\" content=\"article\" \/>\n<meta property=\"og:title\" content=\"Renophase NewSkin Lotion - New Look\" \/>\n<meta property=\"og:description\" content=\"Kosteuttava ja rauhoittava kasvovesi. Todella hell\u00e4varainen kasvohoito.\" \/>\n<meta property=\"og:url\" content=\"https:\/\/newlook.ee\/fi\/toode\/newskin-lotion\/\" \/>\n<meta property=\"og:site_name\" content=\"New Look\" \/>\n<meta property=\"article:modified_time\" content=\"2025-11-30T22:07:58+00:00\" \/>\n<meta property=\"og:image\" content=\"https:\/\/newlook.ee\/wp-content\/uploads\/2016\/03\/Geste-Essentiel_NEWSKIN_Lotion.jpg\" \/>\n\t<meta property=\"og:image:width\" content=\"1000\" \/>\n\t<meta property=\"og:image:height\" content=\"1000\" \/>\n\t<meta property=\"og:image:type\" content=\"image\/jpeg\" \/>\n<meta name=\"twitter:card\" content=\"summary_large_image\" \/>\n<meta name=\"twitter:label1\" content=\"Arvioitu lukuaika\" \/>\n\t<meta name=\"twitter:data1\" content=\"1 minuutti\" \/>\n<script type=\"application\/ld+json\" class=\"yoast-schema-graph\">{\"@context\":\"https:\/\/schema.org\",\"@graph\":[{\"@type\":\"WebPage\",\"@id\":\"https:\/\/newlook.ee\/fi\/toode\/newskin-lotion\/\",\"url\":\"https:\/\/newlook.ee\/fi\/toode\/newskin-lotion\/\",\"name\":\"Renophase NewSkin Lotion - New Look\",\"isPartOf\":{\"@id\":\"https:\/\/newlook.ee\/fi\/#website\"},\"datePublished\":\"2016-03-23T19:23:41+00:00\",\"dateModified\":\"2025-11-30T22:07:58+00:00\",\"breadcrumb\":{\"@id\":\"https:\/\/newlook.ee\/fi\/toode\/newskin-lotion\/#breadcrumb\"},\"inLanguage\":\"fi\",\"potentialAction\":[{\"@type\":\"ReadAction\",\"target\":[\"https:\/\/newlook.ee\/fi\/toode\/newskin-lotion\/\"]}]},{\"@type\":\"BreadcrumbList\",\"@id\":\"https:\/\/newlook.ee\/fi\/toode\/newskin-lotion\/#breadcrumb\",\"itemListElement\":[{\"@type\":\"ListItem\",\"position\":1,\"name\":\"Home\",\"item\":\"https:\/\/newlook.ee\/fi\/\"},{\"@type\":\"ListItem\",\"position\":2,\"name\":\"Verkkokauppa\",\"item\":\"https:\/\/newlook.ee\/fi\/verkkokauppa\/\"},{\"@type\":\"ListItem\",\"position\":3,\"name\":\"Renophase NewSkin Lotion\"}]},{\"@type\":\"WebSite\",\"@id\":\"https:\/\/newlook.ee\/fi\/#website\",\"url\":\"https:\/\/newlook.ee\/fi\/\",\"name\":\"New Look\",\"description\":\"\",\"publisher\":{\"@id\":\"https:\/\/newlook.ee\/fi\/#organization\"},\"potentialAction\":[{\"@type\":\"SearchAction\",\"target\":{\"@type\":\"EntryPoint\",\"urlTemplate\":\"https:\/\/newlook.ee\/fi\/?s={search_term_string}\"},\"query-input\":\"required name=search_term_string\"}],\"inLanguage\":\"fi\"},{\"@type\":\"Organization\",\"@id\":\"https:\/\/newlook.ee\/fi\/#organization\",\"name\":\"New Look\",\"url\":\"https:\/\/newlook.ee\/fi\/\",\"logo\":{\"@type\":\"ImageObject\",\"inLanguage\":\"fi\",\"@id\":\"https:\/\/newlook.ee\/fi\/#\/schema\/logo\/image\/\",\"url\":\"https:\/\/newlook.ee\/wp-content\/uploads\/2023\/04\/cropped-Favicon-1.png\",\"contentUrl\":\"https:\/\/newlook.ee\/wp-content\/uploads\/2023\/04\/cropped-Favicon-1.png\",\"width\":512,\"height\":512,\"caption\":\"New Look\"},\"image\":{\"@id\":\"https:\/\/newlook.ee\/fi\/#\/schema\/logo\/image\/\"}}]}<\/script>\n<!-- \/ Yoast SEO plugin. -->","yoast_head_json":{"title":"Renophase NewSkin Lotion - New Look","robots":{"index":"index","follow":"follow","max-snippet":"max-snippet:-1","max-image-preview":"max-image-preview:large","max-video-preview":"max-video-preview:-1"},"canonical":"https:\/\/newlook.ee\/fi\/toode\/newskin-lotion\/","og_locale":"fi_FI","og_type":"article","og_title":"Renophase NewSkin Lotion - New Look","og_description":"Kosteuttava ja rauhoittava kasvovesi. Todella hell\u00e4varainen kasvohoito.","og_url":"https:\/\/newlook.ee\/fi\/toode\/newskin-lotion\/","og_site_name":"New Look","article_modified_time":"2025-11-30T22:07:58+00:00","og_image":[{"width":1000,"height":1000,"url":"https:\/\/newlook.ee\/wp-content\/uploads\/2016\/03\/Geste-Essentiel_NEWSKIN_Lotion.jpg","type":"image\/jpeg"}],"twitter_card":"summary_large_image","twitter_misc":{"Arvioitu lukuaika":"1 minuutti"},"schema":{"@context":"https:\/\/schema.org","@graph":[{"@type":"WebPage","@id":"https:\/\/newlook.ee\/fi\/toode\/newskin-lotion\/","url":"https:\/\/newlook.ee\/fi\/toode\/newskin-lotion\/","name":"Renophase NewSkin Lotion - New Look","isPartOf":{"@id":"https:\/\/newlook.ee\/fi\/#website"},"datePublished":"2016-03-23T19:23:41+00:00","dateModified":"2025-11-30T22:07:58+00:00","breadcrumb":{"@id":"https:\/\/newlook.ee\/fi\/toode\/newskin-lotion\/#breadcrumb"},"inLanguage":"fi","potentialAction":[{"@type":"ReadAction","target":["https:\/\/newlook.ee\/fi\/toode\/newskin-lotion\/"]}]},{"@type":"BreadcrumbList","@id":"https:\/\/newlook.ee\/fi\/toode\/newskin-lotion\/#breadcrumb","itemListElement":[{"@type":"ListItem","position":1,"name":"Home","item":"https:\/\/newlook.ee\/fi\/"},{"@type":"ListItem","position":2,"name":"Verkkokauppa","item":"https:\/\/newlook.ee\/fi\/verkkokauppa\/"},{"@type":"ListItem","position":3,"name":"Renophase NewSkin Lotion"}]},{"@type":"WebSite","@id":"https:\/\/newlook.ee\/fi\/#website","url":"https:\/\/newlook.ee\/fi\/","name":"New Look","description":"","publisher":{"@id":"https:\/\/newlook.ee\/fi\/#organization"},"potentialAction":[{"@type":"SearchAction","target":{"@type":"EntryPoint","urlTemplate":"https:\/\/newlook.ee\/fi\/?s={search_term_string}"},"query-input":"required name=search_term_string"}],"inLanguage":"fi"},{"@type":"Organization","@id":"https:\/\/newlook.ee\/fi\/#organization","name":"New Look","url":"https:\/\/newlook.ee\/fi\/","logo":{"@type":"ImageObject","inLanguage":"fi","@id":"https:\/\/newlook.ee\/fi\/#\/schema\/logo\/image\/","url":"https:\/\/newlook.ee\/wp-content\/uploads\/2023\/04\/cropped-Favicon-1.png","contentUrl":"https:\/\/newlook.ee\/wp-content\/uploads\/2023\/04\/cropped-Favicon-1.png","width":512,"height":512,"caption":"New Look"},"image":{"@id":"https:\/\/newlook.ee\/fi\/#\/schema\/logo\/image\/"}}]}},"_links":{"self":[{"href":"https:\/\/newlook.ee\/fi\/wp-json\/wp\/v2\/product\/2929"}],"collection":[{"href":"https:\/\/newlook.ee\/fi\/wp-json\/wp\/v2\/product"}],"about":[{"href":"https:\/\/newlook.ee\/fi\/wp-json\/wp\/v2\/types\/product"}],"replies":[{"embeddable":true,"href":"https:\/\/newlook.ee\/fi\/wp-json\/wp\/v2\/comments?post=2929"}],"wp:featuredmedia":[{"embeddable":true,"href":"https:\/\/newlook.ee\/fi\/wp-json\/wp\/v2\/media\/2753"}],"wp:attachment":[{"href":"https:\/\/newlook.ee\/fi\/wp-json\/wp\/v2\/media?parent=2929"}],"wp:term":[{"taxonomy":"product_cat","embeddable":true,"href":"https:\/\/newlook.ee\/fi\/wp-json\/wp\/v2\/product_cat?post=2929"},{"taxonomy":"product_tag","embeddable":true,"href":"https:\/\/newlook.ee\/fi\/wp-json\/wp\/v2\/product_tag?post=2929"}],"curies":[{"name":"wp","href":"https:\/\/api.w.org\/{rel}","templated":true}]}}