{"id":2930,"date":"2016-03-24T08:03:16","date_gmt":"2016-03-24T06:03:16","guid":{"rendered":"https:\/\/newlook.ee\/toode\/renophase-creme-10-asiakkaiden-suosikki\/"},"modified":"2016-03-24T08:03:16","modified_gmt":"2016-03-24T06:03:16","slug":"creme-10","status":"publish","type":"product","link":"https:\/\/newlook.ee\/fi\/toode\/creme-10\/","title":{"rendered":"Renophase Cr\u00e8me 10 (ASIAKKAIDEN SUOSIKKI)"},"content":{"rendered":"<p>Ihon terveyden, kimmoisuuden, kosteuden ja kirkkauden s\u00e4ilytt\u00e4miseksi meid\u00e4n on kuorittava ihoa. Ihon pintakerroksessa tapahtuu paksuuntuminen ja haitallisten vapaiden radikaalien vaikutuksesta nopeutuu ik\u00e4\u00e4ntymisen merkkien ilmeneminen. Laboratoires Renophase on kuvatun prosessin p\u00e4invastaiseksi k\u00e4\u00e4nt\u00e4misen tarkoituksessa kehitt\u00e4nyt hell\u00e4varaisen kuorivan ja tasoittavan antioksidanttivoiteen, joka edist\u00e4\u00e4 epidermiksen uudistumista ja tekee ihosta kirkkaamman.  <\/p>\n<p>Voide uudistaa soluja, elvytt\u00e4\u00e4 ihon aineenvaihduntaa ja fibroplastien toimintaa tuotteeseen sis\u00e4ltyv\u00e4n 10% glykoolihapon ansiosta. Glykoolihappo v\u00e4hent\u00e4\u00e4 huomattavasti rasvan muodostumista iholle ja supistaa huokoset v\u00e4hitellen. Voide sis\u00e4lt\u00e4\u00e4 lis\u00e4ksi aminohappoja lysiini\u00e4 ja seriini\u00e4, jotka osallistuvat kollageenin ja ihon suojakerroksen muodostumiseen ja tekev\u00e4t ihosta kimmoisan ja kostean.  <\/p>\n<p><strong>Sopii:<\/strong> Kaikille ihotyypeille.<\/p>\n<p><strong>M\u00e4\u00e4r\u00e4:<\/strong> 50 ml<\/p>\n","protected":false},"excerpt":{"rendered":"<p>Ihosoluja uudistava, glykoolihappoa sis\u00e4lt\u00e4v\u00e4 voide, joka tasoittaa ihon v\u00e4ri\u00e4 ja rakennetta.<\/p>\n","protected":false},"featured_media":2788,"comment_status":"closed","ping_status":"closed","template":"","meta":{"_acf_changed":false,"inline_featured_image":false},"product_cat":[69,61,59],"product_tag":[],"acf":[],"yoast_head":"<!-- This site is optimized with the Yoast SEO plugin v22.0 - https:\/\/yoast.com\/wordpress\/plugins\/seo\/ -->\n<title>Renophase Cr\u00e8me 10 (ASIAKKAIDEN SUOSIKKI) - New Look<\/title>\n<meta name=\"robots\" content=\"index, follow, max-snippet:-1, max-image-preview:large, max-video-preview:-1\" \/>\n<link rel=\"canonical\" href=\"https:\/\/newlook.ee\/fi\/toode\/creme-10\/\" \/>\n<meta property=\"og:locale\" content=\"fi_FI\" \/>\n<meta property=\"og:type\" content=\"article\" \/>\n<meta property=\"og:title\" content=\"Renophase Cr\u00e8me 10 (ASIAKKAIDEN SUOSIKKI) - New Look\" \/>\n<meta property=\"og:description\" content=\"Ihosoluja uudistava, glykoolihappoa sis\u00e4lt\u00e4v\u00e4 voide, joka tasoittaa ihon v\u00e4ri\u00e4 ja rakennetta.\" \/>\n<meta property=\"og:url\" content=\"https:\/\/newlook.ee\/fi\/toode\/creme-10\/\" \/>\n<meta property=\"og:site_name\" content=\"New Look\" \/>\n<meta property=\"og:image\" content=\"https:\/\/newlook.ee\/wp-content\/uploads\/2016\/03\/Reboost_RENWPEEL_Creme_10.jpg\" \/>\n\t<meta property=\"og:image:width\" content=\"1200\" \/>\n\t<meta property=\"og:image:height\" content=\"1200\" \/>\n\t<meta property=\"og:image:type\" content=\"image\/jpeg\" \/>\n<meta name=\"twitter:card\" content=\"summary_large_image\" \/>\n<meta name=\"twitter:label1\" content=\"Arvioitu lukuaika\" \/>\n\t<meta name=\"twitter:data1\" content=\"1 minuutti\" \/>\n<script type=\"application\/ld+json\" class=\"yoast-schema-graph\">{\"@context\":\"https:\/\/schema.org\",\"@graph\":[{\"@type\":\"WebPage\",\"@id\":\"https:\/\/newlook.ee\/fi\/toode\/creme-10\/\",\"url\":\"https:\/\/newlook.ee\/fi\/toode\/creme-10\/\",\"name\":\"Renophase Cr\u00e8me 10 (ASIAKKAIDEN SUOSIKKI) - New Look\",\"isPartOf\":{\"@id\":\"https:\/\/newlook.ee\/fi\/#website\"},\"datePublished\":\"2016-03-24T06:03:16+00:00\",\"dateModified\":\"2016-03-24T06:03:16+00:00\",\"breadcrumb\":{\"@id\":\"https:\/\/newlook.ee\/fi\/toode\/creme-10\/#breadcrumb\"},\"inLanguage\":\"fi\",\"potentialAction\":[{\"@type\":\"ReadAction\",\"target\":[\"https:\/\/newlook.ee\/fi\/toode\/creme-10\/\"]}]},{\"@type\":\"BreadcrumbList\",\"@id\":\"https:\/\/newlook.ee\/fi\/toode\/creme-10\/#breadcrumb\",\"itemListElement\":[{\"@type\":\"ListItem\",\"position\":1,\"name\":\"Home\",\"item\":\"https:\/\/newlook.ee\/fi\/\"},{\"@type\":\"ListItem\",\"position\":2,\"name\":\"Verkkokauppa\",\"item\":\"https:\/\/newlook.ee\/fi\/verkkokauppa\/\"},{\"@type\":\"ListItem\",\"position\":3,\"name\":\"Renophase Cr\u00e8me 10 (ASIAKKAIDEN SUOSIKKI)\"}]},{\"@type\":\"WebSite\",\"@id\":\"https:\/\/newlook.ee\/fi\/#website\",\"url\":\"https:\/\/newlook.ee\/fi\/\",\"name\":\"New Look\",\"description\":\"\",\"publisher\":{\"@id\":\"https:\/\/newlook.ee\/fi\/#organization\"},\"potentialAction\":[{\"@type\":\"SearchAction\",\"target\":{\"@type\":\"EntryPoint\",\"urlTemplate\":\"https:\/\/newlook.ee\/fi\/?s={search_term_string}\"},\"query-input\":\"required name=search_term_string\"}],\"inLanguage\":\"fi\"},{\"@type\":\"Organization\",\"@id\":\"https:\/\/newlook.ee\/fi\/#organization\",\"name\":\"New Look\",\"url\":\"https:\/\/newlook.ee\/fi\/\",\"logo\":{\"@type\":\"ImageObject\",\"inLanguage\":\"fi\",\"@id\":\"https:\/\/newlook.ee\/fi\/#\/schema\/logo\/image\/\",\"url\":\"https:\/\/newlook.ee\/wp-content\/uploads\/2023\/04\/cropped-Favicon-1.png\",\"contentUrl\":\"https:\/\/newlook.ee\/wp-content\/uploads\/2023\/04\/cropped-Favicon-1.png\",\"width\":512,\"height\":512,\"caption\":\"New Look\"},\"image\":{\"@id\":\"https:\/\/newlook.ee\/fi\/#\/schema\/logo\/image\/\"}}]}<\/script>\n<!-- \/ Yoast SEO plugin. -->","yoast_head_json":{"title":"Renophase Cr\u00e8me 10 (ASIAKKAIDEN SUOSIKKI) - New Look","robots":{"index":"index","follow":"follow","max-snippet":"max-snippet:-1","max-image-preview":"max-image-preview:large","max-video-preview":"max-video-preview:-1"},"canonical":"https:\/\/newlook.ee\/fi\/toode\/creme-10\/","og_locale":"fi_FI","og_type":"article","og_title":"Renophase Cr\u00e8me 10 (ASIAKKAIDEN SUOSIKKI) - New Look","og_description":"Ihosoluja uudistava, glykoolihappoa sis\u00e4lt\u00e4v\u00e4 voide, joka tasoittaa ihon v\u00e4ri\u00e4 ja rakennetta.","og_url":"https:\/\/newlook.ee\/fi\/toode\/creme-10\/","og_site_name":"New Look","og_image":[{"width":1200,"height":1200,"url":"https:\/\/newlook.ee\/wp-content\/uploads\/2016\/03\/Reboost_RENWPEEL_Creme_10.jpg","type":"image\/jpeg"}],"twitter_card":"summary_large_image","twitter_misc":{"Arvioitu lukuaika":"1 minuutti"},"schema":{"@context":"https:\/\/schema.org","@graph":[{"@type":"WebPage","@id":"https:\/\/newlook.ee\/fi\/toode\/creme-10\/","url":"https:\/\/newlook.ee\/fi\/toode\/creme-10\/","name":"Renophase Cr\u00e8me 10 (ASIAKKAIDEN SUOSIKKI) - New Look","isPartOf":{"@id":"https:\/\/newlook.ee\/fi\/#website"},"datePublished":"2016-03-24T06:03:16+00:00","dateModified":"2016-03-24T06:03:16+00:00","breadcrumb":{"@id":"https:\/\/newlook.ee\/fi\/toode\/creme-10\/#breadcrumb"},"inLanguage":"fi","potentialAction":[{"@type":"ReadAction","target":["https:\/\/newlook.ee\/fi\/toode\/creme-10\/"]}]},{"@type":"BreadcrumbList","@id":"https:\/\/newlook.ee\/fi\/toode\/creme-10\/#breadcrumb","itemListElement":[{"@type":"ListItem","position":1,"name":"Home","item":"https:\/\/newlook.ee\/fi\/"},{"@type":"ListItem","position":2,"name":"Verkkokauppa","item":"https:\/\/newlook.ee\/fi\/verkkokauppa\/"},{"@type":"ListItem","position":3,"name":"Renophase Cr\u00e8me 10 (ASIAKKAIDEN SUOSIKKI)"}]},{"@type":"WebSite","@id":"https:\/\/newlook.ee\/fi\/#website","url":"https:\/\/newlook.ee\/fi\/","name":"New Look","description":"","publisher":{"@id":"https:\/\/newlook.ee\/fi\/#organization"},"potentialAction":[{"@type":"SearchAction","target":{"@type":"EntryPoint","urlTemplate":"https:\/\/newlook.ee\/fi\/?s={search_term_string}"},"query-input":"required name=search_term_string"}],"inLanguage":"fi"},{"@type":"Organization","@id":"https:\/\/newlook.ee\/fi\/#organization","name":"New Look","url":"https:\/\/newlook.ee\/fi\/","logo":{"@type":"ImageObject","inLanguage":"fi","@id":"https:\/\/newlook.ee\/fi\/#\/schema\/logo\/image\/","url":"https:\/\/newlook.ee\/wp-content\/uploads\/2023\/04\/cropped-Favicon-1.png","contentUrl":"https:\/\/newlook.ee\/wp-content\/uploads\/2023\/04\/cropped-Favicon-1.png","width":512,"height":512,"caption":"New Look"},"image":{"@id":"https:\/\/newlook.ee\/fi\/#\/schema\/logo\/image\/"}}]}},"_links":{"self":[{"href":"https:\/\/newlook.ee\/fi\/wp-json\/wp\/v2\/product\/2930"}],"collection":[{"href":"https:\/\/newlook.ee\/fi\/wp-json\/wp\/v2\/product"}],"about":[{"href":"https:\/\/newlook.ee\/fi\/wp-json\/wp\/v2\/types\/product"}],"replies":[{"embeddable":true,"href":"https:\/\/newlook.ee\/fi\/wp-json\/wp\/v2\/comments?post=2930"}],"wp:featuredmedia":[{"embeddable":true,"href":"https:\/\/newlook.ee\/fi\/wp-json\/wp\/v2\/media\/2788"}],"wp:attachment":[{"href":"https:\/\/newlook.ee\/fi\/wp-json\/wp\/v2\/media?parent=2930"}],"wp:term":[{"taxonomy":"product_cat","embeddable":true,"href":"https:\/\/newlook.ee\/fi\/wp-json\/wp\/v2\/product_cat?post=2930"},{"taxonomy":"product_tag","embeddable":true,"href":"https:\/\/newlook.ee\/fi\/wp-json\/wp\/v2\/product_tag?post=2930"}],"curies":[{"name":"wp","href":"https:\/\/api.w.org\/{rel}","templated":true}]}}