{"id":2931,"date":"2016-03-24T08:08:04","date_gmt":"2016-03-24T06:08:04","guid":{"rendered":"https:\/\/newlook.ee\/toode\/renophase-creme-20\/"},"modified":"2025-12-01T00:07:58","modified_gmt":"2025-11-30T22:07:58","slug":"creme-20","status":"publish","type":"product","link":"https:\/\/newlook.ee\/fi\/toode\/creme-20\/","title":{"rendered":"Renophase Cr\u00e8me 20"},"content":{"rendered":"<p>Vuosien mittaan iho paksuuntuu ja kuivuu, ihon v\u00e4ri muuttuu ep\u00e4tasaiseksi ja kirkkaus h\u00e4vi\u00e4\u00e4. Ihon pintakerroksen ep\u00e4normaali paksuuntuminen ja haitallisten vapaiden radikaalien vaikutus nopeuttavat ik\u00e4\u00e4ntymisen merkkien esiintymist\u00e4. Laboratoires Renophase on niiden prosessien est\u00e4misen tarkoituksessa kehitt\u00e4nyt antioksidanttivoiteen, joka edist\u00e4\u00e4 ihon uudistumiskyky\u00e4. Korkean glykoolihappopitoisuuden ansiosta voide nuorentaa ihoa ja palauttaa sille n\u00e4kyv\u00e4n ja pysyv\u00e4n kirkkauden.   <\/p>\n<p>Voide uudistaa soluja, elvytt\u00e4\u00e4 ihon aineenvaihduntaa ja fibroplastien toimintaa tuotteeseen sis\u00e4ltyv\u00e4n 20% glykoolihapon ansiosta. Glykoolihappo v\u00e4hent\u00e4\u00e4 huomattavasti rasvan muodostumista iholle ja supistaa huokoset v\u00e4hitellen, antaen iholle yht\u00e4l\u00e4isen v\u00e4ris\u00e4vyn ja rakenteen. Voide uudistaa ja tasoittaa ihoa, palauttaa kirkkauden, tasoittaa ihon v\u00e4rin ja v\u00e4hent\u00e4\u00e4 ryppyjen muodostumista.  <\/p>\n<p>T\u00e4t\u00e4 erinomaista voidetta pel\u00e4t\u00e4\u00e4n sen vahvuuden vuoksi, mutta ne, jotka havaitsevat t\u00e4m\u00e4n voiteen todellisen vaikutuksen, k\u00e4ytt\u00e4v\u00e4t sit\u00e4 aina y\u00f6voiteena. Varoitus! Kun voide loppuu, on pidett\u00e4v\u00e4 2-3 kuukauden tauko ja k\u00e4ytett\u00e4v\u00e4 muita voiteita.  <\/p>\n<p><strong>Sopii:<\/strong> Paksu, eloton iho, rypyt. Sopii erinomaisesti auringon vaikutuksesta vaurioituneelle iholle. <\/p>\n<p><strong>M\u00e4\u00e4r\u00e4:<\/strong> 50 ml<\/p>\n<p>&nbsp;<\/p>\n","protected":false},"excerpt":{"rendered":"<p>Glykoolihappoa ja antioksidantteja sis\u00e4lt\u00e4v\u00e4 tehokas kirkastava ja hell\u00e4varaisesti kuoriva voide. Pigmenttil\u00e4iski\u00e4 vaalentava, ihoa tasoittava, ik\u00e4\u00e4ntymisen prosesseja est\u00e4v\u00e4 voide. <\/p>\n","protected":false},"featured_media":2755,"comment_status":"open","ping_status":"closed","template":"","meta":{"_acf_changed":false,"inline_featured_image":false},"product_cat":[64,61],"product_tag":[],"acf":[],"yoast_head":"<!-- This site is optimized with the Yoast SEO plugin v22.0 - https:\/\/yoast.com\/wordpress\/plugins\/seo\/ -->\n<title>Renophase Cr\u00e8me 20 - New Look<\/title>\n<meta name=\"robots\" content=\"index, follow, max-snippet:-1, max-image-preview:large, max-video-preview:-1\" \/>\n<link rel=\"canonical\" href=\"https:\/\/newlook.ee\/fi\/toode\/creme-20\/\" \/>\n<meta property=\"og:locale\" content=\"fi_FI\" \/>\n<meta property=\"og:type\" content=\"article\" \/>\n<meta property=\"og:title\" content=\"Renophase Cr\u00e8me 20 - New Look\" \/>\n<meta property=\"og:description\" content=\"Glykoolihappoa ja antioksidantteja sis\u00e4lt\u00e4v\u00e4 tehokas kirkastava ja hell\u00e4varaisesti kuoriva voide. Pigmenttil\u00e4iski\u00e4 vaalentava, ihoa tasoittava, ik\u00e4\u00e4ntymisen prosesseja est\u00e4v\u00e4 voide.\" \/>\n<meta property=\"og:url\" content=\"https:\/\/newlook.ee\/fi\/toode\/creme-20\/\" \/>\n<meta property=\"og:site_name\" content=\"New Look\" \/>\n<meta property=\"article:modified_time\" content=\"2025-11-30T22:07:58+00:00\" \/>\n<meta property=\"og:image\" content=\"https:\/\/newlook.ee\/wp-content\/uploads\/2016\/03\/Reboost_RENEWPEEL-Creme-20.jpg\" \/>\n\t<meta property=\"og:image:width\" content=\"1000\" \/>\n\t<meta property=\"og:image:height\" content=\"1000\" \/>\n\t<meta property=\"og:image:type\" content=\"image\/jpeg\" \/>\n<meta name=\"twitter:card\" content=\"summary_large_image\" \/>\n<meta name=\"twitter:label1\" content=\"Arvioitu lukuaika\" \/>\n\t<meta name=\"twitter:data1\" content=\"1 minuutti\" \/>\n<script type=\"application\/ld+json\" class=\"yoast-schema-graph\">{\"@context\":\"https:\/\/schema.org\",\"@graph\":[{\"@type\":\"WebPage\",\"@id\":\"https:\/\/newlook.ee\/fi\/toode\/creme-20\/\",\"url\":\"https:\/\/newlook.ee\/fi\/toode\/creme-20\/\",\"name\":\"Renophase Cr\u00e8me 20 - New Look\",\"isPartOf\":{\"@id\":\"https:\/\/newlook.ee\/fi\/#website\"},\"datePublished\":\"2016-03-24T06:08:04+00:00\",\"dateModified\":\"2025-11-30T22:07:58+00:00\",\"breadcrumb\":{\"@id\":\"https:\/\/newlook.ee\/fi\/toode\/creme-20\/#breadcrumb\"},\"inLanguage\":\"fi\",\"potentialAction\":[{\"@type\":\"ReadAction\",\"target\":[\"https:\/\/newlook.ee\/fi\/toode\/creme-20\/\"]}]},{\"@type\":\"BreadcrumbList\",\"@id\":\"https:\/\/newlook.ee\/fi\/toode\/creme-20\/#breadcrumb\",\"itemListElement\":[{\"@type\":\"ListItem\",\"position\":1,\"name\":\"Home\",\"item\":\"https:\/\/newlook.ee\/fi\/\"},{\"@type\":\"ListItem\",\"position\":2,\"name\":\"Verkkokauppa\",\"item\":\"https:\/\/newlook.ee\/fi\/verkkokauppa\/\"},{\"@type\":\"ListItem\",\"position\":3,\"name\":\"Renophase Cr\u00e8me 20\"}]},{\"@type\":\"WebSite\",\"@id\":\"https:\/\/newlook.ee\/fi\/#website\",\"url\":\"https:\/\/newlook.ee\/fi\/\",\"name\":\"New Look\",\"description\":\"\",\"publisher\":{\"@id\":\"https:\/\/newlook.ee\/fi\/#organization\"},\"potentialAction\":[{\"@type\":\"SearchAction\",\"target\":{\"@type\":\"EntryPoint\",\"urlTemplate\":\"https:\/\/newlook.ee\/fi\/?s={search_term_string}\"},\"query-input\":\"required name=search_term_string\"}],\"inLanguage\":\"fi\"},{\"@type\":\"Organization\",\"@id\":\"https:\/\/newlook.ee\/fi\/#organization\",\"name\":\"New Look\",\"url\":\"https:\/\/newlook.ee\/fi\/\",\"logo\":{\"@type\":\"ImageObject\",\"inLanguage\":\"fi\",\"@id\":\"https:\/\/newlook.ee\/fi\/#\/schema\/logo\/image\/\",\"url\":\"https:\/\/newlook.ee\/wp-content\/uploads\/2023\/04\/cropped-Favicon-1.png\",\"contentUrl\":\"https:\/\/newlook.ee\/wp-content\/uploads\/2023\/04\/cropped-Favicon-1.png\",\"width\":512,\"height\":512,\"caption\":\"New Look\"},\"image\":{\"@id\":\"https:\/\/newlook.ee\/fi\/#\/schema\/logo\/image\/\"}}]}<\/script>\n<!-- \/ Yoast SEO plugin. -->","yoast_head_json":{"title":"Renophase Cr\u00e8me 20 - New Look","robots":{"index":"index","follow":"follow","max-snippet":"max-snippet:-1","max-image-preview":"max-image-preview:large","max-video-preview":"max-video-preview:-1"},"canonical":"https:\/\/newlook.ee\/fi\/toode\/creme-20\/","og_locale":"fi_FI","og_type":"article","og_title":"Renophase Cr\u00e8me 20 - New Look","og_description":"Glykoolihappoa ja antioksidantteja sis\u00e4lt\u00e4v\u00e4 tehokas kirkastava ja hell\u00e4varaisesti kuoriva voide. Pigmenttil\u00e4iski\u00e4 vaalentava, ihoa tasoittava, ik\u00e4\u00e4ntymisen prosesseja est\u00e4v\u00e4 voide.","og_url":"https:\/\/newlook.ee\/fi\/toode\/creme-20\/","og_site_name":"New Look","article_modified_time":"2025-11-30T22:07:58+00:00","og_image":[{"width":1000,"height":1000,"url":"https:\/\/newlook.ee\/wp-content\/uploads\/2016\/03\/Reboost_RENEWPEEL-Creme-20.jpg","type":"image\/jpeg"}],"twitter_card":"summary_large_image","twitter_misc":{"Arvioitu lukuaika":"1 minuutti"},"schema":{"@context":"https:\/\/schema.org","@graph":[{"@type":"WebPage","@id":"https:\/\/newlook.ee\/fi\/toode\/creme-20\/","url":"https:\/\/newlook.ee\/fi\/toode\/creme-20\/","name":"Renophase Cr\u00e8me 20 - New Look","isPartOf":{"@id":"https:\/\/newlook.ee\/fi\/#website"},"datePublished":"2016-03-24T06:08:04+00:00","dateModified":"2025-11-30T22:07:58+00:00","breadcrumb":{"@id":"https:\/\/newlook.ee\/fi\/toode\/creme-20\/#breadcrumb"},"inLanguage":"fi","potentialAction":[{"@type":"ReadAction","target":["https:\/\/newlook.ee\/fi\/toode\/creme-20\/"]}]},{"@type":"BreadcrumbList","@id":"https:\/\/newlook.ee\/fi\/toode\/creme-20\/#breadcrumb","itemListElement":[{"@type":"ListItem","position":1,"name":"Home","item":"https:\/\/newlook.ee\/fi\/"},{"@type":"ListItem","position":2,"name":"Verkkokauppa","item":"https:\/\/newlook.ee\/fi\/verkkokauppa\/"},{"@type":"ListItem","position":3,"name":"Renophase Cr\u00e8me 20"}]},{"@type":"WebSite","@id":"https:\/\/newlook.ee\/fi\/#website","url":"https:\/\/newlook.ee\/fi\/","name":"New Look","description":"","publisher":{"@id":"https:\/\/newlook.ee\/fi\/#organization"},"potentialAction":[{"@type":"SearchAction","target":{"@type":"EntryPoint","urlTemplate":"https:\/\/newlook.ee\/fi\/?s={search_term_string}"},"query-input":"required name=search_term_string"}],"inLanguage":"fi"},{"@type":"Organization","@id":"https:\/\/newlook.ee\/fi\/#organization","name":"New Look","url":"https:\/\/newlook.ee\/fi\/","logo":{"@type":"ImageObject","inLanguage":"fi","@id":"https:\/\/newlook.ee\/fi\/#\/schema\/logo\/image\/","url":"https:\/\/newlook.ee\/wp-content\/uploads\/2023\/04\/cropped-Favicon-1.png","contentUrl":"https:\/\/newlook.ee\/wp-content\/uploads\/2023\/04\/cropped-Favicon-1.png","width":512,"height":512,"caption":"New Look"},"image":{"@id":"https:\/\/newlook.ee\/fi\/#\/schema\/logo\/image\/"}}]}},"_links":{"self":[{"href":"https:\/\/newlook.ee\/fi\/wp-json\/wp\/v2\/product\/2931"}],"collection":[{"href":"https:\/\/newlook.ee\/fi\/wp-json\/wp\/v2\/product"}],"about":[{"href":"https:\/\/newlook.ee\/fi\/wp-json\/wp\/v2\/types\/product"}],"replies":[{"embeddable":true,"href":"https:\/\/newlook.ee\/fi\/wp-json\/wp\/v2\/comments?post=2931"}],"wp:featuredmedia":[{"embeddable":true,"href":"https:\/\/newlook.ee\/fi\/wp-json\/wp\/v2\/media\/2755"}],"wp:attachment":[{"href":"https:\/\/newlook.ee\/fi\/wp-json\/wp\/v2\/media?parent=2931"}],"wp:term":[{"taxonomy":"product_cat","embeddable":true,"href":"https:\/\/newlook.ee\/fi\/wp-json\/wp\/v2\/product_cat?post=2931"},{"taxonomy":"product_tag","embeddable":true,"href":"https:\/\/newlook.ee\/fi\/wp-json\/wp\/v2\/product_tag?post=2931"}],"curies":[{"name":"wp","href":"https:\/\/api.w.org\/{rel}","templated":true}]}}