{"id":2933,"date":"2016-03-24T08:12:00","date_gmt":"2016-03-24T06:12:00","guid":{"rendered":"https:\/\/newlook.ee\/toode\/renophase-creme-hydra\/"},"modified":"2025-12-01T00:07:58","modified_gmt":"2025-11-30T22:07:58","slug":"hydra","status":"publish","type":"product","link":"https:\/\/newlook.ee\/fi\/toode\/hydra\/","title":{"rendered":"Renophase Cr\u00e8me Hydra+"},"content":{"rendered":"<p>Herkk\u00e4\u00e4n ihoon vaikuttaa huono tai riitt\u00e4m\u00e4t\u00f6n kuorinta, jonka tuloksena iho on samea, kuiva ja ohut. Antioksidantteja sis\u00e4lt\u00e4v\u00e4, kuoriva ja kosteuttava Renohpase Hydra + voide vaikuttaa samanaikaisesti ihon rakenteeseen ja kosteustasapainoon ja palauttaa iholle nuorekkaan kirkkauden. <strong> <\/strong><\/p>\n<p>Antioksidantteja sis\u00e4lt\u00e4v\u00e4, eritt\u00e4in hell\u00e4varainen kuoriva ja kosteuttava voide on ensimm\u00e4inen vaihe p\u00e4ivitt\u00e4isess\u00e4 ihonhoidossa. Tuotetta k\u00e4ytet\u00e4\u00e4n aamuisin herk\u00e4lle ja ohuelle iholle. Monitoimivoide parantaa ihon rakennetta, antaa iholle nuorekkaan ulkon\u00e4\u00f6n ja kirkkaan v\u00e4rin. Voide palauttaa ihon kosteustasapainon. Iho tuntuu p\u00e4iv\u00e4 p\u00e4iv\u00e4lt\u00e4 pehme\u00e4mm\u00e4lt\u00e4, sile\u00e4mm\u00e4lt\u00e4 ja kirkkaammalta.    <\/p>\n<p><strong>Sopii:<\/strong> Kosteuden, kirkkauden ja elinvoiman palauttamiseen. Sopii kaikille ihotyypeille, erityisesti herk\u00e4lle iholle. <\/p>\n<p><strong>M\u00e4\u00e4r\u00e4:<\/strong> 50 ml<\/p>\n","protected":false},"excerpt":{"rendered":"<p>Sokeriruokohappoa sis\u00e4lt\u00e4v\u00e4 ihon rakennetta tasoittava ja syv\u00e4kosteuttava voide herk\u00e4lle iholle.<\/p>\n","protected":false},"featured_media":2787,"comment_status":"closed","ping_status":"closed","template":"","meta":{"_acf_changed":false,"inline_featured_image":false},"product_cat":[69,67,68,61],"product_tag":[],"acf":[],"yoast_head":"<!-- This site is optimized with the Yoast SEO plugin v22.0 - https:\/\/yoast.com\/wordpress\/plugins\/seo\/ -->\n<title>Renophase Cr\u00e8me Hydra+ - New Look<\/title>\n<meta name=\"robots\" content=\"index, follow, max-snippet:-1, max-image-preview:large, max-video-preview:-1\" \/>\n<link rel=\"canonical\" href=\"https:\/\/newlook.ee\/fi\/toode\/hydra\/\" \/>\n<meta property=\"og:locale\" content=\"fi_FI\" \/>\n<meta property=\"og:type\" content=\"article\" \/>\n<meta property=\"og:title\" content=\"Renophase Cr\u00e8me Hydra+ - New Look\" \/>\n<meta property=\"og:description\" content=\"Sokeriruokohappoa sis\u00e4lt\u00e4v\u00e4 ihon rakennetta tasoittava ja syv\u00e4kosteuttava voide herk\u00e4lle iholle.\" \/>\n<meta property=\"og:url\" content=\"https:\/\/newlook.ee\/fi\/toode\/hydra\/\" \/>\n<meta property=\"og:site_name\" content=\"New Look\" \/>\n<meta property=\"article:modified_time\" content=\"2025-11-30T22:07:58+00:00\" \/>\n<meta property=\"og:image\" content=\"https:\/\/newlook.ee\/wp-content\/uploads\/2016\/03\/Reboost_NEWSKIN_Creme_hydra.jpg\" \/>\n\t<meta property=\"og:image:width\" content=\"1200\" \/>\n\t<meta property=\"og:image:height\" content=\"1200\" \/>\n\t<meta property=\"og:image:type\" content=\"image\/jpeg\" \/>\n<meta name=\"twitter:card\" content=\"summary_large_image\" \/>\n<meta name=\"twitter:label1\" content=\"Arvioitu lukuaika\" \/>\n\t<meta name=\"twitter:data1\" content=\"1 minuutti\" \/>\n<script type=\"application\/ld+json\" class=\"yoast-schema-graph\">{\"@context\":\"https:\/\/schema.org\",\"@graph\":[{\"@type\":\"WebPage\",\"@id\":\"https:\/\/newlook.ee\/fi\/toode\/hydra\/\",\"url\":\"https:\/\/newlook.ee\/fi\/toode\/hydra\/\",\"name\":\"Renophase Cr\u00e8me Hydra+ - New Look\",\"isPartOf\":{\"@id\":\"https:\/\/newlook.ee\/fi\/#website\"},\"datePublished\":\"2016-03-24T06:12:00+00:00\",\"dateModified\":\"2025-11-30T22:07:58+00:00\",\"breadcrumb\":{\"@id\":\"https:\/\/newlook.ee\/fi\/toode\/hydra\/#breadcrumb\"},\"inLanguage\":\"fi\",\"potentialAction\":[{\"@type\":\"ReadAction\",\"target\":[\"https:\/\/newlook.ee\/fi\/toode\/hydra\/\"]}]},{\"@type\":\"BreadcrumbList\",\"@id\":\"https:\/\/newlook.ee\/fi\/toode\/hydra\/#breadcrumb\",\"itemListElement\":[{\"@type\":\"ListItem\",\"position\":1,\"name\":\"Home\",\"item\":\"https:\/\/newlook.ee\/fi\/\"},{\"@type\":\"ListItem\",\"position\":2,\"name\":\"Verkkokauppa\",\"item\":\"https:\/\/newlook.ee\/fi\/verkkokauppa\/\"},{\"@type\":\"ListItem\",\"position\":3,\"name\":\"Renophase Cr\u00e8me Hydra+\"}]},{\"@type\":\"WebSite\",\"@id\":\"https:\/\/newlook.ee\/fi\/#website\",\"url\":\"https:\/\/newlook.ee\/fi\/\",\"name\":\"New Look\",\"description\":\"\",\"publisher\":{\"@id\":\"https:\/\/newlook.ee\/fi\/#organization\"},\"potentialAction\":[{\"@type\":\"SearchAction\",\"target\":{\"@type\":\"EntryPoint\",\"urlTemplate\":\"https:\/\/newlook.ee\/fi\/?s={search_term_string}\"},\"query-input\":\"required name=search_term_string\"}],\"inLanguage\":\"fi\"},{\"@type\":\"Organization\",\"@id\":\"https:\/\/newlook.ee\/fi\/#organization\",\"name\":\"New Look\",\"url\":\"https:\/\/newlook.ee\/fi\/\",\"logo\":{\"@type\":\"ImageObject\",\"inLanguage\":\"fi\",\"@id\":\"https:\/\/newlook.ee\/fi\/#\/schema\/logo\/image\/\",\"url\":\"https:\/\/newlook.ee\/wp-content\/uploads\/2023\/04\/cropped-Favicon-1.png\",\"contentUrl\":\"https:\/\/newlook.ee\/wp-content\/uploads\/2023\/04\/cropped-Favicon-1.png\",\"width\":512,\"height\":512,\"caption\":\"New Look\"},\"image\":{\"@id\":\"https:\/\/newlook.ee\/fi\/#\/schema\/logo\/image\/\"}}]}<\/script>\n<!-- \/ Yoast SEO plugin. -->","yoast_head_json":{"title":"Renophase Cr\u00e8me Hydra+ - New Look","robots":{"index":"index","follow":"follow","max-snippet":"max-snippet:-1","max-image-preview":"max-image-preview:large","max-video-preview":"max-video-preview:-1"},"canonical":"https:\/\/newlook.ee\/fi\/toode\/hydra\/","og_locale":"fi_FI","og_type":"article","og_title":"Renophase Cr\u00e8me Hydra+ - New Look","og_description":"Sokeriruokohappoa sis\u00e4lt\u00e4v\u00e4 ihon rakennetta tasoittava ja syv\u00e4kosteuttava voide herk\u00e4lle iholle.","og_url":"https:\/\/newlook.ee\/fi\/toode\/hydra\/","og_site_name":"New Look","article_modified_time":"2025-11-30T22:07:58+00:00","og_image":[{"width":1200,"height":1200,"url":"https:\/\/newlook.ee\/wp-content\/uploads\/2016\/03\/Reboost_NEWSKIN_Creme_hydra.jpg","type":"image\/jpeg"}],"twitter_card":"summary_large_image","twitter_misc":{"Arvioitu lukuaika":"1 minuutti"},"schema":{"@context":"https:\/\/schema.org","@graph":[{"@type":"WebPage","@id":"https:\/\/newlook.ee\/fi\/toode\/hydra\/","url":"https:\/\/newlook.ee\/fi\/toode\/hydra\/","name":"Renophase Cr\u00e8me Hydra+ - New Look","isPartOf":{"@id":"https:\/\/newlook.ee\/fi\/#website"},"datePublished":"2016-03-24T06:12:00+00:00","dateModified":"2025-11-30T22:07:58+00:00","breadcrumb":{"@id":"https:\/\/newlook.ee\/fi\/toode\/hydra\/#breadcrumb"},"inLanguage":"fi","potentialAction":[{"@type":"ReadAction","target":["https:\/\/newlook.ee\/fi\/toode\/hydra\/"]}]},{"@type":"BreadcrumbList","@id":"https:\/\/newlook.ee\/fi\/toode\/hydra\/#breadcrumb","itemListElement":[{"@type":"ListItem","position":1,"name":"Home","item":"https:\/\/newlook.ee\/fi\/"},{"@type":"ListItem","position":2,"name":"Verkkokauppa","item":"https:\/\/newlook.ee\/fi\/verkkokauppa\/"},{"@type":"ListItem","position":3,"name":"Renophase Cr\u00e8me Hydra+"}]},{"@type":"WebSite","@id":"https:\/\/newlook.ee\/fi\/#website","url":"https:\/\/newlook.ee\/fi\/","name":"New Look","description":"","publisher":{"@id":"https:\/\/newlook.ee\/fi\/#organization"},"potentialAction":[{"@type":"SearchAction","target":{"@type":"EntryPoint","urlTemplate":"https:\/\/newlook.ee\/fi\/?s={search_term_string}"},"query-input":"required name=search_term_string"}],"inLanguage":"fi"},{"@type":"Organization","@id":"https:\/\/newlook.ee\/fi\/#organization","name":"New Look","url":"https:\/\/newlook.ee\/fi\/","logo":{"@type":"ImageObject","inLanguage":"fi","@id":"https:\/\/newlook.ee\/fi\/#\/schema\/logo\/image\/","url":"https:\/\/newlook.ee\/wp-content\/uploads\/2023\/04\/cropped-Favicon-1.png","contentUrl":"https:\/\/newlook.ee\/wp-content\/uploads\/2023\/04\/cropped-Favicon-1.png","width":512,"height":512,"caption":"New Look"},"image":{"@id":"https:\/\/newlook.ee\/fi\/#\/schema\/logo\/image\/"}}]}},"_links":{"self":[{"href":"https:\/\/newlook.ee\/fi\/wp-json\/wp\/v2\/product\/2933"}],"collection":[{"href":"https:\/\/newlook.ee\/fi\/wp-json\/wp\/v2\/product"}],"about":[{"href":"https:\/\/newlook.ee\/fi\/wp-json\/wp\/v2\/types\/product"}],"replies":[{"embeddable":true,"href":"https:\/\/newlook.ee\/fi\/wp-json\/wp\/v2\/comments?post=2933"}],"wp:featuredmedia":[{"embeddable":true,"href":"https:\/\/newlook.ee\/fi\/wp-json\/wp\/v2\/media\/2787"}],"wp:attachment":[{"href":"https:\/\/newlook.ee\/fi\/wp-json\/wp\/v2\/media?parent=2933"}],"wp:term":[{"taxonomy":"product_cat","embeddable":true,"href":"https:\/\/newlook.ee\/fi\/wp-json\/wp\/v2\/product_cat?post=2933"},{"taxonomy":"product_tag","embeddable":true,"href":"https:\/\/newlook.ee\/fi\/wp-json\/wp\/v2\/product_tag?post=2933"}],"curies":[{"name":"wp","href":"https:\/\/api.w.org\/{rel}","templated":true}]}}