{"id":2934,"date":"2016-03-24T08:21:08","date_gmt":"2016-03-24T06:21:08","guid":{"rendered":"https:\/\/newlook.ee\/toode\/renophase-creme-repair-l\/"},"modified":"2016-03-24T08:21:08","modified_gmt":"2016-03-24T06:21:08","slug":"repair-creme-l","status":"publish","type":"product","link":"https:\/\/newlook.ee\/fi\/toode\/repair-creme-l\/","title":{"rendered":"Renophase Cr\u00e8me Repair L"},"content":{"rendered":"<p>Ihon terveyden palauttamiseen tarvitaan samanaikaista kosteutusta, ihon rakenteen uudistumista ja suojausta vapaiden radikaalien haitallisilta vaikutuksilta. Hoitava L voide sis\u00e4lt\u00e4\u00e4 rohtosammakonputkea, joka on vahva antioksidantti, poistaa ihon \u00e4rsytyksen, rauhoittaa ja parantaa ihon luonnollista uudistumiskyky\u00e4. Edist\u00e4\u00e4 haavojen parantumista, arpien hoitoa ja ihosolujen uudistumista.  <\/p>\n<p><strong>Sopii:<\/strong> P\u00e4ivitt\u00e4inen suoja vaurioituneelle tai \u00e4rtyneelle iholle. Kaikille ihotyypeille. <\/p>\n<p><strong>M\u00e4\u00e4r\u00e4:<\/strong> 50 ml<\/p>\n","protected":false},"excerpt":{"rendered":"<p>Uudistava ja tulehdusta ehk\u00e4isev\u00e4 voide rauhoittaa, kosteuttaa ja suojaa herkk\u00e4\u00e4 ja \u00e4rtynytt\u00e4 ihoa lyhyen ajan sis\u00e4ll\u00e4. (AURINGONOTON YHTEYDESS\u00c4 PAKOLLISTA) <\/p>\n","protected":false},"featured_media":2756,"comment_status":"closed","ping_status":"closed","template":"","meta":{"_acf_changed":false,"inline_featured_image":false},"product_cat":[70,67,64],"product_tag":[],"acf":[],"yoast_head":"<!-- This site is optimized with the Yoast SEO plugin v22.0 - https:\/\/yoast.com\/wordpress\/plugins\/seo\/ -->\n<title>Renophase Cr\u00e8me Repair L - New Look<\/title>\n<meta name=\"robots\" content=\"index, follow, max-snippet:-1, max-image-preview:large, max-video-preview:-1\" \/>\n<link rel=\"canonical\" href=\"https:\/\/newlook.ee\/fi\/toode\/repair-creme-l\/\" \/>\n<meta property=\"og:locale\" content=\"fi_FI\" \/>\n<meta property=\"og:type\" content=\"article\" \/>\n<meta property=\"og:title\" content=\"Renophase Cr\u00e8me Repair L - New Look\" \/>\n<meta property=\"og:description\" content=\"Uudistava ja tulehdusta ehk\u00e4isev\u00e4 voide rauhoittaa, kosteuttaa ja suojaa herkk\u00e4\u00e4 ja \u00e4rtynytt\u00e4 ihoa lyhyen ajan sis\u00e4ll\u00e4. (AURINGONOTON YHTEYDESS\u00c4 PAKOLLISTA)\" \/>\n<meta property=\"og:url\" content=\"https:\/\/newlook.ee\/fi\/toode\/repair-creme-l\/\" \/>\n<meta property=\"og:site_name\" content=\"New Look\" \/>\n<meta property=\"og:image\" content=\"https:\/\/newlook.ee\/wp-content\/uploads\/2016\/03\/Rebirth_REPAIR-Creme-L.jpg\" \/>\n\t<meta property=\"og:image:width\" content=\"1000\" \/>\n\t<meta property=\"og:image:height\" content=\"1000\" \/>\n\t<meta property=\"og:image:type\" content=\"image\/jpeg\" \/>\n<meta name=\"twitter:card\" content=\"summary_large_image\" \/>\n<script type=\"application\/ld+json\" class=\"yoast-schema-graph\">{\"@context\":\"https:\/\/schema.org\",\"@graph\":[{\"@type\":\"WebPage\",\"@id\":\"https:\/\/newlook.ee\/fi\/toode\/repair-creme-l\/\",\"url\":\"https:\/\/newlook.ee\/fi\/toode\/repair-creme-l\/\",\"name\":\"Renophase Cr\u00e8me Repair L - New Look\",\"isPartOf\":{\"@id\":\"https:\/\/newlook.ee\/fi\/#website\"},\"datePublished\":\"2016-03-24T06:21:08+00:00\",\"dateModified\":\"2016-03-24T06:21:08+00:00\",\"breadcrumb\":{\"@id\":\"https:\/\/newlook.ee\/fi\/toode\/repair-creme-l\/#breadcrumb\"},\"inLanguage\":\"fi\",\"potentialAction\":[{\"@type\":\"ReadAction\",\"target\":[\"https:\/\/newlook.ee\/fi\/toode\/repair-creme-l\/\"]}]},{\"@type\":\"BreadcrumbList\",\"@id\":\"https:\/\/newlook.ee\/fi\/toode\/repair-creme-l\/#breadcrumb\",\"itemListElement\":[{\"@type\":\"ListItem\",\"position\":1,\"name\":\"Home\",\"item\":\"https:\/\/newlook.ee\/fi\/\"},{\"@type\":\"ListItem\",\"position\":2,\"name\":\"Verkkokauppa\",\"item\":\"https:\/\/newlook.ee\/fi\/verkkokauppa\/\"},{\"@type\":\"ListItem\",\"position\":3,\"name\":\"Renophase Cr\u00e8me Repair L\"}]},{\"@type\":\"WebSite\",\"@id\":\"https:\/\/newlook.ee\/fi\/#website\",\"url\":\"https:\/\/newlook.ee\/fi\/\",\"name\":\"New Look\",\"description\":\"\",\"publisher\":{\"@id\":\"https:\/\/newlook.ee\/fi\/#organization\"},\"potentialAction\":[{\"@type\":\"SearchAction\",\"target\":{\"@type\":\"EntryPoint\",\"urlTemplate\":\"https:\/\/newlook.ee\/fi\/?s={search_term_string}\"},\"query-input\":\"required name=search_term_string\"}],\"inLanguage\":\"fi\"},{\"@type\":\"Organization\",\"@id\":\"https:\/\/newlook.ee\/fi\/#organization\",\"name\":\"New Look\",\"url\":\"https:\/\/newlook.ee\/fi\/\",\"logo\":{\"@type\":\"ImageObject\",\"inLanguage\":\"fi\",\"@id\":\"https:\/\/newlook.ee\/fi\/#\/schema\/logo\/image\/\",\"url\":\"https:\/\/newlook.ee\/wp-content\/uploads\/2023\/04\/cropped-Favicon-1.png\",\"contentUrl\":\"https:\/\/newlook.ee\/wp-content\/uploads\/2023\/04\/cropped-Favicon-1.png\",\"width\":512,\"height\":512,\"caption\":\"New Look\"},\"image\":{\"@id\":\"https:\/\/newlook.ee\/fi\/#\/schema\/logo\/image\/\"}}]}<\/script>\n<!-- \/ Yoast SEO plugin. -->","yoast_head_json":{"title":"Renophase Cr\u00e8me Repair L - New Look","robots":{"index":"index","follow":"follow","max-snippet":"max-snippet:-1","max-image-preview":"max-image-preview:large","max-video-preview":"max-video-preview:-1"},"canonical":"https:\/\/newlook.ee\/fi\/toode\/repair-creme-l\/","og_locale":"fi_FI","og_type":"article","og_title":"Renophase Cr\u00e8me Repair L - New Look","og_description":"Uudistava ja tulehdusta ehk\u00e4isev\u00e4 voide rauhoittaa, kosteuttaa ja suojaa herkk\u00e4\u00e4 ja \u00e4rtynytt\u00e4 ihoa lyhyen ajan sis\u00e4ll\u00e4. (AURINGONOTON YHTEYDESS\u00c4 PAKOLLISTA)","og_url":"https:\/\/newlook.ee\/fi\/toode\/repair-creme-l\/","og_site_name":"New Look","og_image":[{"width":1000,"height":1000,"url":"https:\/\/newlook.ee\/wp-content\/uploads\/2016\/03\/Rebirth_REPAIR-Creme-L.jpg","type":"image\/jpeg"}],"twitter_card":"summary_large_image","schema":{"@context":"https:\/\/schema.org","@graph":[{"@type":"WebPage","@id":"https:\/\/newlook.ee\/fi\/toode\/repair-creme-l\/","url":"https:\/\/newlook.ee\/fi\/toode\/repair-creme-l\/","name":"Renophase Cr\u00e8me Repair L - New Look","isPartOf":{"@id":"https:\/\/newlook.ee\/fi\/#website"},"datePublished":"2016-03-24T06:21:08+00:00","dateModified":"2016-03-24T06:21:08+00:00","breadcrumb":{"@id":"https:\/\/newlook.ee\/fi\/toode\/repair-creme-l\/#breadcrumb"},"inLanguage":"fi","potentialAction":[{"@type":"ReadAction","target":["https:\/\/newlook.ee\/fi\/toode\/repair-creme-l\/"]}]},{"@type":"BreadcrumbList","@id":"https:\/\/newlook.ee\/fi\/toode\/repair-creme-l\/#breadcrumb","itemListElement":[{"@type":"ListItem","position":1,"name":"Home","item":"https:\/\/newlook.ee\/fi\/"},{"@type":"ListItem","position":2,"name":"Verkkokauppa","item":"https:\/\/newlook.ee\/fi\/verkkokauppa\/"},{"@type":"ListItem","position":3,"name":"Renophase Cr\u00e8me Repair L"}]},{"@type":"WebSite","@id":"https:\/\/newlook.ee\/fi\/#website","url":"https:\/\/newlook.ee\/fi\/","name":"New Look","description":"","publisher":{"@id":"https:\/\/newlook.ee\/fi\/#organization"},"potentialAction":[{"@type":"SearchAction","target":{"@type":"EntryPoint","urlTemplate":"https:\/\/newlook.ee\/fi\/?s={search_term_string}"},"query-input":"required name=search_term_string"}],"inLanguage":"fi"},{"@type":"Organization","@id":"https:\/\/newlook.ee\/fi\/#organization","name":"New Look","url":"https:\/\/newlook.ee\/fi\/","logo":{"@type":"ImageObject","inLanguage":"fi","@id":"https:\/\/newlook.ee\/fi\/#\/schema\/logo\/image\/","url":"https:\/\/newlook.ee\/wp-content\/uploads\/2023\/04\/cropped-Favicon-1.png","contentUrl":"https:\/\/newlook.ee\/wp-content\/uploads\/2023\/04\/cropped-Favicon-1.png","width":512,"height":512,"caption":"New Look"},"image":{"@id":"https:\/\/newlook.ee\/fi\/#\/schema\/logo\/image\/"}}]}},"_links":{"self":[{"href":"https:\/\/newlook.ee\/fi\/wp-json\/wp\/v2\/product\/2934"}],"collection":[{"href":"https:\/\/newlook.ee\/fi\/wp-json\/wp\/v2\/product"}],"about":[{"href":"https:\/\/newlook.ee\/fi\/wp-json\/wp\/v2\/types\/product"}],"replies":[{"embeddable":true,"href":"https:\/\/newlook.ee\/fi\/wp-json\/wp\/v2\/comments?post=2934"}],"wp:featuredmedia":[{"embeddable":true,"href":"https:\/\/newlook.ee\/fi\/wp-json\/wp\/v2\/media\/2756"}],"wp:attachment":[{"href":"https:\/\/newlook.ee\/fi\/wp-json\/wp\/v2\/media?parent=2934"}],"wp:term":[{"taxonomy":"product_cat","embeddable":true,"href":"https:\/\/newlook.ee\/fi\/wp-json\/wp\/v2\/product_cat?post=2934"},{"taxonomy":"product_tag","embeddable":true,"href":"https:\/\/newlook.ee\/fi\/wp-json\/wp\/v2\/product_tag?post=2934"}],"curies":[{"name":"wp","href":"https:\/\/api.w.org\/{rel}","templated":true}]}}