{"id":2935,"date":"2016-12-13T11:39:14","date_gmt":"2016-12-13T09:39:14","guid":{"rendered":"https:\/\/newlook.ee\/toode\/renophase-serum-nativ-v-2017-paras-seerumi\/"},"modified":"2025-12-01T00:07:57","modified_gmt":"2025-11-30T22:07:57","slug":"serum-nativ","status":"publish","type":"product","link":"https:\/\/newlook.ee\/fi\/toode\/serum-nativ\/","title":{"rendered":"Renophase Serum Nativ (V. 2017 PARAS SEERUMI)"},"content":{"rendered":"<p style=\"text-align: left;\">Iho uudistuu joka p\u00e4iv\u00e4, s\u00e4ilytt\u00e4\u00e4kseen nuorekkuutensa. Ajan kuluessa ihon kyky taistella tehokkaasti myrkkyj\u00e4 vastaan v\u00e4henee ja solut menett\u00e4v\u00e4t energiaa, mik\u00e4 nopeuttaa ik\u00e4\u00e4ntymisen merkkien aiheutumista. Ihon luonnollisiin prosesseihin vaikuttamisen tarkoituksessa on Laboratoires Renophase kehitt\u00e4nyt Nativ seerumin. T\u00e4m\u00e4 tehokas elvytt\u00e4v\u00e4 seerumi palauttaa p\u00e4iv\u00e4st\u00e4 p\u00e4iv\u00e4\u00e4n ihon kyvyn taistella myrkkyj\u00e4 vastaan, jonka tuloksena iho pystyy taas uudistumaan.   <\/p>\n<p>Seerumi lievitt\u00e4\u00e4 aktiivisesti tulehdusta, nopeuttaa miliumien poistumista ja hoitaa ekseeman. Vahvistaa ihonalaisia kudoksia ja verisuonien seini\u00e4 ja elvytt\u00e4\u00e4 ihosolujen toimintaa. <\/p>\n<p><strong>Sopii:<\/strong> tehokas hoito sopii kaikille ihotyypeille (akneiho, couperosaiho, ruusufinni, \u00e4rtynyt ja ik\u00e4\u00e4ntyv\u00e4 iho).<\/p>\n<p><strong>M\u00e4\u00e4r\u00e4:<\/strong> 20 ml<\/p>\n","protected":false},"excerpt":{"rendered":"<p>Syv\u00e4puhdistava, talirauhasten toimintaa s\u00e4\u00e4telev\u00e4 ja ihoa vahvistava seerumi.<\/p>\n","protected":false},"featured_media":2757,"comment_status":"closed","ping_status":"closed","template":"","meta":{"_acf_changed":false,"inline_featured_image":false},"product_cat":[67,64,59],"product_tag":[],"acf":[],"yoast_head":"<!-- This site is optimized with the Yoast SEO plugin v22.0 - https:\/\/yoast.com\/wordpress\/plugins\/seo\/ -->\n<title>Renophase Serum Nativ (V. 2017 PARAS SEERUMI) - New Look<\/title>\n<meta name=\"robots\" content=\"index, follow, max-snippet:-1, max-image-preview:large, max-video-preview:-1\" \/>\n<link rel=\"canonical\" href=\"https:\/\/newlook.ee\/fi\/toode\/serum-nativ\/\" \/>\n<meta property=\"og:locale\" content=\"fi_FI\" \/>\n<meta property=\"og:type\" content=\"article\" \/>\n<meta property=\"og:title\" content=\"Renophase Serum Nativ (V. 2017 PARAS SEERUMI) - New Look\" \/>\n<meta property=\"og:description\" content=\"Syv\u00e4puhdistava, talirauhasten toimintaa s\u00e4\u00e4telev\u00e4 ja ihoa vahvistava seerumi.\" \/>\n<meta property=\"og:url\" content=\"https:\/\/newlook.ee\/fi\/toode\/serum-nativ\/\" \/>\n<meta property=\"og:site_name\" content=\"New Look\" \/>\n<meta property=\"article:modified_time\" content=\"2025-11-30T22:07:57+00:00\" \/>\n<meta property=\"og:image\" content=\"https:\/\/newlook.ee\/wp-content\/uploads\/2016\/03\/Rebirth_NATIV-Serum.jpg\" \/>\n\t<meta property=\"og:image:width\" content=\"1000\" \/>\n\t<meta property=\"og:image:height\" content=\"1000\" \/>\n\t<meta property=\"og:image:type\" content=\"image\/jpeg\" \/>\n<meta name=\"twitter:card\" content=\"summary_large_image\" \/>\n<meta name=\"twitter:label1\" content=\"Arvioitu lukuaika\" \/>\n\t<meta name=\"twitter:data1\" content=\"1 minuutti\" \/>\n<script type=\"application\/ld+json\" class=\"yoast-schema-graph\">{\"@context\":\"https:\/\/schema.org\",\"@graph\":[{\"@type\":\"WebPage\",\"@id\":\"https:\/\/newlook.ee\/fi\/toode\/serum-nativ\/\",\"url\":\"https:\/\/newlook.ee\/fi\/toode\/serum-nativ\/\",\"name\":\"Renophase Serum Nativ (V. 2017 PARAS SEERUMI) - New Look\",\"isPartOf\":{\"@id\":\"https:\/\/newlook.ee\/fi\/#website\"},\"datePublished\":\"2016-12-13T09:39:14+00:00\",\"dateModified\":\"2025-11-30T22:07:57+00:00\",\"breadcrumb\":{\"@id\":\"https:\/\/newlook.ee\/fi\/toode\/serum-nativ\/#breadcrumb\"},\"inLanguage\":\"fi\",\"potentialAction\":[{\"@type\":\"ReadAction\",\"target\":[\"https:\/\/newlook.ee\/fi\/toode\/serum-nativ\/\"]}]},{\"@type\":\"BreadcrumbList\",\"@id\":\"https:\/\/newlook.ee\/fi\/toode\/serum-nativ\/#breadcrumb\",\"itemListElement\":[{\"@type\":\"ListItem\",\"position\":1,\"name\":\"Home\",\"item\":\"https:\/\/newlook.ee\/fi\/\"},{\"@type\":\"ListItem\",\"position\":2,\"name\":\"Verkkokauppa\",\"item\":\"https:\/\/newlook.ee\/fi\/verkkokauppa\/\"},{\"@type\":\"ListItem\",\"position\":3,\"name\":\"Renophase Serum Nativ (V. 2017 PARAS SEERUMI)\"}]},{\"@type\":\"WebSite\",\"@id\":\"https:\/\/newlook.ee\/fi\/#website\",\"url\":\"https:\/\/newlook.ee\/fi\/\",\"name\":\"New Look\",\"description\":\"\",\"publisher\":{\"@id\":\"https:\/\/newlook.ee\/fi\/#organization\"},\"potentialAction\":[{\"@type\":\"SearchAction\",\"target\":{\"@type\":\"EntryPoint\",\"urlTemplate\":\"https:\/\/newlook.ee\/fi\/?s={search_term_string}\"},\"query-input\":\"required name=search_term_string\"}],\"inLanguage\":\"fi\"},{\"@type\":\"Organization\",\"@id\":\"https:\/\/newlook.ee\/fi\/#organization\",\"name\":\"New Look\",\"url\":\"https:\/\/newlook.ee\/fi\/\",\"logo\":{\"@type\":\"ImageObject\",\"inLanguage\":\"fi\",\"@id\":\"https:\/\/newlook.ee\/fi\/#\/schema\/logo\/image\/\",\"url\":\"https:\/\/newlook.ee\/wp-content\/uploads\/2023\/04\/cropped-Favicon-1.png\",\"contentUrl\":\"https:\/\/newlook.ee\/wp-content\/uploads\/2023\/04\/cropped-Favicon-1.png\",\"width\":512,\"height\":512,\"caption\":\"New Look\"},\"image\":{\"@id\":\"https:\/\/newlook.ee\/fi\/#\/schema\/logo\/image\/\"}}]}<\/script>\n<!-- \/ Yoast SEO plugin. -->","yoast_head_json":{"title":"Renophase Serum Nativ (V. 2017 PARAS SEERUMI) - New Look","robots":{"index":"index","follow":"follow","max-snippet":"max-snippet:-1","max-image-preview":"max-image-preview:large","max-video-preview":"max-video-preview:-1"},"canonical":"https:\/\/newlook.ee\/fi\/toode\/serum-nativ\/","og_locale":"fi_FI","og_type":"article","og_title":"Renophase Serum Nativ (V. 2017 PARAS SEERUMI) - New Look","og_description":"Syv\u00e4puhdistava, talirauhasten toimintaa s\u00e4\u00e4telev\u00e4 ja ihoa vahvistava seerumi.","og_url":"https:\/\/newlook.ee\/fi\/toode\/serum-nativ\/","og_site_name":"New Look","article_modified_time":"2025-11-30T22:07:57+00:00","og_image":[{"width":1000,"height":1000,"url":"https:\/\/newlook.ee\/wp-content\/uploads\/2016\/03\/Rebirth_NATIV-Serum.jpg","type":"image\/jpeg"}],"twitter_card":"summary_large_image","twitter_misc":{"Arvioitu lukuaika":"1 minuutti"},"schema":{"@context":"https:\/\/schema.org","@graph":[{"@type":"WebPage","@id":"https:\/\/newlook.ee\/fi\/toode\/serum-nativ\/","url":"https:\/\/newlook.ee\/fi\/toode\/serum-nativ\/","name":"Renophase Serum Nativ (V. 2017 PARAS SEERUMI) - New Look","isPartOf":{"@id":"https:\/\/newlook.ee\/fi\/#website"},"datePublished":"2016-12-13T09:39:14+00:00","dateModified":"2025-11-30T22:07:57+00:00","breadcrumb":{"@id":"https:\/\/newlook.ee\/fi\/toode\/serum-nativ\/#breadcrumb"},"inLanguage":"fi","potentialAction":[{"@type":"ReadAction","target":["https:\/\/newlook.ee\/fi\/toode\/serum-nativ\/"]}]},{"@type":"BreadcrumbList","@id":"https:\/\/newlook.ee\/fi\/toode\/serum-nativ\/#breadcrumb","itemListElement":[{"@type":"ListItem","position":1,"name":"Home","item":"https:\/\/newlook.ee\/fi\/"},{"@type":"ListItem","position":2,"name":"Verkkokauppa","item":"https:\/\/newlook.ee\/fi\/verkkokauppa\/"},{"@type":"ListItem","position":3,"name":"Renophase Serum Nativ (V. 2017 PARAS SEERUMI)"}]},{"@type":"WebSite","@id":"https:\/\/newlook.ee\/fi\/#website","url":"https:\/\/newlook.ee\/fi\/","name":"New Look","description":"","publisher":{"@id":"https:\/\/newlook.ee\/fi\/#organization"},"potentialAction":[{"@type":"SearchAction","target":{"@type":"EntryPoint","urlTemplate":"https:\/\/newlook.ee\/fi\/?s={search_term_string}"},"query-input":"required name=search_term_string"}],"inLanguage":"fi"},{"@type":"Organization","@id":"https:\/\/newlook.ee\/fi\/#organization","name":"New Look","url":"https:\/\/newlook.ee\/fi\/","logo":{"@type":"ImageObject","inLanguage":"fi","@id":"https:\/\/newlook.ee\/fi\/#\/schema\/logo\/image\/","url":"https:\/\/newlook.ee\/wp-content\/uploads\/2023\/04\/cropped-Favicon-1.png","contentUrl":"https:\/\/newlook.ee\/wp-content\/uploads\/2023\/04\/cropped-Favicon-1.png","width":512,"height":512,"caption":"New Look"},"image":{"@id":"https:\/\/newlook.ee\/fi\/#\/schema\/logo\/image\/"}}]}},"_links":{"self":[{"href":"https:\/\/newlook.ee\/fi\/wp-json\/wp\/v2\/product\/2935"}],"collection":[{"href":"https:\/\/newlook.ee\/fi\/wp-json\/wp\/v2\/product"}],"about":[{"href":"https:\/\/newlook.ee\/fi\/wp-json\/wp\/v2\/types\/product"}],"replies":[{"embeddable":true,"href":"https:\/\/newlook.ee\/fi\/wp-json\/wp\/v2\/comments?post=2935"}],"wp:featuredmedia":[{"embeddable":true,"href":"https:\/\/newlook.ee\/fi\/wp-json\/wp\/v2\/media\/2757"}],"wp:attachment":[{"href":"https:\/\/newlook.ee\/fi\/wp-json\/wp\/v2\/media?parent=2935"}],"wp:term":[{"taxonomy":"product_cat","embeddable":true,"href":"https:\/\/newlook.ee\/fi\/wp-json\/wp\/v2\/product_cat?post=2935"},{"taxonomy":"product_tag","embeddable":true,"href":"https:\/\/newlook.ee\/fi\/wp-json\/wp\/v2\/product_tag?post=2935"}],"curies":[{"name":"wp","href":"https:\/\/api.w.org\/{rel}","templated":true}]}}