{"id":2936,"date":"2017-06-16T15:54:01","date_gmt":"2017-06-16T12:54:01","guid":{"rendered":"https:\/\/newlook.ee\/toode\/renophase-sunblock-spf-50\/"},"modified":"2025-12-01T00:07:57","modified_gmt":"2025-11-30T22:07:57","slug":"sunblock-spf-50","status":"publish","type":"product","link":"https:\/\/newlook.ee\/fi\/toode\/sunblock-spf-50\/","title":{"rendered":"Renophase SUNBLOCK SPF 50"},"content":{"rendered":"<p>Uusi voide on valmistettu ekologisesti vastuullisella tavalla, v\u00e4hent\u00e4\u00e4kseen ymp\u00e4rist\u00f6vaikutuksia mm.koralleihin, jotka ovat tuhoutumisvaarassa juuri veteen joutuvien kemiallisten yhdisteiden vaikutuksesta. Sunblock 50 on t\u00e4ysin uuden sukupolven auringonsuojavoide, jossa on yhdistetty erilaiset auringonsuojasuodattimet ja luonnolliset antioksidantit, tarjotakseen iholle maksimaalisen suojan auringons\u00e4teiden haitallisia vaikutuksia vastaan ja est\u00e4\u00e4kseen ihon ennenaikaista ik\u00e4\u00e4ntymist\u00e4. <\/p>\n<p>Fysikaalisena suojasuodattimena on k\u00e4ytetty uutta tehoainetta Hydroxyapatite, jonka teht\u00e4v\u00e4n\u00e4 on auringons\u00e4teiden hajottaminen ja takaisin heijastaminen ihon pinnalta. Tehoaine on turvallinen ja t\u00e4ysin luonnollinen, sit\u00e4 l\u00f6ytyy kalsiumin yhten\u00e4 muotona jopa meid\u00e4n luissa ja hampaissa. Vapaiden radikaalien vaikutukselta suojaa rannikkom\u00e4ntyuute, joka on ainutlaatuinen vahva luonnollinen antioksidantti , sis\u00e4lt\u00e4en 40 aktiivista yhdistett\u00e4. Rannikkom\u00e4ntyuute on yli 50 kertaa aktiivisempi antioksidantti kuin E-vitamiini ja 20 kertaa aktiivisempi kuin C-vitamiini.   <\/p>\n<p>Sellainen uusi koostumus pystyy varmistamaan iholle v\u00e4hint\u00e4\u00e4n 50 UVA-suojasuodattimen, est\u00e4m\u00e4\u00e4n vapaiden radikaalien aiheutetun oksidatiivisen stressin ja muuttamaan ihon rakenteen tasaisemmaksi ja sile\u00e4mm\u00e4ksi. Iholle ei j\u00e4\u00e4 valkoista kerrosta. <\/p>\n<p>Muistutamme, ett\u00e4 auringonsuojalla on ratkaiseva merkitys nuorekkaan ihon yll\u00e4pit\u00e4misess\u00e4, ihosy\u00f6v\u00e4n ja ryppyjen ehk\u00e4isyss\u00e4.<br \/>\n<span style=\"font-size: 1.6rem;\">Suosittelemme k\u00e4ytt\u00e4m\u00e4\u00e4n auringonsuojavoiteen alla Seerum Source C Peptides ja Creme L, mik\u00e4 takaa kasvojen iholle t\u00e4ydellisen suojan.<\/span><\/p>\n<p>Tuote sopii my\u00f6s lapsille.<\/p>\n<p>M\u00e4\u00e4r\u00e4: 100ml<\/p>\n","protected":false},"excerpt":{"rendered":"<p>Tehokas vedenkest\u00e4v\u00e4 auringonsuojavoide SPF 50<\/p>\n","protected":false},"featured_media":2799,"comment_status":"closed","ping_status":"closed","template":"","meta":{"_acf_changed":false,"inline_featured_image":false},"product_cat":[70,69,64],"product_tag":[],"acf":[],"yoast_head":"<!-- This site is optimized with the Yoast SEO plugin v22.0 - https:\/\/yoast.com\/wordpress\/plugins\/seo\/ -->\n<title>Renophase SUNBLOCK SPF 50 - New Look<\/title>\n<meta name=\"robots\" content=\"index, follow, max-snippet:-1, max-image-preview:large, max-video-preview:-1\" \/>\n<link rel=\"canonical\" href=\"https:\/\/newlook.ee\/fi\/toode\/sunblock-spf-50\/\" \/>\n<meta property=\"og:locale\" content=\"fi_FI\" \/>\n<meta property=\"og:type\" content=\"article\" \/>\n<meta property=\"og:title\" content=\"Renophase SUNBLOCK SPF 50 - New Look\" \/>\n<meta property=\"og:description\" content=\"Tehokas vedenkest\u00e4v\u00e4 auringonsuojavoide SPF 50\" \/>\n<meta property=\"og:url\" content=\"https:\/\/newlook.ee\/fi\/toode\/sunblock-spf-50\/\" \/>\n<meta property=\"og:site_name\" content=\"New Look\" \/>\n<meta property=\"article:modified_time\" content=\"2025-11-30T22:07:57+00:00\" \/>\n<meta property=\"og:image\" content=\"https:\/\/newlook.ee\/wp-content\/uploads\/2017\/06\/RENOPHASE-SPF50.jpeg\" \/>\n\t<meta property=\"og:image:width\" content=\"225\" \/>\n\t<meta property=\"og:image:height\" content=\"225\" \/>\n\t<meta property=\"og:image:type\" content=\"image\/jpeg\" \/>\n<meta name=\"twitter:card\" content=\"summary_large_image\" \/>\n<meta name=\"twitter:label1\" content=\"Arvioitu lukuaika\" \/>\n\t<meta name=\"twitter:data1\" content=\"1 minuutti\" \/>\n<script type=\"application\/ld+json\" class=\"yoast-schema-graph\">{\"@context\":\"https:\/\/schema.org\",\"@graph\":[{\"@type\":\"WebPage\",\"@id\":\"https:\/\/newlook.ee\/fi\/toode\/sunblock-spf-50\/\",\"url\":\"https:\/\/newlook.ee\/fi\/toode\/sunblock-spf-50\/\",\"name\":\"Renophase SUNBLOCK SPF 50 - New Look\",\"isPartOf\":{\"@id\":\"https:\/\/newlook.ee\/fi\/#website\"},\"datePublished\":\"2017-06-16T12:54:01+00:00\",\"dateModified\":\"2025-11-30T22:07:57+00:00\",\"breadcrumb\":{\"@id\":\"https:\/\/newlook.ee\/fi\/toode\/sunblock-spf-50\/#breadcrumb\"},\"inLanguage\":\"fi\",\"potentialAction\":[{\"@type\":\"ReadAction\",\"target\":[\"https:\/\/newlook.ee\/fi\/toode\/sunblock-spf-50\/\"]}]},{\"@type\":\"BreadcrumbList\",\"@id\":\"https:\/\/newlook.ee\/fi\/toode\/sunblock-spf-50\/#breadcrumb\",\"itemListElement\":[{\"@type\":\"ListItem\",\"position\":1,\"name\":\"Home\",\"item\":\"https:\/\/newlook.ee\/fi\/\"},{\"@type\":\"ListItem\",\"position\":2,\"name\":\"Verkkokauppa\",\"item\":\"https:\/\/newlook.ee\/fi\/verkkokauppa\/\"},{\"@type\":\"ListItem\",\"position\":3,\"name\":\"Renophase SUNBLOCK SPF 50\"}]},{\"@type\":\"WebSite\",\"@id\":\"https:\/\/newlook.ee\/fi\/#website\",\"url\":\"https:\/\/newlook.ee\/fi\/\",\"name\":\"New Look\",\"description\":\"\",\"publisher\":{\"@id\":\"https:\/\/newlook.ee\/fi\/#organization\"},\"potentialAction\":[{\"@type\":\"SearchAction\",\"target\":{\"@type\":\"EntryPoint\",\"urlTemplate\":\"https:\/\/newlook.ee\/fi\/?s={search_term_string}\"},\"query-input\":\"required name=search_term_string\"}],\"inLanguage\":\"fi\"},{\"@type\":\"Organization\",\"@id\":\"https:\/\/newlook.ee\/fi\/#organization\",\"name\":\"New Look\",\"url\":\"https:\/\/newlook.ee\/fi\/\",\"logo\":{\"@type\":\"ImageObject\",\"inLanguage\":\"fi\",\"@id\":\"https:\/\/newlook.ee\/fi\/#\/schema\/logo\/image\/\",\"url\":\"https:\/\/newlook.ee\/wp-content\/uploads\/2023\/04\/cropped-Favicon-1.png\",\"contentUrl\":\"https:\/\/newlook.ee\/wp-content\/uploads\/2023\/04\/cropped-Favicon-1.png\",\"width\":512,\"height\":512,\"caption\":\"New Look\"},\"image\":{\"@id\":\"https:\/\/newlook.ee\/fi\/#\/schema\/logo\/image\/\"}}]}<\/script>\n<!-- \/ Yoast SEO plugin. -->","yoast_head_json":{"title":"Renophase SUNBLOCK SPF 50 - New Look","robots":{"index":"index","follow":"follow","max-snippet":"max-snippet:-1","max-image-preview":"max-image-preview:large","max-video-preview":"max-video-preview:-1"},"canonical":"https:\/\/newlook.ee\/fi\/toode\/sunblock-spf-50\/","og_locale":"fi_FI","og_type":"article","og_title":"Renophase SUNBLOCK SPF 50 - New Look","og_description":"Tehokas vedenkest\u00e4v\u00e4 auringonsuojavoide SPF 50","og_url":"https:\/\/newlook.ee\/fi\/toode\/sunblock-spf-50\/","og_site_name":"New Look","article_modified_time":"2025-11-30T22:07:57+00:00","og_image":[{"width":225,"height":225,"url":"https:\/\/newlook.ee\/wp-content\/uploads\/2017\/06\/RENOPHASE-SPF50.jpeg","type":"image\/jpeg"}],"twitter_card":"summary_large_image","twitter_misc":{"Arvioitu lukuaika":"1 minuutti"},"schema":{"@context":"https:\/\/schema.org","@graph":[{"@type":"WebPage","@id":"https:\/\/newlook.ee\/fi\/toode\/sunblock-spf-50\/","url":"https:\/\/newlook.ee\/fi\/toode\/sunblock-spf-50\/","name":"Renophase SUNBLOCK SPF 50 - New Look","isPartOf":{"@id":"https:\/\/newlook.ee\/fi\/#website"},"datePublished":"2017-06-16T12:54:01+00:00","dateModified":"2025-11-30T22:07:57+00:00","breadcrumb":{"@id":"https:\/\/newlook.ee\/fi\/toode\/sunblock-spf-50\/#breadcrumb"},"inLanguage":"fi","potentialAction":[{"@type":"ReadAction","target":["https:\/\/newlook.ee\/fi\/toode\/sunblock-spf-50\/"]}]},{"@type":"BreadcrumbList","@id":"https:\/\/newlook.ee\/fi\/toode\/sunblock-spf-50\/#breadcrumb","itemListElement":[{"@type":"ListItem","position":1,"name":"Home","item":"https:\/\/newlook.ee\/fi\/"},{"@type":"ListItem","position":2,"name":"Verkkokauppa","item":"https:\/\/newlook.ee\/fi\/verkkokauppa\/"},{"@type":"ListItem","position":3,"name":"Renophase SUNBLOCK SPF 50"}]},{"@type":"WebSite","@id":"https:\/\/newlook.ee\/fi\/#website","url":"https:\/\/newlook.ee\/fi\/","name":"New Look","description":"","publisher":{"@id":"https:\/\/newlook.ee\/fi\/#organization"},"potentialAction":[{"@type":"SearchAction","target":{"@type":"EntryPoint","urlTemplate":"https:\/\/newlook.ee\/fi\/?s={search_term_string}"},"query-input":"required name=search_term_string"}],"inLanguage":"fi"},{"@type":"Organization","@id":"https:\/\/newlook.ee\/fi\/#organization","name":"New Look","url":"https:\/\/newlook.ee\/fi\/","logo":{"@type":"ImageObject","inLanguage":"fi","@id":"https:\/\/newlook.ee\/fi\/#\/schema\/logo\/image\/","url":"https:\/\/newlook.ee\/wp-content\/uploads\/2023\/04\/cropped-Favicon-1.png","contentUrl":"https:\/\/newlook.ee\/wp-content\/uploads\/2023\/04\/cropped-Favicon-1.png","width":512,"height":512,"caption":"New Look"},"image":{"@id":"https:\/\/newlook.ee\/fi\/#\/schema\/logo\/image\/"}}]}},"_links":{"self":[{"href":"https:\/\/newlook.ee\/fi\/wp-json\/wp\/v2\/product\/2936"}],"collection":[{"href":"https:\/\/newlook.ee\/fi\/wp-json\/wp\/v2\/product"}],"about":[{"href":"https:\/\/newlook.ee\/fi\/wp-json\/wp\/v2\/types\/product"}],"replies":[{"embeddable":true,"href":"https:\/\/newlook.ee\/fi\/wp-json\/wp\/v2\/comments?post=2936"}],"wp:featuredmedia":[{"embeddable":true,"href":"https:\/\/newlook.ee\/fi\/wp-json\/wp\/v2\/media\/2799"}],"wp:attachment":[{"href":"https:\/\/newlook.ee\/fi\/wp-json\/wp\/v2\/media?parent=2936"}],"wp:term":[{"taxonomy":"product_cat","embeddable":true,"href":"https:\/\/newlook.ee\/fi\/wp-json\/wp\/v2\/product_cat?post=2936"},{"taxonomy":"product_tag","embeddable":true,"href":"https:\/\/newlook.ee\/fi\/wp-json\/wp\/v2\/product_tag?post=2936"}],"curies":[{"name":"wp","href":"https:\/\/api.w.org\/{rel}","templated":true}]}}