{"id":2939,"date":"2016-03-25T09:53:37","date_gmt":"2016-03-25T07:53:37","guid":{"rendered":"https:\/\/newlook.ee\/toode\/renophase-skinbiotic-fluid\/"},"modified":"2023-04-11T17:29:50","modified_gmt":"2023-04-11T14:29:50","slug":"skinbiotic-fluid","status":"publish","type":"product","link":"https:\/\/newlook.ee\/fi\/toode\/skinbiotic-fluid\/","title":{"rendered":"Renophase SkinBiotic Fluid"},"content":{"rendered":"<p>Herk\u00e4n\/\u00e4rtyneen ihon reaktiot ovat hyvin n\u00e4kyviss\u00e4, koska iho ei pysty riitt\u00e4v\u00e4sti suojaamaan itse\u00e4\u00e4n. Luonnollisen suojausmekanismin vahvistamiseksi ja ulkoisen stressin vastustuskyvyn lis\u00e4\u00e4miseksi on Laboratoires Renophase kehitt\u00e4nyt Skinbiotic voiteen. Silkkim\u00e4inen voide sis\u00e4lt\u00e4\u00e4 hyvin tiivistettyj\u00e4 probiootteja, jotka auttavat voimakkaasti v\u00e4hent\u00e4m\u00e4\u00e4n ihon \u00e4rtymist\u00e4\/herkkyytt\u00e4 (ekseema, couperosa, ruusufinni), palauttamaan herk\u00e4n ihon tasapainon, lis\u00e4\u00e4v\u00e4t sille luonnollista vastustuskyky\u00e4 ja kest\u00e4vyytt\u00e4 ymp\u00e4rist\u00f6olosuhteille, kosteuttaen samanaikaisesti ihoa.  <\/p>\n<p>Kosteuttava tulehdusta est\u00e4v\u00e4 voide on erinomainen apuv\u00e4line akneihon hoitoon aamulla ja ruusufinnien hoitoon illalla.<\/p>\n<p><strong>Sopii:<\/strong> Herkk\u00e4, \u00e4rtynyt iho. Kaikille ihotyypeille. <\/p>\n<p><strong>M\u00e4\u00e4r\u00e4:<\/strong> 50 ml<strong>        <\/strong><\/p>\n","protected":false},"excerpt":{"rendered":"<p>Rauhoittaa \u00e4rtyneen ihon probioottien ansiosta. Tulehdusta est\u00e4v\u00e4 kosteuttaja. <\/p>\n","protected":false},"featured_media":2765,"comment_status":"open","ping_status":"closed","template":"","meta":{"_acf_changed":false,"inline_featured_image":false},"product_cat":[67,64],"product_tag":[],"acf":[],"yoast_head":"<!-- This site is optimized with the Yoast SEO plugin v22.0 - https:\/\/yoast.com\/wordpress\/plugins\/seo\/ -->\n<title>Renophase SkinBiotic Fluid - New Look<\/title>\n<meta name=\"robots\" content=\"index, follow, max-snippet:-1, max-image-preview:large, max-video-preview:-1\" \/>\n<link rel=\"canonical\" href=\"https:\/\/newlook.ee\/fi\/toode\/skinbiotic-fluid\/\" \/>\n<meta property=\"og:locale\" content=\"fi_FI\" \/>\n<meta property=\"og:type\" content=\"article\" \/>\n<meta property=\"og:title\" content=\"Renophase SkinBiotic Fluid - New Look\" \/>\n<meta property=\"og:description\" content=\"Rauhoittaa \u00e4rtyneen ihon probioottien ansiosta. Tulehdusta est\u00e4v\u00e4 kosteuttaja.\" \/>\n<meta property=\"og:url\" content=\"https:\/\/newlook.ee\/fi\/toode\/skinbiotic-fluid\/\" \/>\n<meta property=\"og:site_name\" content=\"New Look\" \/>\n<meta property=\"article:modified_time\" content=\"2023-04-11T14:29:50+00:00\" \/>\n<meta property=\"og:image\" content=\"https:\/\/newlook.ee\/wp-content\/uploads\/2016\/03\/04.Reveal_SKINBIOTIC-Fluide.jpg\" \/>\n\t<meta property=\"og:image:width\" content=\"1200\" \/>\n\t<meta property=\"og:image:height\" content=\"1200\" \/>\n\t<meta property=\"og:image:type\" content=\"image\/jpeg\" \/>\n<meta name=\"twitter:card\" content=\"summary_large_image\" \/>\n<meta name=\"twitter:label1\" content=\"Arvioitu lukuaika\" \/>\n\t<meta name=\"twitter:data1\" content=\"1 minuutti\" \/>\n<script type=\"application\/ld+json\" class=\"yoast-schema-graph\">{\"@context\":\"https:\/\/schema.org\",\"@graph\":[{\"@type\":\"WebPage\",\"@id\":\"https:\/\/newlook.ee\/fi\/toode\/skinbiotic-fluid\/\",\"url\":\"https:\/\/newlook.ee\/fi\/toode\/skinbiotic-fluid\/\",\"name\":\"Renophase SkinBiotic Fluid - New Look\",\"isPartOf\":{\"@id\":\"https:\/\/newlook.ee\/fi\/#website\"},\"datePublished\":\"2016-03-25T07:53:37+00:00\",\"dateModified\":\"2023-04-11T14:29:50+00:00\",\"breadcrumb\":{\"@id\":\"https:\/\/newlook.ee\/fi\/toode\/skinbiotic-fluid\/#breadcrumb\"},\"inLanguage\":\"fi\",\"potentialAction\":[{\"@type\":\"ReadAction\",\"target\":[\"https:\/\/newlook.ee\/fi\/toode\/skinbiotic-fluid\/\"]}]},{\"@type\":\"BreadcrumbList\",\"@id\":\"https:\/\/newlook.ee\/fi\/toode\/skinbiotic-fluid\/#breadcrumb\",\"itemListElement\":[{\"@type\":\"ListItem\",\"position\":1,\"name\":\"Home\",\"item\":\"https:\/\/newlook.ee\/fi\/\"},{\"@type\":\"ListItem\",\"position\":2,\"name\":\"Verkkokauppa\",\"item\":\"https:\/\/newlook.ee\/fi\/verkkokauppa\/\"},{\"@type\":\"ListItem\",\"position\":3,\"name\":\"Renophase SkinBiotic Fluid\"}]},{\"@type\":\"WebSite\",\"@id\":\"https:\/\/newlook.ee\/fi\/#website\",\"url\":\"https:\/\/newlook.ee\/fi\/\",\"name\":\"New Look\",\"description\":\"\",\"publisher\":{\"@id\":\"https:\/\/newlook.ee\/fi\/#organization\"},\"potentialAction\":[{\"@type\":\"SearchAction\",\"target\":{\"@type\":\"EntryPoint\",\"urlTemplate\":\"https:\/\/newlook.ee\/fi\/?s={search_term_string}\"},\"query-input\":\"required name=search_term_string\"}],\"inLanguage\":\"fi\"},{\"@type\":\"Organization\",\"@id\":\"https:\/\/newlook.ee\/fi\/#organization\",\"name\":\"New Look\",\"url\":\"https:\/\/newlook.ee\/fi\/\",\"logo\":{\"@type\":\"ImageObject\",\"inLanguage\":\"fi\",\"@id\":\"https:\/\/newlook.ee\/fi\/#\/schema\/logo\/image\/\",\"url\":\"https:\/\/newlook.ee\/wp-content\/uploads\/2023\/04\/cropped-Favicon-1.png\",\"contentUrl\":\"https:\/\/newlook.ee\/wp-content\/uploads\/2023\/04\/cropped-Favicon-1.png\",\"width\":512,\"height\":512,\"caption\":\"New Look\"},\"image\":{\"@id\":\"https:\/\/newlook.ee\/fi\/#\/schema\/logo\/image\/\"}}]}<\/script>\n<!-- \/ Yoast SEO plugin. -->","yoast_head_json":{"title":"Renophase SkinBiotic Fluid - New Look","robots":{"index":"index","follow":"follow","max-snippet":"max-snippet:-1","max-image-preview":"max-image-preview:large","max-video-preview":"max-video-preview:-1"},"canonical":"https:\/\/newlook.ee\/fi\/toode\/skinbiotic-fluid\/","og_locale":"fi_FI","og_type":"article","og_title":"Renophase SkinBiotic Fluid - New Look","og_description":"Rauhoittaa \u00e4rtyneen ihon probioottien ansiosta. Tulehdusta est\u00e4v\u00e4 kosteuttaja.","og_url":"https:\/\/newlook.ee\/fi\/toode\/skinbiotic-fluid\/","og_site_name":"New Look","article_modified_time":"2023-04-11T14:29:50+00:00","og_image":[{"width":1200,"height":1200,"url":"https:\/\/newlook.ee\/wp-content\/uploads\/2016\/03\/04.Reveal_SKINBIOTIC-Fluide.jpg","type":"image\/jpeg"}],"twitter_card":"summary_large_image","twitter_misc":{"Arvioitu lukuaika":"1 minuutti"},"schema":{"@context":"https:\/\/schema.org","@graph":[{"@type":"WebPage","@id":"https:\/\/newlook.ee\/fi\/toode\/skinbiotic-fluid\/","url":"https:\/\/newlook.ee\/fi\/toode\/skinbiotic-fluid\/","name":"Renophase SkinBiotic Fluid - New Look","isPartOf":{"@id":"https:\/\/newlook.ee\/fi\/#website"},"datePublished":"2016-03-25T07:53:37+00:00","dateModified":"2023-04-11T14:29:50+00:00","breadcrumb":{"@id":"https:\/\/newlook.ee\/fi\/toode\/skinbiotic-fluid\/#breadcrumb"},"inLanguage":"fi","potentialAction":[{"@type":"ReadAction","target":["https:\/\/newlook.ee\/fi\/toode\/skinbiotic-fluid\/"]}]},{"@type":"BreadcrumbList","@id":"https:\/\/newlook.ee\/fi\/toode\/skinbiotic-fluid\/#breadcrumb","itemListElement":[{"@type":"ListItem","position":1,"name":"Home","item":"https:\/\/newlook.ee\/fi\/"},{"@type":"ListItem","position":2,"name":"Verkkokauppa","item":"https:\/\/newlook.ee\/fi\/verkkokauppa\/"},{"@type":"ListItem","position":3,"name":"Renophase SkinBiotic Fluid"}]},{"@type":"WebSite","@id":"https:\/\/newlook.ee\/fi\/#website","url":"https:\/\/newlook.ee\/fi\/","name":"New Look","description":"","publisher":{"@id":"https:\/\/newlook.ee\/fi\/#organization"},"potentialAction":[{"@type":"SearchAction","target":{"@type":"EntryPoint","urlTemplate":"https:\/\/newlook.ee\/fi\/?s={search_term_string}"},"query-input":"required name=search_term_string"}],"inLanguage":"fi"},{"@type":"Organization","@id":"https:\/\/newlook.ee\/fi\/#organization","name":"New Look","url":"https:\/\/newlook.ee\/fi\/","logo":{"@type":"ImageObject","inLanguage":"fi","@id":"https:\/\/newlook.ee\/fi\/#\/schema\/logo\/image\/","url":"https:\/\/newlook.ee\/wp-content\/uploads\/2023\/04\/cropped-Favicon-1.png","contentUrl":"https:\/\/newlook.ee\/wp-content\/uploads\/2023\/04\/cropped-Favicon-1.png","width":512,"height":512,"caption":"New Look"},"image":{"@id":"https:\/\/newlook.ee\/fi\/#\/schema\/logo\/image\/"}}]}},"_links":{"self":[{"href":"https:\/\/newlook.ee\/fi\/wp-json\/wp\/v2\/product\/2939"}],"collection":[{"href":"https:\/\/newlook.ee\/fi\/wp-json\/wp\/v2\/product"}],"about":[{"href":"https:\/\/newlook.ee\/fi\/wp-json\/wp\/v2\/types\/product"}],"replies":[{"embeddable":true,"href":"https:\/\/newlook.ee\/fi\/wp-json\/wp\/v2\/comments?post=2939"}],"wp:featuredmedia":[{"embeddable":true,"href":"https:\/\/newlook.ee\/fi\/wp-json\/wp\/v2\/media\/2765"}],"wp:attachment":[{"href":"https:\/\/newlook.ee\/fi\/wp-json\/wp\/v2\/media?parent=2939"}],"wp:term":[{"taxonomy":"product_cat","embeddable":true,"href":"https:\/\/newlook.ee\/fi\/wp-json\/wp\/v2\/product_cat?post=2939"},{"taxonomy":"product_tag","embeddable":true,"href":"https:\/\/newlook.ee\/fi\/wp-json\/wp\/v2\/product_tag?post=2939"}],"curies":[{"name":"wp","href":"https:\/\/api.w.org\/{rel}","templated":true}]}}