{"id":2940,"date":"2016-03-25T10:01:51","date_gmt":"2016-03-25T08:01:51","guid":{"rendered":"https:\/\/newlook.ee\/toode\/renophase-renewpure-emulsion-nappyloiden-vihollinen\/"},"modified":"2025-12-01T00:07:57","modified_gmt":"2025-11-30T22:07:57","slug":"renewpure-emulsion-vistrikutapja","status":"publish","type":"product","link":"https:\/\/newlook.ee\/fi\/toode\/renewpure-emulsion-vistrikutapja\/","title":{"rendered":"Renophase Renewpure Emulsion (N\u00c4PPYL\u00d6IDEN VIHOLLINEN)"},"content":{"rendered":"<p>Ongelmaihon (pienet n\u00e4ppyl\u00e4t ja tulehduspes\u00e4kkeet) hoito tarkoittaa monien ongelmien ratkaisemista &#8211; solujen uudistumisen edist\u00e4minen, huokosten avaaminen, rasvan muodostumisen ja bakteerien kasvun v\u00e4hent\u00e4minen. Laboratoires Renophase on kehitt\u00e4nyt siihen n\u00e4ppyl\u00f6it\u00e4 vastaan taistelevan tuotteen, joka kuorii ja puhdistaa ihoa ja tekee ihosta uudelleen kirkkaan. <\/p>\n<p>Emulsio on erinomainen v\u00e4line aknen hoitoon ja ennaltaehk\u00e4isyyn. S\u00e4\u00e4telee talirauhasten toimintaa, est\u00e4\u00e4 tulehdusta ja supistaa laajentuneita huokosia.<\/p>\n<p><strong>Sopii:<\/strong> Ongelmaiho, l\u00e4isk\u00e4t, pienet n\u00e4ppyl\u00e4t ja tulehduspes\u00e4kkeet. Rasvaiselle iholle. <\/p>\n<p><strong>M\u00e4\u00e4r\u00e4:<\/strong> 50 ml<\/p>\n","protected":false},"excerpt":{"rendered":"<p>Tulehdusta est\u00e4v\u00e4, talirauhasten toimintaa s\u00e4\u00e4telev\u00e4 voide. Todellinen vaihtoehto reseptil\u00e4\u00e4kkeille! <\/p>\n","protected":false},"featured_media":2766,"comment_status":"open","ping_status":"closed","template":"","meta":{"_acf_changed":false,"inline_featured_image":false},"product_cat":[59],"product_tag":[],"acf":[],"yoast_head":"<!-- This site is optimized with the Yoast SEO plugin v22.0 - https:\/\/yoast.com\/wordpress\/plugins\/seo\/ -->\n<title>Renophase Renewpure Emulsion (N\u00c4PPYL\u00d6IDEN VIHOLLINEN) - New Look<\/title>\n<meta name=\"robots\" content=\"index, follow, max-snippet:-1, max-image-preview:large, max-video-preview:-1\" \/>\n<link rel=\"canonical\" href=\"https:\/\/newlook.ee\/fi\/toode\/renewpure-emulsion-vistrikutapja\/\" \/>\n<meta property=\"og:locale\" content=\"fi_FI\" \/>\n<meta property=\"og:type\" content=\"article\" \/>\n<meta property=\"og:title\" content=\"Renophase Renewpure Emulsion (N\u00c4PPYL\u00d6IDEN VIHOLLINEN) - New Look\" \/>\n<meta property=\"og:description\" content=\"Tulehdusta est\u00e4v\u00e4, talirauhasten toimintaa s\u00e4\u00e4telev\u00e4 voide. Todellinen vaihtoehto reseptil\u00e4\u00e4kkeille!\" \/>\n<meta property=\"og:url\" content=\"https:\/\/newlook.ee\/fi\/toode\/renewpure-emulsion-vistrikutapja\/\" \/>\n<meta property=\"og:site_name\" content=\"New Look\" \/>\n<meta property=\"article:modified_time\" content=\"2025-11-30T22:07:57+00:00\" \/>\n<meta property=\"og:image\" content=\"https:\/\/newlook.ee\/wp-content\/uploads\/2016\/03\/04.Reveal_RENEWPURE-Emulsion.jpg\" \/>\n\t<meta property=\"og:image:width\" content=\"1200\" \/>\n\t<meta property=\"og:image:height\" content=\"1200\" \/>\n\t<meta property=\"og:image:type\" content=\"image\/jpeg\" \/>\n<meta name=\"twitter:card\" content=\"summary_large_image\" \/>\n<script type=\"application\/ld+json\" class=\"yoast-schema-graph\">{\"@context\":\"https:\/\/schema.org\",\"@graph\":[{\"@type\":\"WebPage\",\"@id\":\"https:\/\/newlook.ee\/fi\/toode\/renewpure-emulsion-vistrikutapja\/\",\"url\":\"https:\/\/newlook.ee\/fi\/toode\/renewpure-emulsion-vistrikutapja\/\",\"name\":\"Renophase Renewpure Emulsion (N\u00c4PPYL\u00d6IDEN VIHOLLINEN) - New Look\",\"isPartOf\":{\"@id\":\"https:\/\/newlook.ee\/fi\/#website\"},\"datePublished\":\"2016-03-25T08:01:51+00:00\",\"dateModified\":\"2025-11-30T22:07:57+00:00\",\"breadcrumb\":{\"@id\":\"https:\/\/newlook.ee\/fi\/toode\/renewpure-emulsion-vistrikutapja\/#breadcrumb\"},\"inLanguage\":\"fi\",\"potentialAction\":[{\"@type\":\"ReadAction\",\"target\":[\"https:\/\/newlook.ee\/fi\/toode\/renewpure-emulsion-vistrikutapja\/\"]}]},{\"@type\":\"BreadcrumbList\",\"@id\":\"https:\/\/newlook.ee\/fi\/toode\/renewpure-emulsion-vistrikutapja\/#breadcrumb\",\"itemListElement\":[{\"@type\":\"ListItem\",\"position\":1,\"name\":\"Home\",\"item\":\"https:\/\/newlook.ee\/fi\/\"},{\"@type\":\"ListItem\",\"position\":2,\"name\":\"Verkkokauppa\",\"item\":\"https:\/\/newlook.ee\/fi\/verkkokauppa\/\"},{\"@type\":\"ListItem\",\"position\":3,\"name\":\"Renophase Renewpure Emulsion (N\u00c4PPYL\u00d6IDEN VIHOLLINEN)\"}]},{\"@type\":\"WebSite\",\"@id\":\"https:\/\/newlook.ee\/fi\/#website\",\"url\":\"https:\/\/newlook.ee\/fi\/\",\"name\":\"New Look\",\"description\":\"\",\"publisher\":{\"@id\":\"https:\/\/newlook.ee\/fi\/#organization\"},\"potentialAction\":[{\"@type\":\"SearchAction\",\"target\":{\"@type\":\"EntryPoint\",\"urlTemplate\":\"https:\/\/newlook.ee\/fi\/?s={search_term_string}\"},\"query-input\":\"required name=search_term_string\"}],\"inLanguage\":\"fi\"},{\"@type\":\"Organization\",\"@id\":\"https:\/\/newlook.ee\/fi\/#organization\",\"name\":\"New Look\",\"url\":\"https:\/\/newlook.ee\/fi\/\",\"logo\":{\"@type\":\"ImageObject\",\"inLanguage\":\"fi\",\"@id\":\"https:\/\/newlook.ee\/fi\/#\/schema\/logo\/image\/\",\"url\":\"https:\/\/newlook.ee\/wp-content\/uploads\/2023\/04\/cropped-Favicon-1.png\",\"contentUrl\":\"https:\/\/newlook.ee\/wp-content\/uploads\/2023\/04\/cropped-Favicon-1.png\",\"width\":512,\"height\":512,\"caption\":\"New Look\"},\"image\":{\"@id\":\"https:\/\/newlook.ee\/fi\/#\/schema\/logo\/image\/\"}}]}<\/script>\n<!-- \/ Yoast SEO plugin. -->","yoast_head_json":{"title":"Renophase Renewpure Emulsion (N\u00c4PPYL\u00d6IDEN VIHOLLINEN) - New Look","robots":{"index":"index","follow":"follow","max-snippet":"max-snippet:-1","max-image-preview":"max-image-preview:large","max-video-preview":"max-video-preview:-1"},"canonical":"https:\/\/newlook.ee\/fi\/toode\/renewpure-emulsion-vistrikutapja\/","og_locale":"fi_FI","og_type":"article","og_title":"Renophase Renewpure Emulsion (N\u00c4PPYL\u00d6IDEN VIHOLLINEN) - New Look","og_description":"Tulehdusta est\u00e4v\u00e4, talirauhasten toimintaa s\u00e4\u00e4telev\u00e4 voide. Todellinen vaihtoehto reseptil\u00e4\u00e4kkeille!","og_url":"https:\/\/newlook.ee\/fi\/toode\/renewpure-emulsion-vistrikutapja\/","og_site_name":"New Look","article_modified_time":"2025-11-30T22:07:57+00:00","og_image":[{"width":1200,"height":1200,"url":"https:\/\/newlook.ee\/wp-content\/uploads\/2016\/03\/04.Reveal_RENEWPURE-Emulsion.jpg","type":"image\/jpeg"}],"twitter_card":"summary_large_image","schema":{"@context":"https:\/\/schema.org","@graph":[{"@type":"WebPage","@id":"https:\/\/newlook.ee\/fi\/toode\/renewpure-emulsion-vistrikutapja\/","url":"https:\/\/newlook.ee\/fi\/toode\/renewpure-emulsion-vistrikutapja\/","name":"Renophase Renewpure Emulsion (N\u00c4PPYL\u00d6IDEN VIHOLLINEN) - New Look","isPartOf":{"@id":"https:\/\/newlook.ee\/fi\/#website"},"datePublished":"2016-03-25T08:01:51+00:00","dateModified":"2025-11-30T22:07:57+00:00","breadcrumb":{"@id":"https:\/\/newlook.ee\/fi\/toode\/renewpure-emulsion-vistrikutapja\/#breadcrumb"},"inLanguage":"fi","potentialAction":[{"@type":"ReadAction","target":["https:\/\/newlook.ee\/fi\/toode\/renewpure-emulsion-vistrikutapja\/"]}]},{"@type":"BreadcrumbList","@id":"https:\/\/newlook.ee\/fi\/toode\/renewpure-emulsion-vistrikutapja\/#breadcrumb","itemListElement":[{"@type":"ListItem","position":1,"name":"Home","item":"https:\/\/newlook.ee\/fi\/"},{"@type":"ListItem","position":2,"name":"Verkkokauppa","item":"https:\/\/newlook.ee\/fi\/verkkokauppa\/"},{"@type":"ListItem","position":3,"name":"Renophase Renewpure Emulsion (N\u00c4PPYL\u00d6IDEN VIHOLLINEN)"}]},{"@type":"WebSite","@id":"https:\/\/newlook.ee\/fi\/#website","url":"https:\/\/newlook.ee\/fi\/","name":"New Look","description":"","publisher":{"@id":"https:\/\/newlook.ee\/fi\/#organization"},"potentialAction":[{"@type":"SearchAction","target":{"@type":"EntryPoint","urlTemplate":"https:\/\/newlook.ee\/fi\/?s={search_term_string}"},"query-input":"required name=search_term_string"}],"inLanguage":"fi"},{"@type":"Organization","@id":"https:\/\/newlook.ee\/fi\/#organization","name":"New Look","url":"https:\/\/newlook.ee\/fi\/","logo":{"@type":"ImageObject","inLanguage":"fi","@id":"https:\/\/newlook.ee\/fi\/#\/schema\/logo\/image\/","url":"https:\/\/newlook.ee\/wp-content\/uploads\/2023\/04\/cropped-Favicon-1.png","contentUrl":"https:\/\/newlook.ee\/wp-content\/uploads\/2023\/04\/cropped-Favicon-1.png","width":512,"height":512,"caption":"New Look"},"image":{"@id":"https:\/\/newlook.ee\/fi\/#\/schema\/logo\/image\/"}}]}},"_links":{"self":[{"href":"https:\/\/newlook.ee\/fi\/wp-json\/wp\/v2\/product\/2940"}],"collection":[{"href":"https:\/\/newlook.ee\/fi\/wp-json\/wp\/v2\/product"}],"about":[{"href":"https:\/\/newlook.ee\/fi\/wp-json\/wp\/v2\/types\/product"}],"replies":[{"embeddable":true,"href":"https:\/\/newlook.ee\/fi\/wp-json\/wp\/v2\/comments?post=2940"}],"wp:featuredmedia":[{"embeddable":true,"href":"https:\/\/newlook.ee\/fi\/wp-json\/wp\/v2\/media\/2766"}],"wp:attachment":[{"href":"https:\/\/newlook.ee\/fi\/wp-json\/wp\/v2\/media?parent=2940"}],"wp:term":[{"taxonomy":"product_cat","embeddable":true,"href":"https:\/\/newlook.ee\/fi\/wp-json\/wp\/v2\/product_cat?post=2940"},{"taxonomy":"product_tag","embeddable":true,"href":"https:\/\/newlook.ee\/fi\/wp-json\/wp\/v2\/product_tag?post=2940"}],"curies":[{"name":"wp","href":"https:\/\/api.w.org\/{rel}","templated":true}]}}