{"id":2941,"date":"2016-03-25T10:32:27","date_gmt":"2016-03-25T08:32:27","guid":{"rendered":"https:\/\/newlook.ee\/toode\/renophase-creme-revitalisation-hyal-asiakkaiden-suosikki\/"},"modified":"2023-04-11T17:41:09","modified_gmt":"2023-04-11T14:41:09","slug":"revitalisation-hyal","status":"publish","type":"product","link":"https:\/\/newlook.ee\/fi\/toode\/revitalisation-hyal\/","title":{"rendered":"Renophase Cr\u00e8me Revitalisation HYAL (ASIAKKAIDEN SUOSIKKI!)"},"content":{"rendered":"<p>Ensimm\u00e4iset ryppyset aiheutuvat 30 vuotta t\u00e4ytt\u00e4neille ja iltaisin ryppyset n\u00e4kyv\u00e4t kasvojen iholla. Nyt on aika aloittaa solujen suojaamista!  <\/p>\n<p>Laboratoires Renophase on ihon nuorekkuuden yll\u00e4pit\u00e4misen tarkoituksessa kehitt\u00e4nyt elvytt\u00e4v\u00e4n Hyal voiteen, joka sis\u00e4lt\u00e4\u00e4 antioksidantteja ja kosteuttaa ihoa. Pehment\u00e4\u00e4 ja regeneroi ihoa ja vaalentaa sit\u00e4 kevyesti. Vaikuttaa my\u00f6nteisesti aineenvaihdunnan prosesseihin, s\u00e4ilytt\u00e4\u00e4 ihon kosteustasapainon jopa iholle eritt\u00e4in vaikeissa olosuhteissa, kuten korkea l\u00e4mp\u00f6tila, voimakas auringonvalo, pakkanen.  <\/p>\n<p><strong>Sopii:<\/strong> Samea iho, rypyt, vitamiinipuute. Arvet. Sopii kaikille ihotyypeille.  <\/p>\n<p><strong>M\u00e4\u00e4r\u00e4:<\/strong> 50 ml<\/p>\n<p>&nbsp;<\/p>\n","protected":false},"excerpt":{"rendered":"<p>Kosteuttava hyaluroonihappoa sis\u00e4lt\u00e4v\u00e4 voide ensimm\u00e4isille rypyille. Kevyt vaalentava vaikutus. <\/p>\n","protected":false},"featured_media":2782,"comment_status":"open","ping_status":"closed","template":"","meta":{"_acf_changed":false,"inline_featured_image":false},"product_cat":[69,68],"product_tag":[],"acf":[],"yoast_head":"<!-- This site is optimized with the Yoast SEO plugin v22.0 - https:\/\/yoast.com\/wordpress\/plugins\/seo\/ -->\n<title>Renophase Cr\u00e8me Revitalisation HYAL (ASIAKKAIDEN SUOSIKKI!) - New Look<\/title>\n<meta name=\"robots\" content=\"index, follow, max-snippet:-1, max-image-preview:large, max-video-preview:-1\" \/>\n<link rel=\"canonical\" href=\"https:\/\/newlook.ee\/fi\/toode\/revitalisation-hyal\/\" \/>\n<meta property=\"og:locale\" content=\"fi_FI\" \/>\n<meta property=\"og:type\" content=\"article\" \/>\n<meta property=\"og:title\" content=\"Renophase Cr\u00e8me Revitalisation HYAL (ASIAKKAIDEN SUOSIKKI!) - New Look\" \/>\n<meta property=\"og:description\" content=\"Kosteuttava hyaluroonihappoa sis\u00e4lt\u00e4v\u00e4 voide ensimm\u00e4isille rypyille. Kevyt vaalentava vaikutus.\" \/>\n<meta property=\"og:url\" content=\"https:\/\/newlook.ee\/fi\/toode\/revitalisation-hyal\/\" \/>\n<meta property=\"og:site_name\" content=\"New Look\" \/>\n<meta property=\"article:modified_time\" content=\"2023-04-11T14:41:09+00:00\" \/>\n<meta property=\"og:image\" content=\"https:\/\/newlook.ee\/wp-content\/uploads\/2016\/03\/Reveal_REVITALISATION_HYAL_Creme.jpg\" \/>\n\t<meta property=\"og:image:width\" content=\"1200\" \/>\n\t<meta property=\"og:image:height\" content=\"1200\" \/>\n\t<meta property=\"og:image:type\" content=\"image\/jpeg\" \/>\n<meta name=\"twitter:card\" content=\"summary_large_image\" \/>\n<script type=\"application\/ld+json\" class=\"yoast-schema-graph\">{\"@context\":\"https:\/\/schema.org\",\"@graph\":[{\"@type\":\"WebPage\",\"@id\":\"https:\/\/newlook.ee\/fi\/toode\/revitalisation-hyal\/\",\"url\":\"https:\/\/newlook.ee\/fi\/toode\/revitalisation-hyal\/\",\"name\":\"Renophase Cr\u00e8me Revitalisation HYAL (ASIAKKAIDEN SUOSIKKI!) - New Look\",\"isPartOf\":{\"@id\":\"https:\/\/newlook.ee\/fi\/#website\"},\"datePublished\":\"2016-03-25T08:32:27+00:00\",\"dateModified\":\"2023-04-11T14:41:09+00:00\",\"breadcrumb\":{\"@id\":\"https:\/\/newlook.ee\/fi\/toode\/revitalisation-hyal\/#breadcrumb\"},\"inLanguage\":\"fi\",\"potentialAction\":[{\"@type\":\"ReadAction\",\"target\":[\"https:\/\/newlook.ee\/fi\/toode\/revitalisation-hyal\/\"]}]},{\"@type\":\"BreadcrumbList\",\"@id\":\"https:\/\/newlook.ee\/fi\/toode\/revitalisation-hyal\/#breadcrumb\",\"itemListElement\":[{\"@type\":\"ListItem\",\"position\":1,\"name\":\"Home\",\"item\":\"https:\/\/newlook.ee\/fi\/\"},{\"@type\":\"ListItem\",\"position\":2,\"name\":\"Verkkokauppa\",\"item\":\"https:\/\/newlook.ee\/fi\/verkkokauppa\/\"},{\"@type\":\"ListItem\",\"position\":3,\"name\":\"Renophase Cr\u00e8me Revitalisation HYAL (ASIAKKAIDEN SUOSIKKI!)\"}]},{\"@type\":\"WebSite\",\"@id\":\"https:\/\/newlook.ee\/fi\/#website\",\"url\":\"https:\/\/newlook.ee\/fi\/\",\"name\":\"New Look\",\"description\":\"\",\"publisher\":{\"@id\":\"https:\/\/newlook.ee\/fi\/#organization\"},\"potentialAction\":[{\"@type\":\"SearchAction\",\"target\":{\"@type\":\"EntryPoint\",\"urlTemplate\":\"https:\/\/newlook.ee\/fi\/?s={search_term_string}\"},\"query-input\":\"required name=search_term_string\"}],\"inLanguage\":\"fi\"},{\"@type\":\"Organization\",\"@id\":\"https:\/\/newlook.ee\/fi\/#organization\",\"name\":\"New Look\",\"url\":\"https:\/\/newlook.ee\/fi\/\",\"logo\":{\"@type\":\"ImageObject\",\"inLanguage\":\"fi\",\"@id\":\"https:\/\/newlook.ee\/fi\/#\/schema\/logo\/image\/\",\"url\":\"https:\/\/newlook.ee\/wp-content\/uploads\/2023\/04\/cropped-Favicon-1.png\",\"contentUrl\":\"https:\/\/newlook.ee\/wp-content\/uploads\/2023\/04\/cropped-Favicon-1.png\",\"width\":512,\"height\":512,\"caption\":\"New Look\"},\"image\":{\"@id\":\"https:\/\/newlook.ee\/fi\/#\/schema\/logo\/image\/\"}}]}<\/script>\n<!-- \/ Yoast SEO plugin. -->","yoast_head_json":{"title":"Renophase Cr\u00e8me Revitalisation HYAL (ASIAKKAIDEN SUOSIKKI!) - New Look","robots":{"index":"index","follow":"follow","max-snippet":"max-snippet:-1","max-image-preview":"max-image-preview:large","max-video-preview":"max-video-preview:-1"},"canonical":"https:\/\/newlook.ee\/fi\/toode\/revitalisation-hyal\/","og_locale":"fi_FI","og_type":"article","og_title":"Renophase Cr\u00e8me Revitalisation HYAL (ASIAKKAIDEN SUOSIKKI!) - New Look","og_description":"Kosteuttava hyaluroonihappoa sis\u00e4lt\u00e4v\u00e4 voide ensimm\u00e4isille rypyille. Kevyt vaalentava vaikutus.","og_url":"https:\/\/newlook.ee\/fi\/toode\/revitalisation-hyal\/","og_site_name":"New Look","article_modified_time":"2023-04-11T14:41:09+00:00","og_image":[{"width":1200,"height":1200,"url":"https:\/\/newlook.ee\/wp-content\/uploads\/2016\/03\/Reveal_REVITALISATION_HYAL_Creme.jpg","type":"image\/jpeg"}],"twitter_card":"summary_large_image","schema":{"@context":"https:\/\/schema.org","@graph":[{"@type":"WebPage","@id":"https:\/\/newlook.ee\/fi\/toode\/revitalisation-hyal\/","url":"https:\/\/newlook.ee\/fi\/toode\/revitalisation-hyal\/","name":"Renophase Cr\u00e8me Revitalisation HYAL (ASIAKKAIDEN SUOSIKKI!) - New Look","isPartOf":{"@id":"https:\/\/newlook.ee\/fi\/#website"},"datePublished":"2016-03-25T08:32:27+00:00","dateModified":"2023-04-11T14:41:09+00:00","breadcrumb":{"@id":"https:\/\/newlook.ee\/fi\/toode\/revitalisation-hyal\/#breadcrumb"},"inLanguage":"fi","potentialAction":[{"@type":"ReadAction","target":["https:\/\/newlook.ee\/fi\/toode\/revitalisation-hyal\/"]}]},{"@type":"BreadcrumbList","@id":"https:\/\/newlook.ee\/fi\/toode\/revitalisation-hyal\/#breadcrumb","itemListElement":[{"@type":"ListItem","position":1,"name":"Home","item":"https:\/\/newlook.ee\/fi\/"},{"@type":"ListItem","position":2,"name":"Verkkokauppa","item":"https:\/\/newlook.ee\/fi\/verkkokauppa\/"},{"@type":"ListItem","position":3,"name":"Renophase Cr\u00e8me Revitalisation HYAL (ASIAKKAIDEN SUOSIKKI!)"}]},{"@type":"WebSite","@id":"https:\/\/newlook.ee\/fi\/#website","url":"https:\/\/newlook.ee\/fi\/","name":"New Look","description":"","publisher":{"@id":"https:\/\/newlook.ee\/fi\/#organization"},"potentialAction":[{"@type":"SearchAction","target":{"@type":"EntryPoint","urlTemplate":"https:\/\/newlook.ee\/fi\/?s={search_term_string}"},"query-input":"required name=search_term_string"}],"inLanguage":"fi"},{"@type":"Organization","@id":"https:\/\/newlook.ee\/fi\/#organization","name":"New Look","url":"https:\/\/newlook.ee\/fi\/","logo":{"@type":"ImageObject","inLanguage":"fi","@id":"https:\/\/newlook.ee\/fi\/#\/schema\/logo\/image\/","url":"https:\/\/newlook.ee\/wp-content\/uploads\/2023\/04\/cropped-Favicon-1.png","contentUrl":"https:\/\/newlook.ee\/wp-content\/uploads\/2023\/04\/cropped-Favicon-1.png","width":512,"height":512,"caption":"New Look"},"image":{"@id":"https:\/\/newlook.ee\/fi\/#\/schema\/logo\/image\/"}}]}},"_links":{"self":[{"href":"https:\/\/newlook.ee\/fi\/wp-json\/wp\/v2\/product\/2941"}],"collection":[{"href":"https:\/\/newlook.ee\/fi\/wp-json\/wp\/v2\/product"}],"about":[{"href":"https:\/\/newlook.ee\/fi\/wp-json\/wp\/v2\/types\/product"}],"replies":[{"embeddable":true,"href":"https:\/\/newlook.ee\/fi\/wp-json\/wp\/v2\/comments?post=2941"}],"wp:featuredmedia":[{"embeddable":true,"href":"https:\/\/newlook.ee\/fi\/wp-json\/wp\/v2\/media\/2782"}],"wp:attachment":[{"href":"https:\/\/newlook.ee\/fi\/wp-json\/wp\/v2\/media?parent=2941"}],"wp:term":[{"taxonomy":"product_cat","embeddable":true,"href":"https:\/\/newlook.ee\/fi\/wp-json\/wp\/v2\/product_cat?post=2941"},{"taxonomy":"product_tag","embeddable":true,"href":"https:\/\/newlook.ee\/fi\/wp-json\/wp\/v2\/product_tag?post=2941"}],"curies":[{"name":"wp","href":"https:\/\/api.w.org\/{rel}","templated":true}]}}