{"id":2962,"date":"2016-03-25T10:46:35","date_gmt":"2016-03-25T08:46:35","guid":{"rendered":"https:\/\/newlook.ee\/toode\/renophase-creme-retinol-a-g-v-2018-paras-voide-ihoasiantuntijoiden-valinta-nro-1\/"},"modified":"2023-04-24T10:08:00","modified_gmt":"2023-04-24T07:08:00","slug":"creme-retinol-a-g","status":"publish","type":"product","link":"https:\/\/newlook.ee\/fi\/toode\/creme-retinol-a-g\/","title":{"rendered":"Renophase Cr\u00e8me Retinol a.g. (V. 2018 PARAS VOIDE, IHOASIANTUNTIJOIDEN VALINTA NRO 1)"},"content":{"rendered":"<p>Rypyt muodostuvat noin 40-vuotiaille ja n\u00e4kyv\u00e4t ajan kuluessa yh\u00e4 enemm\u00e4n. Ryppyjen muodostumisen syyn\u00e4 on ihon rakenteen oheneminen. Renophase on ihon volyymin ja kiinteyden palauttamiseen kehitt\u00e4nyt ryppyj\u00e4 vastaan taistelevaa aktiivista retinoolia sis\u00e4lt\u00e4v\u00e4n tuotteen, jossa se on yhdistetty ihoa muotoilevien pentapeptidien kanssa. Uudistava ja ryppyj\u00e4 v\u00e4hent\u00e4v\u00e4 y\u00f6voide tasoittaa ihoa, palauttaa solujen rakenteen ja ihon kirkkauden. Voide kosteuttaa, edist\u00e4\u00e4 uusien ihosolujen muodostumista, vahvistaa verisuonien seini\u00e4, v\u00e4hent\u00e4\u00e4 pigmentti\u00e4 ja sill\u00e4 on antioksidanttinen ja tulehdusta est\u00e4v\u00e4 vaikutus.     <\/p>\n<p><strong>Sopii:<\/strong> Rypyt, ep\u00e4tasainen rakenne ja v\u00e4ri, akneiho. Kaikille ihotyypeille paitsi eritt\u00e4in herk\u00e4lle iholle. <\/p>\n<p><strong>M\u00e4\u00e4r\u00e4:<\/strong> 50 ml <strong>      <\/strong><\/p>\n","protected":false},"excerpt":{"rendered":"<p>Kollageenin muodostumista edist\u00e4v\u00e4, ihoa tasoittava, pigmenttil\u00e4iski\u00e4 vaalentava, ik\u00e4\u00e4ntymisen prosesseja ja tulehdusta est\u00e4v\u00e4 voide.<\/p>\n<p>&nbsp;<\/p>\n","protected":false},"featured_media":2779,"comment_status":"open","ping_status":"closed","template":"","meta":{"_acf_changed":false,"inline_featured_image":false},"product_cat":[70,69,61,59],"product_tag":[],"acf":[],"yoast_head":"<!-- This site is optimized with the Yoast SEO plugin v22.0 - https:\/\/yoast.com\/wordpress\/plugins\/seo\/ -->\n<title>Renophase Cr\u00e8me Retinol a.g. (V. 2018 PARAS VOIDE, IHOASIANTUNTIJOIDEN VALINTA NRO 1) - New Look<\/title>\n<meta name=\"robots\" content=\"index, follow, max-snippet:-1, max-image-preview:large, max-video-preview:-1\" \/>\n<link rel=\"canonical\" href=\"https:\/\/newlook.ee\/fi\/toode\/creme-retinol-a-g\/\" \/>\n<meta property=\"og:locale\" content=\"fi_FI\" \/>\n<meta property=\"og:type\" content=\"article\" \/>\n<meta property=\"og:title\" content=\"Renophase Cr\u00e8me Retinol a.g. (V. 2018 PARAS VOIDE, IHOASIANTUNTIJOIDEN VALINTA NRO 1) - New Look\" \/>\n<meta property=\"og:description\" content=\"Kollageenin muodostumista edist\u00e4v\u00e4, ihoa tasoittava, pigmenttil\u00e4iski\u00e4 vaalentava, ik\u00e4\u00e4ntymisen prosesseja ja tulehdusta est\u00e4v\u00e4 voide. &nbsp;\" \/>\n<meta property=\"og:url\" content=\"https:\/\/newlook.ee\/fi\/toode\/creme-retinol-a-g\/\" \/>\n<meta property=\"og:site_name\" content=\"New Look\" \/>\n<meta property=\"article:modified_time\" content=\"2023-04-24T07:08:00+00:00\" \/>\n<meta property=\"og:image\" content=\"https:\/\/newlook.ee\/wp-content\/uploads\/2016\/03\/Reveal_RETINOL_AG_Creme.jpg\" \/>\n\t<meta property=\"og:image:width\" content=\"1200\" \/>\n\t<meta property=\"og:image:height\" content=\"1200\" \/>\n\t<meta property=\"og:image:type\" content=\"image\/jpeg\" \/>\n<meta name=\"twitter:card\" content=\"summary_large_image\" \/>\n<meta name=\"twitter:label1\" content=\"Arvioitu lukuaika\" \/>\n\t<meta name=\"twitter:data1\" content=\"1 minuutti\" \/>\n<script type=\"application\/ld+json\" class=\"yoast-schema-graph\">{\"@context\":\"https:\/\/schema.org\",\"@graph\":[{\"@type\":\"WebPage\",\"@id\":\"https:\/\/newlook.ee\/fi\/toode\/creme-retinol-a-g\/\",\"url\":\"https:\/\/newlook.ee\/fi\/toode\/creme-retinol-a-g\/\",\"name\":\"Renophase Cr\u00e8me Retinol a.g. (V. 2018 PARAS VOIDE, IHOASIANTUNTIJOIDEN VALINTA NRO 1) - New Look\",\"isPartOf\":{\"@id\":\"https:\/\/newlook.ee\/fi\/#website\"},\"datePublished\":\"2016-03-25T08:46:35+00:00\",\"dateModified\":\"2023-04-24T07:08:00+00:00\",\"breadcrumb\":{\"@id\":\"https:\/\/newlook.ee\/fi\/toode\/creme-retinol-a-g\/#breadcrumb\"},\"inLanguage\":\"fi\",\"potentialAction\":[{\"@type\":\"ReadAction\",\"target\":[\"https:\/\/newlook.ee\/fi\/toode\/creme-retinol-a-g\/\"]}]},{\"@type\":\"BreadcrumbList\",\"@id\":\"https:\/\/newlook.ee\/fi\/toode\/creme-retinol-a-g\/#breadcrumb\",\"itemListElement\":[{\"@type\":\"ListItem\",\"position\":1,\"name\":\"Home\",\"item\":\"https:\/\/newlook.ee\/fi\/\"},{\"@type\":\"ListItem\",\"position\":2,\"name\":\"Verkkokauppa\",\"item\":\"https:\/\/newlook.ee\/fi\/verkkokauppa\/\"},{\"@type\":\"ListItem\",\"position\":3,\"name\":\"Renophase Cr\u00e8me Retinol a.g. (V. 2018 PARAS VOIDE, IHOASIANTUNTIJOIDEN VALINTA NRO 1)\"}]},{\"@type\":\"WebSite\",\"@id\":\"https:\/\/newlook.ee\/fi\/#website\",\"url\":\"https:\/\/newlook.ee\/fi\/\",\"name\":\"New Look\",\"description\":\"\",\"publisher\":{\"@id\":\"https:\/\/newlook.ee\/fi\/#organization\"},\"potentialAction\":[{\"@type\":\"SearchAction\",\"target\":{\"@type\":\"EntryPoint\",\"urlTemplate\":\"https:\/\/newlook.ee\/fi\/?s={search_term_string}\"},\"query-input\":\"required name=search_term_string\"}],\"inLanguage\":\"fi\"},{\"@type\":\"Organization\",\"@id\":\"https:\/\/newlook.ee\/fi\/#organization\",\"name\":\"New Look\",\"url\":\"https:\/\/newlook.ee\/fi\/\",\"logo\":{\"@type\":\"ImageObject\",\"inLanguage\":\"fi\",\"@id\":\"https:\/\/newlook.ee\/fi\/#\/schema\/logo\/image\/\",\"url\":\"https:\/\/newlook.ee\/wp-content\/uploads\/2023\/04\/cropped-Favicon-1.png\",\"contentUrl\":\"https:\/\/newlook.ee\/wp-content\/uploads\/2023\/04\/cropped-Favicon-1.png\",\"width\":512,\"height\":512,\"caption\":\"New Look\"},\"image\":{\"@id\":\"https:\/\/newlook.ee\/fi\/#\/schema\/logo\/image\/\"}}]}<\/script>\n<!-- \/ Yoast SEO plugin. -->","yoast_head_json":{"title":"Renophase Cr\u00e8me Retinol a.g. (V. 2018 PARAS VOIDE, IHOASIANTUNTIJOIDEN VALINTA NRO 1) - New Look","robots":{"index":"index","follow":"follow","max-snippet":"max-snippet:-1","max-image-preview":"max-image-preview:large","max-video-preview":"max-video-preview:-1"},"canonical":"https:\/\/newlook.ee\/fi\/toode\/creme-retinol-a-g\/","og_locale":"fi_FI","og_type":"article","og_title":"Renophase Cr\u00e8me Retinol a.g. (V. 2018 PARAS VOIDE, IHOASIANTUNTIJOIDEN VALINTA NRO 1) - New Look","og_description":"Kollageenin muodostumista edist\u00e4v\u00e4, ihoa tasoittava, pigmenttil\u00e4iski\u00e4 vaalentava, ik\u00e4\u00e4ntymisen prosesseja ja tulehdusta est\u00e4v\u00e4 voide. &nbsp;","og_url":"https:\/\/newlook.ee\/fi\/toode\/creme-retinol-a-g\/","og_site_name":"New Look","article_modified_time":"2023-04-24T07:08:00+00:00","og_image":[{"width":1200,"height":1200,"url":"https:\/\/newlook.ee\/wp-content\/uploads\/2016\/03\/Reveal_RETINOL_AG_Creme.jpg","type":"image\/jpeg"}],"twitter_card":"summary_large_image","twitter_misc":{"Arvioitu lukuaika":"1 minuutti"},"schema":{"@context":"https:\/\/schema.org","@graph":[{"@type":"WebPage","@id":"https:\/\/newlook.ee\/fi\/toode\/creme-retinol-a-g\/","url":"https:\/\/newlook.ee\/fi\/toode\/creme-retinol-a-g\/","name":"Renophase Cr\u00e8me Retinol a.g. (V. 2018 PARAS VOIDE, IHOASIANTUNTIJOIDEN VALINTA NRO 1) - New Look","isPartOf":{"@id":"https:\/\/newlook.ee\/fi\/#website"},"datePublished":"2016-03-25T08:46:35+00:00","dateModified":"2023-04-24T07:08:00+00:00","breadcrumb":{"@id":"https:\/\/newlook.ee\/fi\/toode\/creme-retinol-a-g\/#breadcrumb"},"inLanguage":"fi","potentialAction":[{"@type":"ReadAction","target":["https:\/\/newlook.ee\/fi\/toode\/creme-retinol-a-g\/"]}]},{"@type":"BreadcrumbList","@id":"https:\/\/newlook.ee\/fi\/toode\/creme-retinol-a-g\/#breadcrumb","itemListElement":[{"@type":"ListItem","position":1,"name":"Home","item":"https:\/\/newlook.ee\/fi\/"},{"@type":"ListItem","position":2,"name":"Verkkokauppa","item":"https:\/\/newlook.ee\/fi\/verkkokauppa\/"},{"@type":"ListItem","position":3,"name":"Renophase Cr\u00e8me Retinol a.g. (V. 2018 PARAS VOIDE, IHOASIANTUNTIJOIDEN VALINTA NRO 1)"}]},{"@type":"WebSite","@id":"https:\/\/newlook.ee\/fi\/#website","url":"https:\/\/newlook.ee\/fi\/","name":"New Look","description":"","publisher":{"@id":"https:\/\/newlook.ee\/fi\/#organization"},"potentialAction":[{"@type":"SearchAction","target":{"@type":"EntryPoint","urlTemplate":"https:\/\/newlook.ee\/fi\/?s={search_term_string}"},"query-input":"required name=search_term_string"}],"inLanguage":"fi"},{"@type":"Organization","@id":"https:\/\/newlook.ee\/fi\/#organization","name":"New Look","url":"https:\/\/newlook.ee\/fi\/","logo":{"@type":"ImageObject","inLanguage":"fi","@id":"https:\/\/newlook.ee\/fi\/#\/schema\/logo\/image\/","url":"https:\/\/newlook.ee\/wp-content\/uploads\/2023\/04\/cropped-Favicon-1.png","contentUrl":"https:\/\/newlook.ee\/wp-content\/uploads\/2023\/04\/cropped-Favicon-1.png","width":512,"height":512,"caption":"New Look"},"image":{"@id":"https:\/\/newlook.ee\/fi\/#\/schema\/logo\/image\/"}}]}},"_links":{"self":[{"href":"https:\/\/newlook.ee\/fi\/wp-json\/wp\/v2\/product\/2962"}],"collection":[{"href":"https:\/\/newlook.ee\/fi\/wp-json\/wp\/v2\/product"}],"about":[{"href":"https:\/\/newlook.ee\/fi\/wp-json\/wp\/v2\/types\/product"}],"replies":[{"embeddable":true,"href":"https:\/\/newlook.ee\/fi\/wp-json\/wp\/v2\/comments?post=2962"}],"wp:featuredmedia":[{"embeddable":true,"href":"https:\/\/newlook.ee\/fi\/wp-json\/wp\/v2\/media\/2779"}],"wp:attachment":[{"href":"https:\/\/newlook.ee\/fi\/wp-json\/wp\/v2\/media?parent=2962"}],"wp:term":[{"taxonomy":"product_cat","embeddable":true,"href":"https:\/\/newlook.ee\/fi\/wp-json\/wp\/v2\/product_cat?post=2962"},{"taxonomy":"product_tag","embeddable":true,"href":"https:\/\/newlook.ee\/fi\/wp-json\/wp\/v2\/product_tag?post=2962"}],"curies":[{"name":"wp","href":"https:\/\/api.w.org\/{rel}","templated":true}]}}