{"id":2964,"date":"2016-03-25T11:02:42","date_gmt":"2016-03-25T09:02:42","guid":{"rendered":"https:\/\/newlook.ee\/toode\/renophase-creme-newskin-rich\/"},"modified":"2025-12-01T00:07:57","modified_gmt":"2025-11-30T22:07:57","slug":"creme-newskin-rich","status":"publish","type":"product","link":"https:\/\/newlook.ee\/fi\/toode\/creme-newskin-rich\/","title":{"rendered":"Renophase Cr\u00e8me NewSkin Rich"},"content":{"rendered":"<p>Ik\u00e4\u00e4ntymisen merkkien v\u00e4hent\u00e4miseen kuivalla ja\/tai herk\u00e4ll\u00e4 iholla on t\u00e4rke\u00e4\u00e4 hell\u00e4varaisesti kuoria ihoa, palauttaa ihon suojakerros, lis\u00e4t\u00e4 iholle kimmoisuutta, edist\u00e4\u00e4 kollageenin muodostumista ja nostaa kosteustasoa. Laboratoires Renophase on kehitt\u00e4nyt ihon rakennetta palauttavan ja kiinteytt\u00e4v\u00e4n voiteen, joka lis\u00e4ksi tasoittaa ihoa. Tehokas voide edist\u00e4\u00e4 ihosolujen uudistumista kolme kertaa nopeammin kuin solujen tavanomainen uudistumisen aika. Voide parantaa ihon vastustuskyky\u00e4 ja rakennetta, palauttaa ihon kimmoisuuden ja kest\u00e4vyyden, edist\u00e4\u00e4 huomattavasti kollageenin muodostumista. Iho on uudistunut, pehme\u00e4, kirkas ja kosteutettu.    <\/p>\n<p><strong>Sopii:<\/strong> Rypyt, kimmoisuuden ja kiinteyden menett\u00e4nyt iho. Normaalille, kuivalle, herk\u00e4lle iholle. <\/p>\n<p><strong>M\u00e4\u00e4r\u00e4:<\/strong> 50 ml<\/p>\n","protected":false},"excerpt":{"rendered":"<p>Ik\u00e4\u00e4ntymist\u00e4 est\u00e4v\u00e4, kirkastava ja tasoittava voide. Herk\u00e4lle ja kuivalle iholle. <\/p>\n","protected":false},"featured_media":2777,"comment_status":"open","ping_status":"closed","template":"","meta":{"_acf_changed":false,"inline_featured_image":false},"product_cat":[69,67,68],"product_tag":[],"acf":[],"yoast_head":"<!-- This site is optimized with the Yoast SEO plugin v22.0 - https:\/\/yoast.com\/wordpress\/plugins\/seo\/ -->\n<title>Renophase Cr\u00e8me NewSkin Rich - New Look<\/title>\n<meta name=\"robots\" content=\"index, follow, max-snippet:-1, max-image-preview:large, max-video-preview:-1\" \/>\n<link rel=\"canonical\" href=\"https:\/\/newlook.ee\/fi\/toode\/creme-newskin-rich\/\" \/>\n<meta property=\"og:locale\" content=\"fi_FI\" \/>\n<meta property=\"og:type\" content=\"article\" \/>\n<meta property=\"og:title\" content=\"Renophase Cr\u00e8me NewSkin Rich - New Look\" \/>\n<meta property=\"og:description\" content=\"Ik\u00e4\u00e4ntymist\u00e4 est\u00e4v\u00e4, kirkastava ja tasoittava voide. Herk\u00e4lle ja kuivalle iholle.\" \/>\n<meta property=\"og:url\" content=\"https:\/\/newlook.ee\/fi\/toode\/creme-newskin-rich\/\" \/>\n<meta property=\"og:site_name\" content=\"New Look\" \/>\n<meta property=\"article:modified_time\" content=\"2025-11-30T22:07:57+00:00\" \/>\n<meta property=\"og:image\" content=\"https:\/\/newlook.ee\/wp-content\/uploads\/2016\/03\/Reveal_NEWSKIN_Creme_riche.jpg\" \/>\n\t<meta property=\"og:image:width\" content=\"1200\" \/>\n\t<meta property=\"og:image:height\" content=\"1200\" \/>\n\t<meta property=\"og:image:type\" content=\"image\/jpeg\" \/>\n<meta name=\"twitter:card\" content=\"summary_large_image\" \/>\n<meta name=\"twitter:label1\" content=\"Arvioitu lukuaika\" \/>\n\t<meta name=\"twitter:data1\" content=\"1 minuutti\" \/>\n<script type=\"application\/ld+json\" class=\"yoast-schema-graph\">{\"@context\":\"https:\/\/schema.org\",\"@graph\":[{\"@type\":\"WebPage\",\"@id\":\"https:\/\/newlook.ee\/fi\/toode\/creme-newskin-rich\/\",\"url\":\"https:\/\/newlook.ee\/fi\/toode\/creme-newskin-rich\/\",\"name\":\"Renophase Cr\u00e8me NewSkin Rich - New Look\",\"isPartOf\":{\"@id\":\"https:\/\/newlook.ee\/fi\/#website\"},\"datePublished\":\"2016-03-25T09:02:42+00:00\",\"dateModified\":\"2025-11-30T22:07:57+00:00\",\"breadcrumb\":{\"@id\":\"https:\/\/newlook.ee\/fi\/toode\/creme-newskin-rich\/#breadcrumb\"},\"inLanguage\":\"fi\",\"potentialAction\":[{\"@type\":\"ReadAction\",\"target\":[\"https:\/\/newlook.ee\/fi\/toode\/creme-newskin-rich\/\"]}]},{\"@type\":\"BreadcrumbList\",\"@id\":\"https:\/\/newlook.ee\/fi\/toode\/creme-newskin-rich\/#breadcrumb\",\"itemListElement\":[{\"@type\":\"ListItem\",\"position\":1,\"name\":\"Home\",\"item\":\"https:\/\/newlook.ee\/fi\/\"},{\"@type\":\"ListItem\",\"position\":2,\"name\":\"Verkkokauppa\",\"item\":\"https:\/\/newlook.ee\/fi\/verkkokauppa\/\"},{\"@type\":\"ListItem\",\"position\":3,\"name\":\"Renophase Cr\u00e8me NewSkin Rich\"}]},{\"@type\":\"WebSite\",\"@id\":\"https:\/\/newlook.ee\/fi\/#website\",\"url\":\"https:\/\/newlook.ee\/fi\/\",\"name\":\"New Look\",\"description\":\"\",\"publisher\":{\"@id\":\"https:\/\/newlook.ee\/fi\/#organization\"},\"potentialAction\":[{\"@type\":\"SearchAction\",\"target\":{\"@type\":\"EntryPoint\",\"urlTemplate\":\"https:\/\/newlook.ee\/fi\/?s={search_term_string}\"},\"query-input\":\"required name=search_term_string\"}],\"inLanguage\":\"fi\"},{\"@type\":\"Organization\",\"@id\":\"https:\/\/newlook.ee\/fi\/#organization\",\"name\":\"New Look\",\"url\":\"https:\/\/newlook.ee\/fi\/\",\"logo\":{\"@type\":\"ImageObject\",\"inLanguage\":\"fi\",\"@id\":\"https:\/\/newlook.ee\/fi\/#\/schema\/logo\/image\/\",\"url\":\"https:\/\/newlook.ee\/wp-content\/uploads\/2023\/04\/cropped-Favicon-1.png\",\"contentUrl\":\"https:\/\/newlook.ee\/wp-content\/uploads\/2023\/04\/cropped-Favicon-1.png\",\"width\":512,\"height\":512,\"caption\":\"New Look\"},\"image\":{\"@id\":\"https:\/\/newlook.ee\/fi\/#\/schema\/logo\/image\/\"}}]}<\/script>\n<!-- \/ Yoast SEO plugin. -->","yoast_head_json":{"title":"Renophase Cr\u00e8me NewSkin Rich - New Look","robots":{"index":"index","follow":"follow","max-snippet":"max-snippet:-1","max-image-preview":"max-image-preview:large","max-video-preview":"max-video-preview:-1"},"canonical":"https:\/\/newlook.ee\/fi\/toode\/creme-newskin-rich\/","og_locale":"fi_FI","og_type":"article","og_title":"Renophase Cr\u00e8me NewSkin Rich - New Look","og_description":"Ik\u00e4\u00e4ntymist\u00e4 est\u00e4v\u00e4, kirkastava ja tasoittava voide. Herk\u00e4lle ja kuivalle iholle.","og_url":"https:\/\/newlook.ee\/fi\/toode\/creme-newskin-rich\/","og_site_name":"New Look","article_modified_time":"2025-11-30T22:07:57+00:00","og_image":[{"width":1200,"height":1200,"url":"https:\/\/newlook.ee\/wp-content\/uploads\/2016\/03\/Reveal_NEWSKIN_Creme_riche.jpg","type":"image\/jpeg"}],"twitter_card":"summary_large_image","twitter_misc":{"Arvioitu lukuaika":"1 minuutti"},"schema":{"@context":"https:\/\/schema.org","@graph":[{"@type":"WebPage","@id":"https:\/\/newlook.ee\/fi\/toode\/creme-newskin-rich\/","url":"https:\/\/newlook.ee\/fi\/toode\/creme-newskin-rich\/","name":"Renophase Cr\u00e8me NewSkin Rich - New Look","isPartOf":{"@id":"https:\/\/newlook.ee\/fi\/#website"},"datePublished":"2016-03-25T09:02:42+00:00","dateModified":"2025-11-30T22:07:57+00:00","breadcrumb":{"@id":"https:\/\/newlook.ee\/fi\/toode\/creme-newskin-rich\/#breadcrumb"},"inLanguage":"fi","potentialAction":[{"@type":"ReadAction","target":["https:\/\/newlook.ee\/fi\/toode\/creme-newskin-rich\/"]}]},{"@type":"BreadcrumbList","@id":"https:\/\/newlook.ee\/fi\/toode\/creme-newskin-rich\/#breadcrumb","itemListElement":[{"@type":"ListItem","position":1,"name":"Home","item":"https:\/\/newlook.ee\/fi\/"},{"@type":"ListItem","position":2,"name":"Verkkokauppa","item":"https:\/\/newlook.ee\/fi\/verkkokauppa\/"},{"@type":"ListItem","position":3,"name":"Renophase Cr\u00e8me NewSkin Rich"}]},{"@type":"WebSite","@id":"https:\/\/newlook.ee\/fi\/#website","url":"https:\/\/newlook.ee\/fi\/","name":"New Look","description":"","publisher":{"@id":"https:\/\/newlook.ee\/fi\/#organization"},"potentialAction":[{"@type":"SearchAction","target":{"@type":"EntryPoint","urlTemplate":"https:\/\/newlook.ee\/fi\/?s={search_term_string}"},"query-input":"required name=search_term_string"}],"inLanguage":"fi"},{"@type":"Organization","@id":"https:\/\/newlook.ee\/fi\/#organization","name":"New Look","url":"https:\/\/newlook.ee\/fi\/","logo":{"@type":"ImageObject","inLanguage":"fi","@id":"https:\/\/newlook.ee\/fi\/#\/schema\/logo\/image\/","url":"https:\/\/newlook.ee\/wp-content\/uploads\/2023\/04\/cropped-Favicon-1.png","contentUrl":"https:\/\/newlook.ee\/wp-content\/uploads\/2023\/04\/cropped-Favicon-1.png","width":512,"height":512,"caption":"New Look"},"image":{"@id":"https:\/\/newlook.ee\/fi\/#\/schema\/logo\/image\/"}}]}},"_links":{"self":[{"href":"https:\/\/newlook.ee\/fi\/wp-json\/wp\/v2\/product\/2964"}],"collection":[{"href":"https:\/\/newlook.ee\/fi\/wp-json\/wp\/v2\/product"}],"about":[{"href":"https:\/\/newlook.ee\/fi\/wp-json\/wp\/v2\/types\/product"}],"replies":[{"embeddable":true,"href":"https:\/\/newlook.ee\/fi\/wp-json\/wp\/v2\/comments?post=2964"}],"wp:featuredmedia":[{"embeddable":true,"href":"https:\/\/newlook.ee\/fi\/wp-json\/wp\/v2\/media\/2777"}],"wp:attachment":[{"href":"https:\/\/newlook.ee\/fi\/wp-json\/wp\/v2\/media?parent=2964"}],"wp:term":[{"taxonomy":"product_cat","embeddable":true,"href":"https:\/\/newlook.ee\/fi\/wp-json\/wp\/v2\/product_cat?post=2964"},{"taxonomy":"product_tag","embeddable":true,"href":"https:\/\/newlook.ee\/fi\/wp-json\/wp\/v2\/product_tag?post=2964"}],"curies":[{"name":"wp","href":"https:\/\/api.w.org\/{rel}","templated":true}]}}