{"id":2965,"date":"2016-03-25T11:06:48","date_gmt":"2016-03-25T09:06:48","guid":{"rendered":"https:\/\/newlook.ee\/toode\/renophase-serum-h-regenerant\/"},"modified":"2023-04-24T10:16:46","modified_gmt":"2023-04-24T07:16:46","slug":"serum-h-regenerant","status":"publish","type":"product","link":"https:\/\/newlook.ee\/fi\/toode\/serum-h-regenerant\/","title":{"rendered":"Renophase S\u00e8rum H+ Regenerant"},"content":{"rendered":"<p>Iho on herkk\u00e4 ekosysteemi, jonka on sopeuduttava sek\u00e4 ulkoiseen ymp\u00e4rist\u00f6\u00f6n (vapaat radikaalit) ett\u00e4 sis\u00e4isiin (hormoneista johtuviin) muutoksiin. T\u00e4m\u00e4n ekosysteemin tukemiseksi on Laboratoires Renophase kehitt\u00e4nyt tehokkaan antioksidanttiseerumin, joka pystyy hitaasti vapauttamaan ihoa elvytt\u00e4v\u00e4\u00e4 energiaa, luo volyymia syviss\u00e4 ihon kerroksissa ja takaa nuorekkaan ulkon\u00e4\u00f6n. <\/p>\n<p>Seerumi sis\u00e4lt\u00e4\u00e4 ison m\u00e4\u00e4r\u00e4n kasviestrogeenia (genisteiini), joka uudistaa ihosoluja, lis\u00e4\u00e4 iholle kimmoisuutta ja parantaa ihon v\u00e4ri\u00e4. Poistaa kaikki v\u00e4symyksen ja stressin merkit. <\/p>\n<p><strong>Sopii:<\/strong> Kaikille ihotyypeille, my\u00f6s herk\u00e4lle iholle, couperosaiholle ja ruusufinneille. Sopii erinomaisesti vaihdevuosien aikana. <\/p>\n<p><strong>Kogus: <\/strong>20ml <strong>  <\/strong><\/p>\n","protected":false},"excerpt":{"rendered":"<p>Hormonimuutoksista aiheutuneiden ongelmien hoito.<\/p>\n","protected":false},"featured_media":2776,"comment_status":"open","ping_status":"closed","template":"","meta":{"_acf_changed":false,"inline_featured_image":false},"product_cat":[69,67,59],"product_tag":[],"acf":[],"yoast_head":"<!-- This site is optimized with the Yoast SEO plugin v22.0 - https:\/\/yoast.com\/wordpress\/plugins\/seo\/ -->\n<title>Renophase S\u00e8rum H+ Regenerant - New Look<\/title>\n<meta name=\"robots\" content=\"index, follow, max-snippet:-1, max-image-preview:large, max-video-preview:-1\" \/>\n<link rel=\"canonical\" href=\"https:\/\/newlook.ee\/fi\/toode\/serum-h-regenerant\/\" \/>\n<meta property=\"og:locale\" content=\"fi_FI\" \/>\n<meta property=\"og:type\" content=\"article\" \/>\n<meta property=\"og:title\" content=\"Renophase S\u00e8rum H+ Regenerant - New Look\" \/>\n<meta property=\"og:description\" content=\"Hormonimuutoksista aiheutuneiden ongelmien hoito.\" \/>\n<meta property=\"og:url\" content=\"https:\/\/newlook.ee\/fi\/toode\/serum-h-regenerant\/\" \/>\n<meta property=\"og:site_name\" content=\"New Look\" \/>\n<meta property=\"article:modified_time\" content=\"2023-04-24T07:16:46+00:00\" \/>\n<meta property=\"og:image\" content=\"https:\/\/newlook.ee\/wp-content\/uploads\/2016\/03\/Reveal_HREGENERANT_Serum.jpg\" \/>\n\t<meta property=\"og:image:width\" content=\"1200\" \/>\n\t<meta property=\"og:image:height\" content=\"1200\" \/>\n\t<meta property=\"og:image:type\" content=\"image\/jpeg\" \/>\n<meta name=\"twitter:card\" content=\"summary_large_image\" \/>\n<script type=\"application\/ld+json\" class=\"yoast-schema-graph\">{\"@context\":\"https:\/\/schema.org\",\"@graph\":[{\"@type\":\"WebPage\",\"@id\":\"https:\/\/newlook.ee\/fi\/toode\/serum-h-regenerant\/\",\"url\":\"https:\/\/newlook.ee\/fi\/toode\/serum-h-regenerant\/\",\"name\":\"Renophase S\u00e8rum H+ Regenerant - New Look\",\"isPartOf\":{\"@id\":\"https:\/\/newlook.ee\/fi\/#website\"},\"datePublished\":\"2016-03-25T09:06:48+00:00\",\"dateModified\":\"2023-04-24T07:16:46+00:00\",\"breadcrumb\":{\"@id\":\"https:\/\/newlook.ee\/fi\/toode\/serum-h-regenerant\/#breadcrumb\"},\"inLanguage\":\"fi\",\"potentialAction\":[{\"@type\":\"ReadAction\",\"target\":[\"https:\/\/newlook.ee\/fi\/toode\/serum-h-regenerant\/\"]}]},{\"@type\":\"BreadcrumbList\",\"@id\":\"https:\/\/newlook.ee\/fi\/toode\/serum-h-regenerant\/#breadcrumb\",\"itemListElement\":[{\"@type\":\"ListItem\",\"position\":1,\"name\":\"Home\",\"item\":\"https:\/\/newlook.ee\/fi\/\"},{\"@type\":\"ListItem\",\"position\":2,\"name\":\"Verkkokauppa\",\"item\":\"https:\/\/newlook.ee\/fi\/verkkokauppa\/\"},{\"@type\":\"ListItem\",\"position\":3,\"name\":\"Renophase S\u00e8rum H+ Regenerant\"}]},{\"@type\":\"WebSite\",\"@id\":\"https:\/\/newlook.ee\/fi\/#website\",\"url\":\"https:\/\/newlook.ee\/fi\/\",\"name\":\"New Look\",\"description\":\"\",\"publisher\":{\"@id\":\"https:\/\/newlook.ee\/fi\/#organization\"},\"potentialAction\":[{\"@type\":\"SearchAction\",\"target\":{\"@type\":\"EntryPoint\",\"urlTemplate\":\"https:\/\/newlook.ee\/fi\/?s={search_term_string}\"},\"query-input\":\"required name=search_term_string\"}],\"inLanguage\":\"fi\"},{\"@type\":\"Organization\",\"@id\":\"https:\/\/newlook.ee\/fi\/#organization\",\"name\":\"New Look\",\"url\":\"https:\/\/newlook.ee\/fi\/\",\"logo\":{\"@type\":\"ImageObject\",\"inLanguage\":\"fi\",\"@id\":\"https:\/\/newlook.ee\/fi\/#\/schema\/logo\/image\/\",\"url\":\"https:\/\/newlook.ee\/wp-content\/uploads\/2023\/04\/cropped-Favicon-1.png\",\"contentUrl\":\"https:\/\/newlook.ee\/wp-content\/uploads\/2023\/04\/cropped-Favicon-1.png\",\"width\":512,\"height\":512,\"caption\":\"New Look\"},\"image\":{\"@id\":\"https:\/\/newlook.ee\/fi\/#\/schema\/logo\/image\/\"}}]}<\/script>\n<!-- \/ Yoast SEO plugin. -->","yoast_head_json":{"title":"Renophase S\u00e8rum H+ Regenerant - New Look","robots":{"index":"index","follow":"follow","max-snippet":"max-snippet:-1","max-image-preview":"max-image-preview:large","max-video-preview":"max-video-preview:-1"},"canonical":"https:\/\/newlook.ee\/fi\/toode\/serum-h-regenerant\/","og_locale":"fi_FI","og_type":"article","og_title":"Renophase S\u00e8rum H+ Regenerant - New Look","og_description":"Hormonimuutoksista aiheutuneiden ongelmien hoito.","og_url":"https:\/\/newlook.ee\/fi\/toode\/serum-h-regenerant\/","og_site_name":"New Look","article_modified_time":"2023-04-24T07:16:46+00:00","og_image":[{"width":1200,"height":1200,"url":"https:\/\/newlook.ee\/wp-content\/uploads\/2016\/03\/Reveal_HREGENERANT_Serum.jpg","type":"image\/jpeg"}],"twitter_card":"summary_large_image","schema":{"@context":"https:\/\/schema.org","@graph":[{"@type":"WebPage","@id":"https:\/\/newlook.ee\/fi\/toode\/serum-h-regenerant\/","url":"https:\/\/newlook.ee\/fi\/toode\/serum-h-regenerant\/","name":"Renophase S\u00e8rum H+ Regenerant - New Look","isPartOf":{"@id":"https:\/\/newlook.ee\/fi\/#website"},"datePublished":"2016-03-25T09:06:48+00:00","dateModified":"2023-04-24T07:16:46+00:00","breadcrumb":{"@id":"https:\/\/newlook.ee\/fi\/toode\/serum-h-regenerant\/#breadcrumb"},"inLanguage":"fi","potentialAction":[{"@type":"ReadAction","target":["https:\/\/newlook.ee\/fi\/toode\/serum-h-regenerant\/"]}]},{"@type":"BreadcrumbList","@id":"https:\/\/newlook.ee\/fi\/toode\/serum-h-regenerant\/#breadcrumb","itemListElement":[{"@type":"ListItem","position":1,"name":"Home","item":"https:\/\/newlook.ee\/fi\/"},{"@type":"ListItem","position":2,"name":"Verkkokauppa","item":"https:\/\/newlook.ee\/fi\/verkkokauppa\/"},{"@type":"ListItem","position":3,"name":"Renophase S\u00e8rum H+ Regenerant"}]},{"@type":"WebSite","@id":"https:\/\/newlook.ee\/fi\/#website","url":"https:\/\/newlook.ee\/fi\/","name":"New Look","description":"","publisher":{"@id":"https:\/\/newlook.ee\/fi\/#organization"},"potentialAction":[{"@type":"SearchAction","target":{"@type":"EntryPoint","urlTemplate":"https:\/\/newlook.ee\/fi\/?s={search_term_string}"},"query-input":"required name=search_term_string"}],"inLanguage":"fi"},{"@type":"Organization","@id":"https:\/\/newlook.ee\/fi\/#organization","name":"New Look","url":"https:\/\/newlook.ee\/fi\/","logo":{"@type":"ImageObject","inLanguage":"fi","@id":"https:\/\/newlook.ee\/fi\/#\/schema\/logo\/image\/","url":"https:\/\/newlook.ee\/wp-content\/uploads\/2023\/04\/cropped-Favicon-1.png","contentUrl":"https:\/\/newlook.ee\/wp-content\/uploads\/2023\/04\/cropped-Favicon-1.png","width":512,"height":512,"caption":"New Look"},"image":{"@id":"https:\/\/newlook.ee\/fi\/#\/schema\/logo\/image\/"}}]}},"_links":{"self":[{"href":"https:\/\/newlook.ee\/fi\/wp-json\/wp\/v2\/product\/2965"}],"collection":[{"href":"https:\/\/newlook.ee\/fi\/wp-json\/wp\/v2\/product"}],"about":[{"href":"https:\/\/newlook.ee\/fi\/wp-json\/wp\/v2\/types\/product"}],"replies":[{"embeddable":true,"href":"https:\/\/newlook.ee\/fi\/wp-json\/wp\/v2\/comments?post=2965"}],"wp:featuredmedia":[{"embeddable":true,"href":"https:\/\/newlook.ee\/fi\/wp-json\/wp\/v2\/media\/2776"}],"wp:attachment":[{"href":"https:\/\/newlook.ee\/fi\/wp-json\/wp\/v2\/media?parent=2965"}],"wp:term":[{"taxonomy":"product_cat","embeddable":true,"href":"https:\/\/newlook.ee\/fi\/wp-json\/wp\/v2\/product_cat?post=2965"},{"taxonomy":"product_tag","embeddable":true,"href":"https:\/\/newlook.ee\/fi\/wp-json\/wp\/v2\/product_tag?post=2965"}],"curies":[{"name":"wp","href":"https:\/\/api.w.org\/{rel}","templated":true}]}}