{"id":2966,"date":"2016-03-25T11:09:57","date_gmt":"2016-03-25T09:09:57","guid":{"rendered":"https:\/\/newlook.ee\/toode\/renophase-creme-h-comblement\/"},"modified":"2016-03-25T11:09:57","modified_gmt":"2016-03-25T09:09:57","slug":"creme-h-comblement","status":"publish","type":"product","link":"https:\/\/newlook.ee\/fi\/toode\/creme-h-comblement\/","title":{"rendered":"Renophase Cr\u00e8me H+ comblement"},"content":{"rendered":"<p>Hormonitasapainon muutokset aiheuttavat biologisia muutoksia. Iho menett\u00e4\u00e4 volyyminsa ja kirkkautensa ja muuttuu ohuemmaksi ja kuivemmaksi. Juonteet lis\u00e4\u00e4ntyv\u00e4t ja iho samenee. Laboratoires Renophase on niiden ongelmien ratkaisemiseksi kehitt\u00e4nyt hoidon, joka aktivoi energian ja lis\u00e4\u00e4 elinvoimaa ihon kudoksiin. Iho saa uutta el\u00e4m\u00e4\u00e4.    <\/p>\n<p>Voide sis\u00e4lt\u00e4\u00e4 kasviestrogeenia, joka vahvistaa ihonalaista kudosta ja verisuonien seini\u00e4 ja elvytt\u00e4\u00e4 ihosolujen toimintaa. Voide tekee ihosta nuoremman ja kirkkaamman.<\/p>\n<p><strong>Sopii:<\/strong> Tehokas ihonhoito sopii kaikille ihotyypeille (erityisesti couperosaiholle, ik\u00e4\u00e4ntyv\u00e4lle iholle ja hormonitasapainon muutosten yhteydess\u00e4).<\/p>\n<p><strong>M\u00e4\u00e4r\u00e4:<\/strong> 50 ml<\/p>\n<p><strong>                <\/strong><\/p>\n","protected":false},"excerpt":{"rendered":"<p>Hormonitasapainon muutoksista johtuvien ongelmien hoito.<\/p>\n","protected":false},"featured_media":2775,"comment_status":"open","ping_status":"closed","template":"","meta":{"_acf_changed":false,"inline_featured_image":false},"product_cat":[69,67,59],"product_tag":[],"acf":[],"yoast_head":"<!-- This site is optimized with the Yoast SEO plugin v22.0 - https:\/\/yoast.com\/wordpress\/plugins\/seo\/ -->\n<title>Renophase Cr\u00e8me H+ comblement - New Look<\/title>\n<meta name=\"robots\" content=\"index, follow, max-snippet:-1, max-image-preview:large, max-video-preview:-1\" \/>\n<link rel=\"canonical\" href=\"https:\/\/newlook.ee\/fi\/toode\/creme-h-comblement\/\" \/>\n<meta property=\"og:locale\" content=\"fi_FI\" \/>\n<meta property=\"og:type\" content=\"article\" \/>\n<meta property=\"og:title\" content=\"Renophase Cr\u00e8me H+ comblement - New Look\" \/>\n<meta property=\"og:description\" content=\"Hormonitasapainon muutoksista johtuvien ongelmien hoito.\" \/>\n<meta property=\"og:url\" content=\"https:\/\/newlook.ee\/fi\/toode\/creme-h-comblement\/\" \/>\n<meta property=\"og:site_name\" content=\"New Look\" \/>\n<meta property=\"og:image\" content=\"https:\/\/newlook.ee\/wp-content\/uploads\/2016\/03\/Reveal_HCOMBLEMENT_Creme.jpg\" \/>\n\t<meta property=\"og:image:width\" content=\"1200\" \/>\n\t<meta property=\"og:image:height\" content=\"1200\" \/>\n\t<meta property=\"og:image:type\" content=\"image\/jpeg\" \/>\n<meta name=\"twitter:card\" content=\"summary_large_image\" \/>\n<script type=\"application\/ld+json\" class=\"yoast-schema-graph\">{\"@context\":\"https:\/\/schema.org\",\"@graph\":[{\"@type\":\"WebPage\",\"@id\":\"https:\/\/newlook.ee\/fi\/toode\/creme-h-comblement\/\",\"url\":\"https:\/\/newlook.ee\/fi\/toode\/creme-h-comblement\/\",\"name\":\"Renophase Cr\u00e8me H+ comblement - New Look\",\"isPartOf\":{\"@id\":\"https:\/\/newlook.ee\/fi\/#website\"},\"datePublished\":\"2016-03-25T09:09:57+00:00\",\"dateModified\":\"2016-03-25T09:09:57+00:00\",\"breadcrumb\":{\"@id\":\"https:\/\/newlook.ee\/fi\/toode\/creme-h-comblement\/#breadcrumb\"},\"inLanguage\":\"fi\",\"potentialAction\":[{\"@type\":\"ReadAction\",\"target\":[\"https:\/\/newlook.ee\/fi\/toode\/creme-h-comblement\/\"]}]},{\"@type\":\"BreadcrumbList\",\"@id\":\"https:\/\/newlook.ee\/fi\/toode\/creme-h-comblement\/#breadcrumb\",\"itemListElement\":[{\"@type\":\"ListItem\",\"position\":1,\"name\":\"Home\",\"item\":\"https:\/\/newlook.ee\/fi\/\"},{\"@type\":\"ListItem\",\"position\":2,\"name\":\"Verkkokauppa\",\"item\":\"https:\/\/newlook.ee\/fi\/verkkokauppa\/\"},{\"@type\":\"ListItem\",\"position\":3,\"name\":\"Renophase Cr\u00e8me H+ comblement\"}]},{\"@type\":\"WebSite\",\"@id\":\"https:\/\/newlook.ee\/fi\/#website\",\"url\":\"https:\/\/newlook.ee\/fi\/\",\"name\":\"New Look\",\"description\":\"\",\"publisher\":{\"@id\":\"https:\/\/newlook.ee\/fi\/#organization\"},\"potentialAction\":[{\"@type\":\"SearchAction\",\"target\":{\"@type\":\"EntryPoint\",\"urlTemplate\":\"https:\/\/newlook.ee\/fi\/?s={search_term_string}\"},\"query-input\":\"required name=search_term_string\"}],\"inLanguage\":\"fi\"},{\"@type\":\"Organization\",\"@id\":\"https:\/\/newlook.ee\/fi\/#organization\",\"name\":\"New Look\",\"url\":\"https:\/\/newlook.ee\/fi\/\",\"logo\":{\"@type\":\"ImageObject\",\"inLanguage\":\"fi\",\"@id\":\"https:\/\/newlook.ee\/fi\/#\/schema\/logo\/image\/\",\"url\":\"https:\/\/newlook.ee\/wp-content\/uploads\/2023\/04\/cropped-Favicon-1.png\",\"contentUrl\":\"https:\/\/newlook.ee\/wp-content\/uploads\/2023\/04\/cropped-Favicon-1.png\",\"width\":512,\"height\":512,\"caption\":\"New Look\"},\"image\":{\"@id\":\"https:\/\/newlook.ee\/fi\/#\/schema\/logo\/image\/\"}}]}<\/script>\n<!-- \/ Yoast SEO plugin. -->","yoast_head_json":{"title":"Renophase Cr\u00e8me H+ comblement - New Look","robots":{"index":"index","follow":"follow","max-snippet":"max-snippet:-1","max-image-preview":"max-image-preview:large","max-video-preview":"max-video-preview:-1"},"canonical":"https:\/\/newlook.ee\/fi\/toode\/creme-h-comblement\/","og_locale":"fi_FI","og_type":"article","og_title":"Renophase Cr\u00e8me H+ comblement - New Look","og_description":"Hormonitasapainon muutoksista johtuvien ongelmien hoito.","og_url":"https:\/\/newlook.ee\/fi\/toode\/creme-h-comblement\/","og_site_name":"New Look","og_image":[{"width":1200,"height":1200,"url":"https:\/\/newlook.ee\/wp-content\/uploads\/2016\/03\/Reveal_HCOMBLEMENT_Creme.jpg","type":"image\/jpeg"}],"twitter_card":"summary_large_image","schema":{"@context":"https:\/\/schema.org","@graph":[{"@type":"WebPage","@id":"https:\/\/newlook.ee\/fi\/toode\/creme-h-comblement\/","url":"https:\/\/newlook.ee\/fi\/toode\/creme-h-comblement\/","name":"Renophase Cr\u00e8me H+ comblement - New Look","isPartOf":{"@id":"https:\/\/newlook.ee\/fi\/#website"},"datePublished":"2016-03-25T09:09:57+00:00","dateModified":"2016-03-25T09:09:57+00:00","breadcrumb":{"@id":"https:\/\/newlook.ee\/fi\/toode\/creme-h-comblement\/#breadcrumb"},"inLanguage":"fi","potentialAction":[{"@type":"ReadAction","target":["https:\/\/newlook.ee\/fi\/toode\/creme-h-comblement\/"]}]},{"@type":"BreadcrumbList","@id":"https:\/\/newlook.ee\/fi\/toode\/creme-h-comblement\/#breadcrumb","itemListElement":[{"@type":"ListItem","position":1,"name":"Home","item":"https:\/\/newlook.ee\/fi\/"},{"@type":"ListItem","position":2,"name":"Verkkokauppa","item":"https:\/\/newlook.ee\/fi\/verkkokauppa\/"},{"@type":"ListItem","position":3,"name":"Renophase Cr\u00e8me H+ comblement"}]},{"@type":"WebSite","@id":"https:\/\/newlook.ee\/fi\/#website","url":"https:\/\/newlook.ee\/fi\/","name":"New Look","description":"","publisher":{"@id":"https:\/\/newlook.ee\/fi\/#organization"},"potentialAction":[{"@type":"SearchAction","target":{"@type":"EntryPoint","urlTemplate":"https:\/\/newlook.ee\/fi\/?s={search_term_string}"},"query-input":"required name=search_term_string"}],"inLanguage":"fi"},{"@type":"Organization","@id":"https:\/\/newlook.ee\/fi\/#organization","name":"New Look","url":"https:\/\/newlook.ee\/fi\/","logo":{"@type":"ImageObject","inLanguage":"fi","@id":"https:\/\/newlook.ee\/fi\/#\/schema\/logo\/image\/","url":"https:\/\/newlook.ee\/wp-content\/uploads\/2023\/04\/cropped-Favicon-1.png","contentUrl":"https:\/\/newlook.ee\/wp-content\/uploads\/2023\/04\/cropped-Favicon-1.png","width":512,"height":512,"caption":"New Look"},"image":{"@id":"https:\/\/newlook.ee\/fi\/#\/schema\/logo\/image\/"}}]}},"_links":{"self":[{"href":"https:\/\/newlook.ee\/fi\/wp-json\/wp\/v2\/product\/2966"}],"collection":[{"href":"https:\/\/newlook.ee\/fi\/wp-json\/wp\/v2\/product"}],"about":[{"href":"https:\/\/newlook.ee\/fi\/wp-json\/wp\/v2\/types\/product"}],"replies":[{"embeddable":true,"href":"https:\/\/newlook.ee\/fi\/wp-json\/wp\/v2\/comments?post=2966"}],"wp:featuredmedia":[{"embeddable":true,"href":"https:\/\/newlook.ee\/fi\/wp-json\/wp\/v2\/media\/2775"}],"wp:attachment":[{"href":"https:\/\/newlook.ee\/fi\/wp-json\/wp\/v2\/media?parent=2966"}],"wp:term":[{"taxonomy":"product_cat","embeddable":true,"href":"https:\/\/newlook.ee\/fi\/wp-json\/wp\/v2\/product_cat?post=2966"},{"taxonomy":"product_tag","embeddable":true,"href":"https:\/\/newlook.ee\/fi\/wp-json\/wp\/v2\/product_tag?post=2966"}],"curies":[{"name":"wp","href":"https:\/\/api.w.org\/{rel}","templated":true}]}}