{"id":2971,"date":"2020-10-01T15:54:53","date_gmt":"2020-10-01T12:54:53","guid":{"rendered":"https:\/\/newlook.ee\/toode\/renophase-neck-recovery-creme\/"},"modified":"2020-10-01T15:54:53","modified_gmt":"2020-10-01T12:54:53","slug":"neck-recovery-creme","status":"publish","type":"product","link":"https:\/\/newlook.ee\/fi\/toode\/neck-recovery-creme\/","title":{"rendered":"Renophase NECK Recovery Creme"},"content":{"rendered":"<p>Kimmoisuutta palauttava voide kaulan alueelle. Voide sis\u00e4lt\u00e4\u00e4 sinorhizobium meliloti uutetta, joka toimii tarkoituksenmukaisesti epidermiksen ja dermiksen v\u00e4lisell\u00e4 alueella, antaen iholle erinomaisen suojan ymp\u00e4rist\u00f6n vaikutuksilta ja kosteustasapainon. Uuden ihonhoitosuunnitelman osana sis\u00e4ltyy voiteeseen my\u00f6s soluille pitk\u00e4ik\u00e4isyyden antava KLOTHO hormoni ja luonnollinen hell\u00e4varaisesti kuoriva komponentti. Heksapeptidien yhdistelm\u00e4 8 eli kasvipohjainen \u201ebotox\u201c, on biomimeettinen peptidi, joka rentouttaa lihaksia ja ryppyjen syvyys v\u00e4henee sen ansiosta huomattavasti.   <\/p>\n<p>K\u00e4yt\u00e4 p\u00e4ivitt\u00e4in.<\/p>\n","protected":false},"excerpt":{"rendered":"<p style=\"text-align: left;\">Kimmoisuutta palauttava voide kaulan alueelle<\/p>\n","protected":false},"featured_media":2821,"comment_status":"closed","ping_status":"closed","template":"","meta":{"_acf_changed":false,"inline_featured_image":false},"product_cat":[69,68,64],"product_tag":[],"acf":[],"yoast_head":"<!-- This site is optimized with the Yoast SEO plugin v22.0 - https:\/\/yoast.com\/wordpress\/plugins\/seo\/ -->\n<title>Renophase NECK Recovery Creme - New Look<\/title>\n<meta name=\"robots\" content=\"index, follow, max-snippet:-1, max-image-preview:large, max-video-preview:-1\" \/>\n<link rel=\"canonical\" href=\"https:\/\/newlook.ee\/fi\/toode\/neck-recovery-creme\/\" \/>\n<meta property=\"og:locale\" content=\"fi_FI\" \/>\n<meta property=\"og:type\" content=\"article\" \/>\n<meta property=\"og:title\" content=\"Renophase NECK Recovery Creme - New Look\" \/>\n<meta property=\"og:description\" content=\"Kimmoisuutta palauttava voide kaulan alueelle\" \/>\n<meta property=\"og:url\" content=\"https:\/\/newlook.ee\/fi\/toode\/neck-recovery-creme\/\" \/>\n<meta property=\"og:site_name\" content=\"New Look\" \/>\n<meta property=\"og:image\" content=\"https:\/\/newlook.ee\/wp-content\/uploads\/2020\/10\/332C1916-D657-4813-B77E-D04D59488F8A.png\" \/>\n\t<meta property=\"og:image:width\" content=\"8334\" \/>\n\t<meta property=\"og:image:height\" content=\"8334\" \/>\n\t<meta property=\"og:image:type\" content=\"image\/png\" \/>\n<meta name=\"twitter:card\" content=\"summary_large_image\" \/>\n<script type=\"application\/ld+json\" class=\"yoast-schema-graph\">{\"@context\":\"https:\/\/schema.org\",\"@graph\":[{\"@type\":\"WebPage\",\"@id\":\"https:\/\/newlook.ee\/fi\/toode\/neck-recovery-creme\/\",\"url\":\"https:\/\/newlook.ee\/fi\/toode\/neck-recovery-creme\/\",\"name\":\"Renophase NECK Recovery Creme - New Look\",\"isPartOf\":{\"@id\":\"https:\/\/newlook.ee\/fi\/#website\"},\"datePublished\":\"2020-10-01T12:54:53+00:00\",\"dateModified\":\"2020-10-01T12:54:53+00:00\",\"breadcrumb\":{\"@id\":\"https:\/\/newlook.ee\/fi\/toode\/neck-recovery-creme\/#breadcrumb\"},\"inLanguage\":\"fi\",\"potentialAction\":[{\"@type\":\"ReadAction\",\"target\":[\"https:\/\/newlook.ee\/fi\/toode\/neck-recovery-creme\/\"]}]},{\"@type\":\"BreadcrumbList\",\"@id\":\"https:\/\/newlook.ee\/fi\/toode\/neck-recovery-creme\/#breadcrumb\",\"itemListElement\":[{\"@type\":\"ListItem\",\"position\":1,\"name\":\"Home\",\"item\":\"https:\/\/newlook.ee\/fi\/\"},{\"@type\":\"ListItem\",\"position\":2,\"name\":\"Verkkokauppa\",\"item\":\"https:\/\/newlook.ee\/fi\/verkkokauppa\/\"},{\"@type\":\"ListItem\",\"position\":3,\"name\":\"Renophase NECK Recovery Creme\"}]},{\"@type\":\"WebSite\",\"@id\":\"https:\/\/newlook.ee\/fi\/#website\",\"url\":\"https:\/\/newlook.ee\/fi\/\",\"name\":\"New Look\",\"description\":\"\",\"publisher\":{\"@id\":\"https:\/\/newlook.ee\/fi\/#organization\"},\"potentialAction\":[{\"@type\":\"SearchAction\",\"target\":{\"@type\":\"EntryPoint\",\"urlTemplate\":\"https:\/\/newlook.ee\/fi\/?s={search_term_string}\"},\"query-input\":\"required name=search_term_string\"}],\"inLanguage\":\"fi\"},{\"@type\":\"Organization\",\"@id\":\"https:\/\/newlook.ee\/fi\/#organization\",\"name\":\"New Look\",\"url\":\"https:\/\/newlook.ee\/fi\/\",\"logo\":{\"@type\":\"ImageObject\",\"inLanguage\":\"fi\",\"@id\":\"https:\/\/newlook.ee\/fi\/#\/schema\/logo\/image\/\",\"url\":\"https:\/\/newlook.ee\/wp-content\/uploads\/2023\/04\/cropped-Favicon-1.png\",\"contentUrl\":\"https:\/\/newlook.ee\/wp-content\/uploads\/2023\/04\/cropped-Favicon-1.png\",\"width\":512,\"height\":512,\"caption\":\"New Look\"},\"image\":{\"@id\":\"https:\/\/newlook.ee\/fi\/#\/schema\/logo\/image\/\"}}]}<\/script>\n<!-- \/ Yoast SEO plugin. -->","yoast_head_json":{"title":"Renophase NECK Recovery Creme - New Look","robots":{"index":"index","follow":"follow","max-snippet":"max-snippet:-1","max-image-preview":"max-image-preview:large","max-video-preview":"max-video-preview:-1"},"canonical":"https:\/\/newlook.ee\/fi\/toode\/neck-recovery-creme\/","og_locale":"fi_FI","og_type":"article","og_title":"Renophase NECK Recovery Creme - New Look","og_description":"Kimmoisuutta palauttava voide kaulan alueelle","og_url":"https:\/\/newlook.ee\/fi\/toode\/neck-recovery-creme\/","og_site_name":"New Look","og_image":[{"width":8334,"height":8334,"url":"https:\/\/newlook.ee\/wp-content\/uploads\/2020\/10\/332C1916-D657-4813-B77E-D04D59488F8A.png","type":"image\/png"}],"twitter_card":"summary_large_image","schema":{"@context":"https:\/\/schema.org","@graph":[{"@type":"WebPage","@id":"https:\/\/newlook.ee\/fi\/toode\/neck-recovery-creme\/","url":"https:\/\/newlook.ee\/fi\/toode\/neck-recovery-creme\/","name":"Renophase NECK Recovery Creme - New Look","isPartOf":{"@id":"https:\/\/newlook.ee\/fi\/#website"},"datePublished":"2020-10-01T12:54:53+00:00","dateModified":"2020-10-01T12:54:53+00:00","breadcrumb":{"@id":"https:\/\/newlook.ee\/fi\/toode\/neck-recovery-creme\/#breadcrumb"},"inLanguage":"fi","potentialAction":[{"@type":"ReadAction","target":["https:\/\/newlook.ee\/fi\/toode\/neck-recovery-creme\/"]}]},{"@type":"BreadcrumbList","@id":"https:\/\/newlook.ee\/fi\/toode\/neck-recovery-creme\/#breadcrumb","itemListElement":[{"@type":"ListItem","position":1,"name":"Home","item":"https:\/\/newlook.ee\/fi\/"},{"@type":"ListItem","position":2,"name":"Verkkokauppa","item":"https:\/\/newlook.ee\/fi\/verkkokauppa\/"},{"@type":"ListItem","position":3,"name":"Renophase NECK Recovery Creme"}]},{"@type":"WebSite","@id":"https:\/\/newlook.ee\/fi\/#website","url":"https:\/\/newlook.ee\/fi\/","name":"New Look","description":"","publisher":{"@id":"https:\/\/newlook.ee\/fi\/#organization"},"potentialAction":[{"@type":"SearchAction","target":{"@type":"EntryPoint","urlTemplate":"https:\/\/newlook.ee\/fi\/?s={search_term_string}"},"query-input":"required name=search_term_string"}],"inLanguage":"fi"},{"@type":"Organization","@id":"https:\/\/newlook.ee\/fi\/#organization","name":"New Look","url":"https:\/\/newlook.ee\/fi\/","logo":{"@type":"ImageObject","inLanguage":"fi","@id":"https:\/\/newlook.ee\/fi\/#\/schema\/logo\/image\/","url":"https:\/\/newlook.ee\/wp-content\/uploads\/2023\/04\/cropped-Favicon-1.png","contentUrl":"https:\/\/newlook.ee\/wp-content\/uploads\/2023\/04\/cropped-Favicon-1.png","width":512,"height":512,"caption":"New Look"},"image":{"@id":"https:\/\/newlook.ee\/fi\/#\/schema\/logo\/image\/"}}]}},"_links":{"self":[{"href":"https:\/\/newlook.ee\/fi\/wp-json\/wp\/v2\/product\/2971"}],"collection":[{"href":"https:\/\/newlook.ee\/fi\/wp-json\/wp\/v2\/product"}],"about":[{"href":"https:\/\/newlook.ee\/fi\/wp-json\/wp\/v2\/types\/product"}],"replies":[{"embeddable":true,"href":"https:\/\/newlook.ee\/fi\/wp-json\/wp\/v2\/comments?post=2971"}],"wp:featuredmedia":[{"embeddable":true,"href":"https:\/\/newlook.ee\/fi\/wp-json\/wp\/v2\/media\/2821"}],"wp:attachment":[{"href":"https:\/\/newlook.ee\/fi\/wp-json\/wp\/v2\/media?parent=2971"}],"wp:term":[{"taxonomy":"product_cat","embeddable":true,"href":"https:\/\/newlook.ee\/fi\/wp-json\/wp\/v2\/product_cat?post=2971"},{"taxonomy":"product_tag","embeddable":true,"href":"https:\/\/newlook.ee\/fi\/wp-json\/wp\/v2\/product_tag?post=2971"}],"curies":[{"name":"wp","href":"https:\/\/api.w.org\/{rel}","templated":true}]}}