{"id":2972,"date":"2020-10-01T15:58:11","date_gmt":"2020-10-01T12:58:11","guid":{"rendered":"https:\/\/newlook.ee\/toode\/renophase-neck-smoothing-creme\/"},"modified":"2025-12-01T00:07:57","modified_gmt":"2025-11-30T22:07:57","slug":"neck-smoothing-creme","status":"publish","type":"product","link":"https:\/\/newlook.ee\/fi\/toode\/neck-smoothing-creme\/","title":{"rendered":"Renophase NECK Smoothing Creme"},"content":{"rendered":"<p>Regeneroiva ja kaulan alueen platysmaa hoitava kuorintavoide. Voide sis\u00e4lt\u00e4\u00e4 glukonolaktoonia, joka on luonnollinen vett\u00e4 sitova ja hell\u00e4varaisesti kuoriva tehoaine. Edist\u00e4\u00e4 solujen luonnollista uudistumista ja kosteuttaa tehokkaasti ihoa. Hell\u00e4varaisesti vaikuttavan hapon lis\u00e4ksi voiteessa on KLOTHO hormoni eli solujen pitk\u00e4ik\u00e4isyyden proteiini, joka on vahva antioksidantti ja suojaa soluja, vaikuttaa ik\u00e4\u00e4ntymisen prosesseihin ja koko elimist\u00f6n terveyteen. Solujen aineenvaihduntaa tasapainottaa puhdas soija genisteiiniuute eli kasviestrogeeni.    <\/p>\n<p>K\u00e4yt\u00e4 2-3 x iltaisin tai naamiona.<\/p>\n","protected":false},"excerpt":{"rendered":"<p>Regeneroiva kaulan alueen ihonhoito sokeriruokohapolla.<\/p>\n","protected":false},"featured_media":2820,"comment_status":"closed","ping_status":"closed","template":"","meta":{"_acf_changed":false,"inline_featured_image":false},"product_cat":[70,61],"product_tag":[],"acf":[],"yoast_head":"<!-- This site is optimized with the Yoast SEO plugin v22.0 - https:\/\/yoast.com\/wordpress\/plugins\/seo\/ -->\n<title>Renophase NECK Smoothing Creme - New Look<\/title>\n<meta name=\"robots\" content=\"index, follow, max-snippet:-1, max-image-preview:large, max-video-preview:-1\" \/>\n<link rel=\"canonical\" href=\"https:\/\/newlook.ee\/fi\/toode\/neck-smoothing-creme\/\" \/>\n<meta property=\"og:locale\" content=\"fi_FI\" \/>\n<meta property=\"og:type\" content=\"article\" \/>\n<meta property=\"og:title\" content=\"Renophase NECK Smoothing Creme - New Look\" \/>\n<meta property=\"og:description\" content=\"Regeneroiva kaulan alueen ihonhoito sokeriruokohapolla.\" \/>\n<meta property=\"og:url\" content=\"https:\/\/newlook.ee\/fi\/toode\/neck-smoothing-creme\/\" \/>\n<meta property=\"og:site_name\" content=\"New Look\" \/>\n<meta property=\"article:modified_time\" content=\"2025-11-30T22:07:57+00:00\" \/>\n<meta property=\"og:image\" content=\"https:\/\/newlook.ee\/wp-content\/uploads\/2020\/10\/79D115EE-8F1D-4EB2-9784-C86FDADAC4E9.png\" \/>\n\t<meta property=\"og:image:width\" content=\"8334\" \/>\n\t<meta property=\"og:image:height\" content=\"8334\" \/>\n\t<meta property=\"og:image:type\" content=\"image\/png\" \/>\n<meta name=\"twitter:card\" content=\"summary_large_image\" \/>\n<script type=\"application\/ld+json\" class=\"yoast-schema-graph\">{\"@context\":\"https:\/\/schema.org\",\"@graph\":[{\"@type\":\"WebPage\",\"@id\":\"https:\/\/newlook.ee\/fi\/toode\/neck-smoothing-creme\/\",\"url\":\"https:\/\/newlook.ee\/fi\/toode\/neck-smoothing-creme\/\",\"name\":\"Renophase NECK Smoothing Creme - New Look\",\"isPartOf\":{\"@id\":\"https:\/\/newlook.ee\/fi\/#website\"},\"datePublished\":\"2020-10-01T12:58:11+00:00\",\"dateModified\":\"2025-11-30T22:07:57+00:00\",\"breadcrumb\":{\"@id\":\"https:\/\/newlook.ee\/fi\/toode\/neck-smoothing-creme\/#breadcrumb\"},\"inLanguage\":\"fi\",\"potentialAction\":[{\"@type\":\"ReadAction\",\"target\":[\"https:\/\/newlook.ee\/fi\/toode\/neck-smoothing-creme\/\"]}]},{\"@type\":\"BreadcrumbList\",\"@id\":\"https:\/\/newlook.ee\/fi\/toode\/neck-smoothing-creme\/#breadcrumb\",\"itemListElement\":[{\"@type\":\"ListItem\",\"position\":1,\"name\":\"Home\",\"item\":\"https:\/\/newlook.ee\/fi\/\"},{\"@type\":\"ListItem\",\"position\":2,\"name\":\"Verkkokauppa\",\"item\":\"https:\/\/newlook.ee\/fi\/verkkokauppa\/\"},{\"@type\":\"ListItem\",\"position\":3,\"name\":\"Renophase NECK Smoothing Creme\"}]},{\"@type\":\"WebSite\",\"@id\":\"https:\/\/newlook.ee\/fi\/#website\",\"url\":\"https:\/\/newlook.ee\/fi\/\",\"name\":\"New Look\",\"description\":\"\",\"publisher\":{\"@id\":\"https:\/\/newlook.ee\/fi\/#organization\"},\"potentialAction\":[{\"@type\":\"SearchAction\",\"target\":{\"@type\":\"EntryPoint\",\"urlTemplate\":\"https:\/\/newlook.ee\/fi\/?s={search_term_string}\"},\"query-input\":\"required name=search_term_string\"}],\"inLanguage\":\"fi\"},{\"@type\":\"Organization\",\"@id\":\"https:\/\/newlook.ee\/fi\/#organization\",\"name\":\"New Look\",\"url\":\"https:\/\/newlook.ee\/fi\/\",\"logo\":{\"@type\":\"ImageObject\",\"inLanguage\":\"fi\",\"@id\":\"https:\/\/newlook.ee\/fi\/#\/schema\/logo\/image\/\",\"url\":\"https:\/\/newlook.ee\/wp-content\/uploads\/2023\/04\/cropped-Favicon-1.png\",\"contentUrl\":\"https:\/\/newlook.ee\/wp-content\/uploads\/2023\/04\/cropped-Favicon-1.png\",\"width\":512,\"height\":512,\"caption\":\"New Look\"},\"image\":{\"@id\":\"https:\/\/newlook.ee\/fi\/#\/schema\/logo\/image\/\"}}]}<\/script>\n<!-- \/ Yoast SEO plugin. -->","yoast_head_json":{"title":"Renophase NECK Smoothing Creme - New Look","robots":{"index":"index","follow":"follow","max-snippet":"max-snippet:-1","max-image-preview":"max-image-preview:large","max-video-preview":"max-video-preview:-1"},"canonical":"https:\/\/newlook.ee\/fi\/toode\/neck-smoothing-creme\/","og_locale":"fi_FI","og_type":"article","og_title":"Renophase NECK Smoothing Creme - New Look","og_description":"Regeneroiva kaulan alueen ihonhoito sokeriruokohapolla.","og_url":"https:\/\/newlook.ee\/fi\/toode\/neck-smoothing-creme\/","og_site_name":"New Look","article_modified_time":"2025-11-30T22:07:57+00:00","og_image":[{"width":8334,"height":8334,"url":"https:\/\/newlook.ee\/wp-content\/uploads\/2020\/10\/79D115EE-8F1D-4EB2-9784-C86FDADAC4E9.png","type":"image\/png"}],"twitter_card":"summary_large_image","schema":{"@context":"https:\/\/schema.org","@graph":[{"@type":"WebPage","@id":"https:\/\/newlook.ee\/fi\/toode\/neck-smoothing-creme\/","url":"https:\/\/newlook.ee\/fi\/toode\/neck-smoothing-creme\/","name":"Renophase NECK Smoothing Creme - New Look","isPartOf":{"@id":"https:\/\/newlook.ee\/fi\/#website"},"datePublished":"2020-10-01T12:58:11+00:00","dateModified":"2025-11-30T22:07:57+00:00","breadcrumb":{"@id":"https:\/\/newlook.ee\/fi\/toode\/neck-smoothing-creme\/#breadcrumb"},"inLanguage":"fi","potentialAction":[{"@type":"ReadAction","target":["https:\/\/newlook.ee\/fi\/toode\/neck-smoothing-creme\/"]}]},{"@type":"BreadcrumbList","@id":"https:\/\/newlook.ee\/fi\/toode\/neck-smoothing-creme\/#breadcrumb","itemListElement":[{"@type":"ListItem","position":1,"name":"Home","item":"https:\/\/newlook.ee\/fi\/"},{"@type":"ListItem","position":2,"name":"Verkkokauppa","item":"https:\/\/newlook.ee\/fi\/verkkokauppa\/"},{"@type":"ListItem","position":3,"name":"Renophase NECK Smoothing Creme"}]},{"@type":"WebSite","@id":"https:\/\/newlook.ee\/fi\/#website","url":"https:\/\/newlook.ee\/fi\/","name":"New Look","description":"","publisher":{"@id":"https:\/\/newlook.ee\/fi\/#organization"},"potentialAction":[{"@type":"SearchAction","target":{"@type":"EntryPoint","urlTemplate":"https:\/\/newlook.ee\/fi\/?s={search_term_string}"},"query-input":"required name=search_term_string"}],"inLanguage":"fi"},{"@type":"Organization","@id":"https:\/\/newlook.ee\/fi\/#organization","name":"New Look","url":"https:\/\/newlook.ee\/fi\/","logo":{"@type":"ImageObject","inLanguage":"fi","@id":"https:\/\/newlook.ee\/fi\/#\/schema\/logo\/image\/","url":"https:\/\/newlook.ee\/wp-content\/uploads\/2023\/04\/cropped-Favicon-1.png","contentUrl":"https:\/\/newlook.ee\/wp-content\/uploads\/2023\/04\/cropped-Favicon-1.png","width":512,"height":512,"caption":"New Look"},"image":{"@id":"https:\/\/newlook.ee\/fi\/#\/schema\/logo\/image\/"}}]}},"_links":{"self":[{"href":"https:\/\/newlook.ee\/fi\/wp-json\/wp\/v2\/product\/2972"}],"collection":[{"href":"https:\/\/newlook.ee\/fi\/wp-json\/wp\/v2\/product"}],"about":[{"href":"https:\/\/newlook.ee\/fi\/wp-json\/wp\/v2\/types\/product"}],"replies":[{"embeddable":true,"href":"https:\/\/newlook.ee\/fi\/wp-json\/wp\/v2\/comments?post=2972"}],"wp:featuredmedia":[{"embeddable":true,"href":"https:\/\/newlook.ee\/fi\/wp-json\/wp\/v2\/media\/2820"}],"wp:attachment":[{"href":"https:\/\/newlook.ee\/fi\/wp-json\/wp\/v2\/media?parent=2972"}],"wp:term":[{"taxonomy":"product_cat","embeddable":true,"href":"https:\/\/newlook.ee\/fi\/wp-json\/wp\/v2\/product_cat?post=2972"},{"taxonomy":"product_tag","embeddable":true,"href":"https:\/\/newlook.ee\/fi\/wp-json\/wp\/v2\/product_tag?post=2972"}],"curies":[{"name":"wp","href":"https:\/\/api.w.org\/{rel}","templated":true}]}}